{"id":933,"date":"2020-10-29T10:04:51","date_gmt":"2020-10-29T07:04:51","guid":{"rendered":"http:\/\/next.prosperitylife.org\/?page_id=933"},"modified":"2025-02-01T11:38:23","modified_gmt":"2025-02-01T08:38:23","slug":"acquisition","status":"publish","type":"page","link":"https:\/\/old.seven-elephants.com\/tr\/acquisition\/","title":{"rendered":"Gayrimenkul edinimi"},"content":{"rendered":"<h3>\u0130kamet izni ve vatanda\u015fl\u0131k alarak kal\u0131c\u0131 bir ikamet yerine ta\u015f\u0131nmak amac\u0131yla firmam\u0131zdan gayrimenkul sat\u0131n almak istiyorsunuz<\/h3>\n<h3>Veya yat\u0131r\u0131m ama\u00e7l\u0131 (fiyat art\u0131\u015f\u0131, kira, ki\u015fisel tatil, \u00e7ocuklar\u0131n yurtd\u0131\u015f\u0131nda e\u011fitimi) gayrimenkul sat\u0131n almak istiyorsunuz.<\/h3>\n<h4>Kuzey K\u0131br\u0131s&#8217;ta bir m\u00fclk sat\u0131n almak i\u00e7in yeterli paran\u0131z varsa, o zaman her \u015fey \u00e7ok basittir: sat\u0131n alma i\u015flemi tam ve tek seferde yap\u0131l\u0131r ve m\u00fclk\u00fcn %100 sahibi olursunuz ve sat\u0131n alma ve bak\u0131mla ilgili t\u00fcm masraflar\u0131 \u00fcstlenirsiniz. m\u00fclk\u00fcn.<\/h4>\n<h5>Bonus olarak size 5-10 y\u0131l veya taksitli (genellikle 2 y\u0131l) banka d\u0131\u015f\u0131 kredi imkan\u0131 sa\u011flayabiliriz ve baz\u0131 durumlarda baz\u0131 ev aletlerini de alabiliriz.<\/h5>\n\n\t\t\t<!-- START Regular Purchase REVOLUTION SLIDER 6.7.6 --><p class=\"rs-p-wp-fix\"><\/p>\n\t\t\t<rs-module-wrap id=\"rev_slider_18_1_wrapper\" data-source=\"gallery\" style=\"visibility:hidden;background:transparent;padding:0;margin:0px auto;margin-top:0;margin-bottom:0;\">\n\t\t\t\t<rs-module id=\"rev_slider_18_1\" style=\"\" data-version=\"6.7.6\">\n\t\t\t\t\t<rs-slides style=\"overflow: hidden; position: absolute;\">\n\t\t\t\t\t\t<rs-slide style=\"position: absolute;\" data-key=\"rs-335\" data-title=\"Slide\" data-thumb=\"\/\/seven-elephants.com\/wp-content\/uploads\/2020\/10\/regular-purchase-1.jpg\" data-anim=\"ms:1000;r:0;\" data-in=\"o:0;\" data-out=\"a:false;\">\n\t\t\t\t\t\t\t<img decoding=\"async\" src=\"data:image\/gif;base64,R0lGODlhAQABAAAAACH5BAEKAAEALAAAAAABAAEAAAICTAEAOw==\" alt=\"\" title=\"Gayrimenkul edinimi\" class=\"rev-slidebg tp-rs-img rs-lazyload lazyload\" data-lazyload=\"\/\/seven-elephants.com\/wp-content\/uploads\/2020\/10\/regular-purchase-1.jpg\" data-no-retina=\"\" data-src=\"\/\/old.seven-elephants.com\/wp-content\/plugins\/revslider\/sr6\/assets\/assets\/dummy.png\">\n<!---->\t\t\t\t\t<\/rs-slide>\n\t\t\t\t\t\t<rs-slide style=\"position: absolute;\" data-key=\"rs-336\" data-title=\"Slide\" data-thumb=\"\/\/seven-elephants.com\/wp-content\/uploads\/2020\/10\/regular-purchase-2.jpg\" data-anim=\"ms:1000;r:0;\" data-in=\"o:0;\" data-out=\"a:false;\">\n\t\t\t\t\t\t\t<img decoding=\"async\" src=\"data:image\/gif;base64,R0lGODlhAQABAAAAACH5BAEKAAEALAAAAAABAAEAAAICTAEAOw==\" alt=\"\" title=\"Gayrimenkul edinimi\" class=\"rev-slidebg tp-rs-img rs-lazyload lazyload\" data-lazyload=\"\/\/seven-elephants.com\/wp-content\/uploads\/2020\/10\/regular-purchase-2.jpg\" data-no-retina=\"\" data-src=\"\/\/old.seven-elephants.com\/wp-content\/plugins\/revslider\/sr6\/assets\/assets\/dummy.png\">\n<!---->\t\t\t\t\t<\/rs-slide>\n\t\t\t\t\t\t<rs-slide style=\"position: absolute;\" data-key=\"rs-337\" data-title=\"Slide\" data-thumb=\"\/\/seven-elephants.com\/wp-content\/uploads\/2020\/10\/regular-purchase-3.jpg\" data-anim=\"ms:1000;r:0;\" data-in=\"o:0;\" data-out=\"a:false;\">\n\t\t\t\t\t\t\t<img decoding=\"async\" src=\"data:image\/gif;base64,R0lGODlhAQABAAAAACH5BAEKAAEALAAAAAABAAEAAAICTAEAOw==\" alt=\"\" title=\"Gayrimenkul edinimi\" class=\"rev-slidebg tp-rs-img rs-lazyload lazyload\" data-lazyload=\"\/\/seven-elephants.com\/wp-content\/uploads\/2020\/10\/regular-purchase-3.jpg\" data-no-retina=\"\" data-src=\"\/\/old.seven-elephants.com\/wp-content\/plugins\/revslider\/sr6\/assets\/assets\/dummy.png\">\n<!---->\t\t\t\t\t<\/rs-slide>\n\t\t\t\t\t\t<rs-slide style=\"position: absolute;\" data-key=\"rs-338\" data-title=\"Slide\" data-thumb=\"\/\/seven-elephants.com\/wp-content\/uploads\/2020\/10\/regular-purchase-4.jpg\" data-anim=\"ms:1000;r:0;\" data-in=\"o:0;\" data-out=\"a:false;\">\n\t\t\t\t\t\t\t<img decoding=\"async\" src=\"data:image\/gif;base64,R0lGODlhAQABAAAAACH5BAEKAAEALAAAAAABAAEAAAICTAEAOw==\" alt=\"\" title=\"Gayrimenkul edinimi\" class=\"rev-slidebg tp-rs-img rs-lazyload lazyload\" data-lazyload=\"\/\/seven-elephants.com\/wp-content\/uploads\/2020\/10\/regular-purchase-4.jpg\" data-no-retina=\"\" data-src=\"\/\/old.seven-elephants.com\/wp-content\/plugins\/revslider\/sr6\/assets\/assets\/dummy.png\">\n<!---->\t\t\t\t\t<\/rs-slide>\n\t\t\t\t\t\t<rs-slide style=\"position: absolute;\" data-key=\"rs-339\" data-title=\"Slide\" data-thumb=\"\/\/seven-elephants.com\/wp-content\/uploads\/2020\/10\/regular-purchase-5.jpg\" data-anim=\"ms:1000;r:0;\" data-in=\"o:0;\" data-out=\"a:false;\">\n\t\t\t\t\t\t\t<img decoding=\"async\" src=\"data:image\/gif;base64,R0lGODlhAQABAAAAACH5BAEKAAEALAAAAAABAAEAAAICTAEAOw==\" alt=\"\" title=\"Gayrimenkul edinimi\" class=\"rev-slidebg tp-rs-img rs-lazyload lazyload\" data-lazyload=\"\/\/seven-elephants.com\/wp-content\/uploads\/2020\/10\/regular-purchase-5.jpg\" data-no-retina=\"\" data-src=\"\/\/old.seven-elephants.com\/wp-content\/plugins\/revslider\/sr6\/assets\/assets\/dummy.png\">\n<!---->\t\t\t\t\t<\/rs-slide>\n\t\t\t\t\t\t<rs-slide style=\"position: absolute;\" data-key=\"rs-340\" data-title=\"Slide\" data-thumb=\"\/\/seven-elephants.com\/wp-content\/uploads\/2020\/10\/regular-purchase-6.jpg\" data-anim=\"ms:1000;r:0;\" data-in=\"o:0;\" data-out=\"a:false;\">\n\t\t\t\t\t\t\t<img decoding=\"async\" src=\"data:image\/gif;base64,R0lGODlhAQABAAAAACH5BAEKAAEALAAAAAABAAEAAAICTAEAOw==\" alt=\"\" title=\"Gayrimenkul edinimi\" class=\"rev-slidebg tp-rs-img rs-lazyload lazyload\" data-lazyload=\"\/\/seven-elephants.com\/wp-content\/uploads\/2020\/10\/regular-purchase-6.jpg\" data-no-retina=\"\" data-src=\"\/\/old.seven-elephants.com\/wp-content\/plugins\/revslider\/sr6\/assets\/assets\/dummy.png\">\n<!---->\t\t\t\t\t<\/rs-slide>\n\t\t\t\t\t\t<rs-slide style=\"position: absolute;\" data-key=\"rs-341\" data-title=\"Slide\" data-thumb=\"\/\/seven-elephants.com\/wp-content\/uploads\/2020\/10\/regular-purchase-7.jpg\" data-anim=\"ms:1000;r:0;\" data-in=\"o:0;\" data-out=\"a:false;\">\n\t\t\t\t\t\t\t<img decoding=\"async\" src=\"data:image\/gif;base64,R0lGODlhAQABAAAAACH5BAEKAAEALAAAAAABAAEAAAICTAEAOw==\" alt=\"\" title=\"Gayrimenkul edinimi\" class=\"rev-slidebg tp-rs-img rs-lazyload lazyload\" data-lazyload=\"\/\/seven-elephants.com\/wp-content\/uploads\/2020\/10\/regular-purchase-7.jpg\" data-no-retina=\"\" data-src=\"\/\/old.seven-elephants.com\/wp-content\/plugins\/revslider\/sr6\/assets\/assets\/dummy.png\">\n<!---->\t\t\t\t\t<\/rs-slide>\n\t\t\t\t\t\t<rs-slide style=\"position: absolute;\" data-key=\"rs-342\" data-title=\"Slide\" data-thumb=\"\/\/seven-elephants.com\/wp-content\/uploads\/2020\/10\/regular-purchase-8.jpg\" data-anim=\"ms:1000;r:0;\" data-in=\"o:0;\" data-out=\"a:false;\">\n\t\t\t\t\t\t\t<img decoding=\"async\" src=\"data:image\/gif;base64,R0lGODlhAQABAAAAACH5BAEKAAEALAAAAAABAAEAAAICTAEAOw==\" alt=\"\" title=\"Gayrimenkul edinimi\" class=\"rev-slidebg tp-rs-img rs-lazyload lazyload\" data-lazyload=\"\/\/seven-elephants.com\/wp-content\/uploads\/2020\/10\/regular-purchase-8.jpg\" data-no-retina=\"\" data-src=\"\/\/old.seven-elephants.com\/wp-content\/plugins\/revslider\/sr6\/assets\/assets\/dummy.png\">\n<!---->\t\t\t\t\t<\/rs-slide>\n\t\t\t\t\t\t<rs-slide style=\"position: absolute;\" data-key=\"rs-343\" data-title=\"Slide\" data-thumb=\"\/\/seven-elephants.com\/wp-content\/uploads\/2020\/10\/regular-purchase-9.jpg\" data-anim=\"ms:1000;r:0;\" data-in=\"o:0;\" data-out=\"a:false;\">\n\t\t\t\t\t\t\t<img decoding=\"async\" src=\"data:image\/gif;base64,R0lGODlhAQABAAAAACH5BAEKAAEALAAAAAABAAEAAAICTAEAOw==\" alt=\"\" title=\"Gayrimenkul edinimi\" class=\"rev-slidebg tp-rs-img rs-lazyload lazyload\" data-lazyload=\"\/\/seven-elephants.com\/wp-content\/uploads\/2020\/10\/regular-purchase-9.jpg\" data-no-retina=\"\" data-src=\"\/\/old.seven-elephants.com\/wp-content\/plugins\/revslider\/sr6\/assets\/assets\/dummy.png\">\n<!---->\t\t\t\t\t<\/rs-slide>\n\t\t\t\t\t\t<rs-slide style=\"position: absolute;\" data-key=\"rs-344\" data-title=\"Slide\" data-thumb=\"\/\/seven-elephants.com\/wp-content\/uploads\/2020\/10\/regular-purchase-10.jpg\" data-anim=\"ms:1000;r:0;\" data-in=\"o:0;\" data-out=\"a:false;\">\n\t\t\t\t\t\t\t<img decoding=\"async\" src=\"data:image\/gif;base64,R0lGODlhAQABAAAAACH5BAEKAAEALAAAAAABAAEAAAICTAEAOw==\" alt=\"\" title=\"Gayrimenkul edinimi\" class=\"rev-slidebg tp-rs-img rs-lazyload lazyload\" data-lazyload=\"\/\/seven-elephants.com\/wp-content\/uploads\/2020\/10\/regular-purchase-10.jpg\" data-no-retina=\"\" data-src=\"\/\/old.seven-elephants.com\/wp-content\/plugins\/revslider\/sr6\/assets\/assets\/dummy.png\">\n<!---->\t\t\t\t\t<\/rs-slide>\n\t\t\t\t\t\t<rs-slide style=\"position: absolute;\" data-key=\"rs-345\" data-title=\"Slide\" data-thumb=\"\/\/seven-elephants.com\/wp-content\/uploads\/2020\/10\/regular-purchase-11.jpg\" data-anim=\"ms:1000;r:0;\" data-in=\"o:0;\" data-out=\"a:false;\">\n\t\t\t\t\t\t\t<img decoding=\"async\" src=\"data:image\/gif;base64,R0lGODlhAQABAAAAACH5BAEKAAEALAAAAAABAAEAAAICTAEAOw==\" alt=\"\" title=\"Gayrimenkul edinimi\" class=\"rev-slidebg tp-rs-img rs-lazyload lazyload\" data-lazyload=\"\/\/seven-elephants.com\/wp-content\/uploads\/2020\/10\/regular-purchase-11.jpg\" data-no-retina=\"\" data-src=\"\/\/old.seven-elephants.com\/wp-content\/plugins\/revslider\/sr6\/assets\/assets\/dummy.png\">\n<!---->\t\t\t\t\t<\/rs-slide>\n\t\t\t\t\t<\/rs-slides>\n\t\t\t\t<\/rs-module>\n\t\t\t\t<script>\n\t\t\t\t\tsetREVStartSize({c: 'rev_slider_18_1',rl:[1240,1024,778,480],el:[600],gw:[1240],gh:[600],type:'standard',justify:'',layout:'fullwidth',mh:\"0\"});if (window.RS_MODULES!==undefined && window.RS_MODULES.modules!==undefined && window.RS_MODULES.modules[\"revslider181\"]!==undefined) {window.RS_MODULES.modules[\"revslider181\"].once = false;window.revapi18 = undefined;if (window.RS_MODULES.checkMinimal!==undefined) window.RS_MODULES.checkMinimal()}\n\t\t\t\t<\/script>\n\t\t\t<\/rs-module-wrap>\n\t\t\t<!-- END REVOLUTION SLIDER -->\n\n<h4>Bu nas\u0131l \u00e7al\u0131\u015f\u0131r:<\/h4>\n<ul>\n<li>\n\t\t\t\t\t\t1<br \/>\n\t\t\t\t\t\t\t\t\t\t\t\t\t\t\t\t\t\t\t\t\t\t\tBize \u00f6nce mail yoluyla, sonra Skype \u00fczerinden ula\u015fabilirsiniz.<br \/>\n\t\t\t\t\t\t\t\t\t\t\t\tG\u00f6r\u00fc\u015fme s\u0131ras\u0131nda sizin yeteneklerinizi ve ihtiya\u00e7lar\u0131n\u0131z\u0131 \u00f6\u011freniyoruz, tavsiyelerde bulunuyoruz ve ziyaretinizi planl\u0131yoruz.\n\t\t\t\t\t\t\t\t\t\t\t\t\t<\/li>\n<li>\n\t\t\t\t\t\t2<br \/>\n\t\t\t\t\t\t\t\t\t\t\t\t\t\t\t\t\t\t\t\t\t\t\tE\u011fer u\u00e7a\u011f\u0131n\u0131zla gelip g\u00f6rmeyi d\u00fc\u015f\u00fcn\u00fcyorsan\u0131z, muhasebe b\u00f6l\u00fcm\u00fcne 500 avro \u00f6deyip, u\u00e7akla g\u00f6rme turuna kat\u0131labilirsiniz.\n\t\t\t\t\t\t\t\t\t\t\t\t\t<\/li>\n<li>\n\t\t\t\t\t\t3<br \/>\n\t\t\t\t\t\t\t\t\t\t\t\t\t\t\t\t\t\t\t\t\t\t\t\u0130nceledi\u011finiz m\u00fclkler aras\u0131ndan belirli bir m\u00fclk\u00fc se\u00e7ip 5.000 \u00a3 depozito \u00f6d\u00fcyorsunuz.\n\t\t\t\t\t\t\t\t\t\t\t\t\t<\/li>\n<li>\n\t\t\t\t\t\t4<br \/>\n\t\t\t\t\t\t\t\t\t\t\t\t\t\t\t\t\t\t\t\t\t\t\tBir avukat tutun (biz size iyi ve ucuz bir avukat konusunda tavsiyelerde bulunaca\u011f\u0131z).\n\t\t\t\t\t\t\t\t\t\t\t\t\t<\/li>\n<li>\n\t\t\t\t\t\t5<br \/>\n\t\t\t\t\t\t\t\t\t\t\t\t\t\t\t\t\t\t\t\t\t\t\tGeri u\u00e7uyorsun.<br \/>\n\t\t\t\t\t\t\t\t\t\t\t\tVeya vizenizi uzat\u0131r\u0131z, siz K\u0131br\u0131s&#8217;ta kal\u0131rs\u0131n\u0131z ve s\u00f6zle\u015fmeyi kendiniz imzalars\u0131n\u0131z, imza att\u0131\u011f\u0131n\u0131zda da anapara \u00f6denir.\n\t\t\t\t\t\t\t\t\t\t\t\t\t<\/li>\n<li>\n\t\t\t\t\t\t6<br \/>\n\t\t\t\t\t\t\t\t\t\t\t\t\t\t\t\t\t\t\t\t\t\t\tKalan tutar\u0131 avukat\u0131n\u0131za aktar\u0131rs\u0131n\u0131z.\n\t\t\t\t\t\t\t\t\t\t\t\t\t<\/li>\n<li>\n\t\t\t\t\t\t7<br \/>\n\t\t\t\t\t\t\t\t\t\t\t\t\t\t\t\t\t\t\t\t\t\t\tAvukat sizin ad\u0131n\u0131za s\u00f6zle\u015fmeyi imzalar ve paray\u0131 m\u00fcteahhite aktar\u0131r.\n\t\t\t\t\t\t\t\t\t\t\t\t\t<\/li>\n<li>\n\t\t\t\t\t\t8<br \/>\n\t\t\t\t\t\t\t\t\t\t\t\t\t\t\t\t\t\t\t\t\t\t\tAvukat, s\u00f6zle\u015fmeyi tapu dairesine ve vergi dairesine tescil ettirir, ayr\u0131ca \u0130\u00e7i\u015fleri Bakanl\u0131\u011f\u0131&#8217;na tapu tescili i\u00e7in ba\u015fvuruda bulunur.\n\t\t\t\t\t\t\t\t\t\t\t\t\t<\/li>\n<li>\n\t\t\t\t\t\t9<br \/>\n\t\t\t\t\t\t\t\t\t\t\t\t\t\t\t\t\t\t\t\t\t\t\t\u0130mzalaman\u0131z\u0131n ard\u0131ndan hemen dairenize ta\u015f\u0131nabilirsiniz.\n\t\t\t\t\t\t\t\t\t\t\t\t\t<\/li>\n<li>\n\t\t\t\t\t\t10<br \/>\n\t\t\t\t\t\t\t\t\t\t\t\t\t\t\t\t\t\t\t\t\t\t\tTur i\u00e7in harcad\u0131\u011f\u0131n\u0131z 500 euro&#8217;yu size iade ediyoruz.\n\t\t\t\t\t\t\t\t\t\t\t\t\t<\/li>\n<\/ul>\n<h4>Kimler i\u00e7in uygundur:<\/h4>\n<p>\t\t\t\t\t\t\t\t\t\t\t\t\t\t\t<img fetchpriority=\"high\" decoding=\"async\" width=\"512\" height=\"512\" src=\"data:image\/gif;base64,R0lGODlhAQABAAAAACH5BAEKAAEALAAAAAABAAEAAAICTAEAOw==\" alt=\"\" class=\"lazyload\" data-src=\"http:\/\/old.seven-elephants.com\/wp-content\/uploads\/2020\/10\/icon-1.png\"><br \/>\n\t\t\t\t\t\tYat\u0131r\u0131mc\u0131lar i\u00e7in<br \/>\n(fiyat art\u0131\u015f\u0131, kira)<br \/>\n\t\t\t\t\t\t\t\t\t\t\t\t\t\t\t<img decoding=\"async\" width=\"512\" height=\"512\" src=\"data:image\/gif;base64,R0lGODlhAQABAAAAACH5BAEKAAEALAAAAAABAAEAAAICTAEAOw==\" alt=\"\" class=\"lazyload\" data-src=\"http:\/\/old.seven-elephants.com\/wp-content\/uploads\/2020\/10\/icon-2.png\"><br \/>\n\t\t\t\t\t\tY\u0131l\u0131n herhangi bir ay\u0131nda konutun tam m\u00fclkiyetine sahip olmak isteyenler<br \/>\n\t\t\t\t\t\t\t\t\t\t\t\t\t\t\t<img decoding=\"async\" width=\"512\" height=\"512\" src=\"data:image\/gif;base64,R0lGODlhAQABAAAAACH5BAEKAAEALAAAAAABAAEAAAICTAEAOw==\" alt=\"\" class=\"lazyload\" data-src=\"http:\/\/old.seven-elephants.com\/wp-content\/uploads\/2020\/10\/icon-3.png\"><br \/>\n\t\t\t\t\t\tG\u00f6\u00e7menler i\u00e7in\t\t\t\t\t<\/p>\n<h4>Avantajlar\u0131n\u0131z:<\/h4>\n<ul>\n<li>\n\t\t\t\t\t\t1<br \/>\n\t\t\t\t\t\t\t\t\t\t\t\t\t\t\t\t\t\t\t\t\t\t\t\u0130mzalad\u0131\u011f\u0131n\u0131z andan itibaren daire hemen sizin olur ve hemen kullanmaya ba\u015flars\u0131n\u0131z.\n\t\t\t\t\t\t\t\t\t\t\t\t\t<\/li>\n<li>\n\t\t\t\t\t\t2<br \/>\n\t\t\t\t\t\t\t\t\t\t\t\t\t\t\t\t\t\t\t\t\t\t\tHer \u015fey basit ve h\u0131zl\u0131\n\t\t\t\t\t\t\t\t\t\t\t\t\t<\/li>\n<li>\n\t\t\t\t\t\t3<br \/>\n\t\t\t\t\t\t\t\t\t\t\t\t\t\t\t\t\t\t\t\t\t\t\tGerekti\u011finde belge toplaman\u0131za ve bankayla ileti\u015fime ge\u00e7menize gerek kalmadan erteleme veya \u00e7ok d\u00fc\u015f\u00fck faiz oran\u0131yla kredi alabilirsiniz\n\t\t\t\t\t\t\t\t\t\t\t\t\t<\/li>\n<li>\n\t\t\t\t\t\t4<br \/>\n\t\t\t\t\t\t\t\t\t\t\t\t\t\t\t\t\t\t\t\t\t\t\tHemen \u00f6deme yaparak indirim veya hediye talebinde bulunabilirsiniz\n\t\t\t\t\t\t\t\t\t\t\t\t\t<\/li>\n<li>\n\t\t\t\t\t\t5<br \/>\n\t\t\t\t\t\t\t\t\t\t\t\t\t\t\t\t\t\t\t\t\t\t\tG\u00f6r\u00fcnt\u00fcleme turu sizin i\u00e7in tamamen \u00fccretsizdir.\n\t\t\t\t\t\t\t\t\t\t\t\t\t<\/li>\n<\/ul>\n","protected":false},"excerpt":{"rendered":"<p>\u0130kamet izni ve vatanda\u015fl\u0131k alarak kal\u0131c\u0131 bir ikamet yerine ta\u015f\u0131nmak amac\u0131yla firmam\u0131zdan gayrimenkul sat\u0131n almak istiyorsunuz Veya yat\u0131r\u0131m ama\u00e7l\u0131 (fiyat art\u0131\u015f\u0131, kira, ki\u015fisel tatil, \u00e7ocuklar\u0131n yurtd\u0131\u015f\u0131nda e\u011fitimi) gayrimenkul sat\u0131n almak istiyorsunuz. Kuzey K\u0131br\u0131s&#8217;ta bir m\u00fclk sat\u0131n almak i\u00e7in yeterli paran\u0131z varsa, o zaman her \u015fey \u00e7ok basittir: sat\u0131n alma i\u015flemi tam ve tek seferde yap\u0131l\u0131r ve m\u00fclk\u00fcn %100 sahibi olursunuz ve sat\u0131n alma ve &#8230;<\/p>\n","protected":false},"author":1,"featured_media":0,"parent":0,"menu_order":0,"comment_status":"closed","ping_status":"closed","template":"","meta":{"_acf_changed":false,"footnotes":""},"class_list":["post-933","page","type-page","status-publish","hentry"],"translation":{"provider":"WPGlobus","version":"3.0.2","language":"tr","enabled_languages":["en","cz","fr","ru","tr"],"languages":{"en":{"title":true,"content":true,"excerpt":false},"cz":{"title":true,"content":true,"excerpt":false},"fr":{"title":true,"content":true,"excerpt":false},"ru":{"title":true,"content":true,"excerpt":false},"tr":{"title":true,"content":true,"excerpt":false}}},"acf":[],"_links":{"self":[{"href":"https:\/\/old.seven-elephants.com\/tr\/wp-json\/wp\/v2\/pages\/933","targetHints":{"allow":["GET"]}}],"collection":[{"href":"https:\/\/old.seven-elephants.com\/tr\/wp-json\/wp\/v2\/pages"}],"about":[{"href":"https:\/\/old.seven-elephants.com\/tr\/wp-json\/wp\/v2\/types\/page"}],"author":[{"embeddable":true,"href":"https:\/\/old.seven-elephants.com\/tr\/wp-json\/wp\/v2\/users\/1"}],"replies":[{"embeddable":true,"href":"https:\/\/old.seven-elephants.com\/tr\/wp-json\/wp\/v2\/comments?post=933"}],"version-history":[{"count":56,"href":"https:\/\/old.seven-elephants.com\/tr\/wp-json\/wp\/v2\/pages\/933\/revisions"}],"predecessor-version":[{"id":8836,"href":"https:\/\/old.seven-elephants.com\/tr\/wp-json\/wp\/v2\/pages\/933\/revisions\/8836"}],"wp:attachment":[{"href":"https:\/\/old.seven-elephants.com\/tr\/wp-json\/wp\/v2\/media?parent=933"}],"curies":[{"name":"wp","href":"https:\/\/api.w.org\/{rel}","templated":true}]}}