{"id":887,"date":"2020-10-27T10:45:42","date_gmt":"2020-10-27T07:45:42","guid":{"rendered":"http:\/\/next.prosperitylife.org\/?page_id=887"},"modified":"2025-01-29T14:05:44","modified_gmt":"2025-01-29T11:05:44","slug":"services","status":"publish","type":"page","link":"https:\/\/old.seven-elephants.com\/tr\/services\/","title":{"rendered":"Hizmetlerimiz"},"content":{"rendered":"<ul>\n<li>\n\t\t\t\t\t\t\t1 ki\u015filik oturma izni<br \/>\n\t\t\t\t\t\t\t\t\t\t\t\t\t\t\t\t\t\t\t\u00a3400\n\t\t\t\t<\/li>\n<li>\n\t\t\t\t\t\t\t2 veya daha fazla aile \u00fcyesi i\u00e7in oturma izni<br \/>\n\t\t\t\t\t\t\t\t\t\t\t\t\t\t\t\t\t\t\t\u00a3350\n\t\t\t\t<\/li>\n<li>\n\t\t\t\t\t\t\tVekaletnamenin tescili<br \/>\n\t\t\t\t\t\t\t\t\t\t\t\t\t\t\t\t\t\t\t\u00a315\n\t\t\t\t<\/li>\n<li>\n\t\t\t\t\t\t\t\u0130kametgah belgesinin tescili<br \/>\n\t\t\t\t\t\t\t\t\t\t\t\t\t\t\t\t\t\t\t\u00a350\n\t\t\t\t<\/li>\n<li>\n\t\t\t\t\t\t\tBanka hesab\u0131 a\u00e7ma<br \/>\n\t\t\t\t\t\t\t\t\t\t\t\t\t\t\t\t\t\t\t\u00a3100\n\t\t\t\t<\/li>\n<li>\n\t\t\t\t\t\t\t\u0130\u00e7i\u015fleri Bakanl\u0131\u011f\u0131&#8217;n\u0131n \u00e7evrimi\u00e7i sisteminde anketin doldurulmas\u0131<br \/>\n\t\t\t\t\t\t\t\t\t\t\t\t\t\t\t\t\t\t\t\u00a350<\/p>\n<p>\n\t\t\t\t\t\t\tve g\u00f6\u00e7 polisinde randevu i\u00e7in elektronik kay\u0131t\t\t\t\t\t\t<\/p>\n<\/li>\n<li>\n\t\t\t\t\t\t\tOturma izni almak i\u00e7in belgelerin sunulmas\u0131 s\u0131ras\u0131nda g\u00f6\u00e7 polisine e\u015flik edilmesi<br \/>\n\t\t\t\t\t\t\t\t\t\t\t\t\t\t\t\t\t\t\t\u00a350\n\t\t\t\t<\/li>\n<li>\n\t\t\t\t\t\t\tTestler s\u0131ras\u0131nda t\u0131bbi bir tesise refakat edilmesi<br \/>\n\t\t\t\t\t\t\t\t\t\t\t\t\t\t\t\t\t\t\t\u00a350\n\t\t\t\t<\/li>\n<li>\n\t\t\t\t\t\t\tG\u00f6\u00e7 polisine sunulmak \u00fczere ek belgelerin haz\u0131rlanmas\u0131<br \/>\n\t\t\t\t\t\t\t\t\t\t\t\t\t\t\t\t\t\t\t\u043e\u0442 \u00a350<\/p>\n<p>\n\t\t\t\t\t\t\t(ebeveyn izni, evlilik c\u00fczdan\u0131n\u0131n terc\u00fcmesi ve noter tasdiki vb.)\t\t\t\t\t\t<\/p>\n<\/li>\n<li>\n\t\t\t\t\t\t\tTam i\u015flem deste\u011fi<br \/>\n\t\t\t\t\t\t\t\t\t\t\t\t\t\t\t\t\t\t\t\u00a31400<\/p>\n<p>\n\t\t\t\t\t\t\tM\u00fczakerelerde yard\u0131m. S\u00f6zle\u015fme d\u00fczenlenmesi. Vekaleten imza. Fonlar\u0131n al\u0131nmas\u0131 ve geli\u015ftiriciye aktar\u0131lmas\u0131. Tapu ve Kadastro Genel M\u00fcd\u00fcrl\u00fc\u011f\u00fc\u2019nde tescil i\u015flemleri. \u0130\u00e7i\u015fleri Bakanl\u0131\u011f\u0131&#8217;na tapu izni ba\u015fvurusunda bulunulmas\u0131.\t\t\t\t\t\t<\/p>\n<\/li>\n<li>\n\t\t\t\t\t\t\t\u0130\u00e7i\u015fleri Bakanl\u0131\u011f\u0131&#8217;na tescil ve tapu devri izni ba\u015fvurusunun yap\u0131lmas\u0131<br \/>\n\t\t\t\t\t\t\t\t\t\t\t\t\t\t\t\t\t\t\t\u00a3400\n\t\t\t\t<\/li>\n<li>\n\t\t\t\t\t\t\tBa\u015fl\u0131\u011f\u0131n \u00e7evirisi<br \/>\n\t\t\t\t\t\t\t\t\t\t\t\t\t\t\t\t\t\t\t\u00a3500\n\t\t\t\t<\/li>\n<li>\n\t\t\t\t\t\t\tE\u011fitim<br \/>\n\t\t\t\t\t\t\t\t\t\t\t\t\t\t\t\t\t\t\t\u00a3500<\/p>\n<p>\n\t\t\t\t\t\t\tDan\u0131\u015fmanl\u0131k, okul, kolej veya \u00fcniversite se\u00e7imi. E\u011fitim kurumuna refakat ve m\u00fczakerelerde yard\u0131m. Milli E\u011fitim Bakanl\u0131\u011f\u0131\u2019ndan izin al\u0131nmas\u0131.\t\t\t\t\t\t<\/p>\n<\/li>\n<li>\n\t\t\t\t\t\t\tS\u00fcr\u00fcc\u00fc belgesinin de\u011fi\u015ftirilmesi<br \/>\n\t\t\t\t\t\t\t\t\t\t\t\t\t\t\t\t\t\t\t\u00a3200\n\t\t\t\t<\/li>\n<li>\n\t\t\t\t\t\t\tT\u0131p diplomas\u0131n\u0131n onaylanmas\u0131<br \/>\n\t\t\t\t\t\t\t\t\t\t\t\t\t\t\t\t\t\t\t\u00a33000\n\t\t\t\t<\/li>\n<li>\n\t\t\t\t\t\t\tHayvan ta\u015f\u0131mac\u0131l\u0131\u011f\u0131n\u0131n organizasyonu<br \/>\n\t\t\t\t\t\t\t\t\t\t\t\t\t\t\t\t\t\t\t\u00a3200-600<\/p>\n<p>\n\t\t\t\t\t\t\t(karma\u015f\u0131kl\u0131\u011fa ba\u011fl\u0131 olarak)\t\t\t\t\t\t<\/p>\n<\/li>\n<li>\n\t\t\t\t\t\t\tVasiyetname yapmak<br \/>\n\t\t\t\t\t\t\t\t\t\t\t\t\t\t\t\t\t\t\t\u00a3200\n\t\t\t\t<\/li>\n<li>\n\t\t\t\t\t\t\tMiras\u0131n tescili<br \/>\n\t\t\t\t\t\t\t\t\t\t\t\t\t\t\t\t\t\t\t\u00a34000\n\t\t\t\t<\/li>\n<li>\n\t\t\t\t\t\t\tCenaze d\u00fczenlemeleri<br \/>\n\t\t\t\t\t\t\t\t\t\t\t\t\t\t\t\t\t\t\t\u00a31800\n\t\t\t\t<\/li>\n<li>\n\t\t\t\t\t\t\t\u015eirket kayd\u0131<br \/>\n\t\t\t\t\t\t\t\t\t\t\t\t\t\t\t\t\t\t\t\u00a312000<\/p>\n<p>\n\t\t\t\t\t\t\tYetkili sermayeye 100.000 USD tutar\u0131nda katk\u0131 sa\u011flanmas\u0131yla\t\t\t\t\t\t<\/p>\n<\/li>\n<li>\n\t\t\t\t\t\t\tMuhasebe<br \/>\n\t\t\t\t\t\t\t\t\t\t\t\t\t\t\t\t\t\t\t\u00a3200 \/ month<\/p>\n<p>\n\t\t\t\t\t\t\tAyl\u0131k d\u0131\u015f muhasebe deste\u011fi, vergi raporlamas\u0131 ve beyanname sunumu\t\t\t\t\t\t<\/p>\n<\/li>\n<li>\n\t\t\t\t\t\t\tBa\u015fka bir \u00fclkede d\u00fczenlenen vekaletnamenin tasdiki<br \/>\n\t\t\t\t\t\t\t\t\t\t\t\t\t\t\t\t\t\t\t\u00a3100\n\t\t\t\t<\/li>\n<li>\n\t\t\t\t\t\t\t\u0130\u015f dan\u0131\u015fmanl\u0131\u011f\u0131<br \/>\n\t\t\t\t\t\t\t\t\t\t\t\t\t\t\t\t\t\t\t\u00a3100 \/ hour\n\t\t\t\t<\/li>\n<li>\n\t\t\t\t\t\t\tKi\u015fisel dan\u0131\u015fmanl\u0131k<br \/>\n\t\t\t\t\t\t\t\t\t\t\t\t\t\t\t\t\t\t\t\u00a3100 \/ hour<\/p>\n<p>\n\t\t\t\t\t\t\tHerhangi bir sorunuz varsa (vergiler, istihdam, gayrimenkul sat\u0131n alma, oturma izni ve tapu devri) ofisimizde her konuda sizinle g\u00f6r\u00fc\u015fece\u011fiz.\t\t\t\t\t\t<\/p>\n<\/li>\n<\/ul>\n<p>\t\t\t\t\t\tDikkat!<br \/>\n\t\t\t\t\t\tHizmetlerimizin bedeli, belgeleri d\u00fczenleyen makam ve kurulu\u015flarca tahsil edilen \u00fccret, har\u00e7, tarifeler dikkate al\u0131nmaks\u0131z\u0131n burada belirtilmi\u015ftir.<br \/>\n\t\t\t\t\t\tDikkat!<br \/>\n\t\t\t\t\t\tT\u00fcm hizmetler Seven Elephants Yat\u0131r\u0131m ofisinde \u00f6nceden g\u00f6r\u00fc\u015f\u00fcl\u00fcp planlan\u0131r ve \u00f6denir (oturma izni en az 30 g\u00fcn \u00f6nceden al\u0131nmal\u0131d\u0131r).<\/p>\n","protected":false},"excerpt":{"rendered":"<p>1 ki\u015filik oturma izni \u00a3400 2 veya daha fazla aile \u00fcyesi i\u00e7in oturma izni \u00a3350 Vekaletnamenin tescili \u00a315 \u0130kametgah belgesinin tescili \u00a350 Banka hesab\u0131 a\u00e7ma \u00a3100 \u0130\u00e7i\u015fleri Bakanl\u0131\u011f\u0131&#8217;n\u0131n \u00e7evrimi\u00e7i sisteminde anketin doldurulmas\u0131 \u00a350 ve g\u00f6\u00e7 polisinde randevu i\u00e7in elektronik kay\u0131t Oturma izni almak i\u00e7in belgelerin sunulmas\u0131 s\u0131ras\u0131nda g\u00f6\u00e7 polisine e\u015flik edilmesi \u00a350 Testler s\u0131ras\u0131nda t\u0131bbi bir tesise refakat edilmesi \u00a350 G\u00f6\u00e7 polisine sunulmak \u00fczere &#8230;<\/p>\n","protected":false},"author":1,"featured_media":0,"parent":0,"menu_order":0,"comment_status":"closed","ping_status":"closed","template":"","meta":{"_acf_changed":false,"footnotes":""},"class_list":["post-887","page","type-page","status-publish","hentry"],"translation":{"provider":"WPGlobus","version":"3.0.2","language":"tr","enabled_languages":["en","cz","fr","ru","tr"],"languages":{"en":{"title":true,"content":true,"excerpt":false},"cz":{"title":true,"content":true,"excerpt":false},"fr":{"title":true,"content":true,"excerpt":false},"ru":{"title":true,"content":true,"excerpt":false},"tr":{"title":true,"content":true,"excerpt":false}}},"acf":[],"_links":{"self":[{"href":"https:\/\/old.seven-elephants.com\/tr\/wp-json\/wp\/v2\/pages\/887","targetHints":{"allow":["GET"]}}],"collection":[{"href":"https:\/\/old.seven-elephants.com\/tr\/wp-json\/wp\/v2\/pages"}],"about":[{"href":"https:\/\/old.seven-elephants.com\/tr\/wp-json\/wp\/v2\/types\/page"}],"author":[{"embeddable":true,"href":"https:\/\/old.seven-elephants.com\/tr\/wp-json\/wp\/v2\/users\/1"}],"replies":[{"embeddable":true,"href":"https:\/\/old.seven-elephants.com\/tr\/wp-json\/wp\/v2\/comments?post=887"}],"version-history":[{"count":51,"href":"https:\/\/old.seven-elephants.com\/tr\/wp-json\/wp\/v2\/pages\/887\/revisions"}],"predecessor-version":[{"id":10023,"href":"https:\/\/old.seven-elephants.com\/tr\/wp-json\/wp\/v2\/pages\/887\/revisions\/10023"}],"wp:attachment":[{"href":"https:\/\/old.seven-elephants.com\/tr\/wp-json\/wp\/v2\/media?parent=887"}],"curies":[{"name":"wp","href":"https:\/\/api.w.org\/{rel}","templated":true}]}}