{"id":68,"date":"2020-10-07T12:51:12","date_gmt":"2020-10-07T09:51:12","guid":{"rendered":"http:\/\/next.prosperitylife.org\/?page_id=68"},"modified":"2025-05-24T08:19:08","modified_gmt":"2025-05-24T05:19:08","slug":"viewing-tour","status":"publish","type":"page","link":"https:\/\/old.seven-elephants.com\/tr\/tours\/viewing-tour\/","title":{"rendered":"G\u00f6r\u00fcnt\u00fcleme turu"},"content":{"rendered":"<h2>Emlak katalo\u011funu g\u00f6r\u00fcnt\u00fclediniz,<br \/>\nSizin i\u00e7in \u00f6zenle taraf\u0131m\u0131zca topland\u0131,<br \/>\nve birine a\u015f\u0131k oldun mu?<\/h2>\n<h3>\u0130stedi\u011finiz daireyi veya villay\u0131 kendi g\u00f6zlerinizle g\u00f6rmek i\u00e7in bir avukat tutun, depozito b\u0131rak\u0131n, veya hemen bir sat\u0131n alma s\u00f6zle\u015fmesi yapabilirsiniz<br \/>\n<\/h3>\n<h4>Firmam\u0131zdan g\u00f6r\u00fcnt\u00fcleme turu sipari\u015fi verebilirsiniz<\/h4>\n<h4>Bu i\u015f seyahati sayesinde bilgisayar\u0131n\u0131zdaki foto\u011fraflarda<br \/>g\u00f6rd\u00fc\u011f\u00fcn\u00fcz mekan\u0131 ve kompleksi kendi g\u00f6zlerinizle g\u00f6rebileceksiniz.<\/h4>\n\n\t\t\t<!-- START Viewing Tour REVOLUTION SLIDER 6.7.6 --><p class=\"rs-p-wp-fix\"><\/p>\n\t\t\t<rs-module-wrap id=\"rev_slider_34_1_wrapper\" data-source=\"gallery\" style=\"visibility:hidden;background:transparent;padding:0;margin:0px auto;margin-top:0;margin-bottom:0;\">\n\t\t\t\t<rs-module id=\"rev_slider_34_1\" style=\"\" data-version=\"6.7.6\">\n\t\t\t\t\t<rs-slides style=\"overflow: hidden; position: absolute;\">\n\t\t\t\t\t\t<rs-slide style=\"position: absolute;\" data-key=\"rs-758\" data-title=\"Slide\" data-thumb=\"\/\/seven-elephants.com\/wp-content\/uploads\/2020\/10\/11.jpg\" data-anim=\"ms:1000;r:0;\" data-in=\"o:0;\" data-out=\"a:false;\">\n\t\t\t\t\t\t\t<img decoding=\"async\" src=\"data:image\/gif;base64,R0lGODlhAQABAAAAACH5BAEKAAEALAAAAAABAAEAAAICTAEAOw==\" alt=\"\" title=\"G\u00f6r\u00fcnt\u00fcleme turu\" class=\"rev-slidebg tp-rs-img rs-lazyload lazyload\" data-lazyload=\"\/\/seven-elephants.com\/wp-content\/uploads\/2020\/10\/11.jpg\" data-no-retina=\"\" data-src=\"\/\/old.seven-elephants.com\/wp-content\/plugins\/revslider\/sr6\/assets\/assets\/dummy.png\">\n<!---->\t\t\t\t\t<\/rs-slide>\n\t\t\t\t\t\t<rs-slide style=\"position: absolute;\" data-key=\"rs-761\" data-title=\"Slide\" data-thumb=\"\/\/seven-elephants.com\/wp-content\/uploads\/2020\/10\/14.jpg\" data-anim=\"ms:1000;r:0;\" data-in=\"o:0;\" data-out=\"a:false;\">\n\t\t\t\t\t\t\t<img decoding=\"async\" src=\"data:image\/gif;base64,R0lGODlhAQABAAAAACH5BAEKAAEALAAAAAABAAEAAAICTAEAOw==\" alt=\"\" title=\"G\u00f6r\u00fcnt\u00fcleme turu\" class=\"rev-slidebg tp-rs-img rs-lazyload lazyload\" data-lazyload=\"\/\/seven-elephants.com\/wp-content\/uploads\/2020\/10\/14.jpg\" data-no-retina=\"\" data-src=\"\/\/old.seven-elephants.com\/wp-content\/plugins\/revslider\/sr6\/assets\/assets\/dummy.png\">\n<!---->\t\t\t\t\t<\/rs-slide>\n\t\t\t\t\t\t<rs-slide style=\"position: absolute;\" data-key=\"rs-763\" data-title=\"Slide\" data-thumb=\"\/\/seven-elephants.com\/wp-content\/uploads\/2020\/10\/16.jpg\" data-anim=\"ms:1000;r:0;\" data-in=\"o:0;\" data-out=\"a:false;\">\n\t\t\t\t\t\t\t<img decoding=\"async\" src=\"data:image\/gif;base64,R0lGODlhAQABAAAAACH5BAEKAAEALAAAAAABAAEAAAICTAEAOw==\" alt=\"\" title=\"G\u00f6r\u00fcnt\u00fcleme turu\" class=\"rev-slidebg tp-rs-img rs-lazyload lazyload\" data-lazyload=\"\/\/seven-elephants.com\/wp-content\/uploads\/2020\/10\/16.jpg\" data-no-retina=\"\" data-src=\"\/\/old.seven-elephants.com\/wp-content\/plugins\/revslider\/sr6\/assets\/assets\/dummy.png\">\n<!---->\t\t\t\t\t<\/rs-slide>\n\t\t\t\t\t\t<rs-slide style=\"position: absolute;\" data-key=\"rs-770\" data-title=\"Slide\" data-thumb=\"\/\/seven-elephants.com\/wp-content\/uploads\/2020\/10\/santa-terra-penthouse-001.jpg\" data-anim=\"adpr:false;\" data-in=\"o:0;\" data-out=\"a:false;\">\n\t\t\t\t\t\t\t<img fetchpriority=\"high\" decoding=\"async\" src=\"data:image\/gif;base64,R0lGODlhAQABAAAAACH5BAEKAAEALAAAAAABAAEAAAICTAEAOw==\" alt=\"\" title=\"santa-terra-penthouse-001\" width=\"1600\" height=\"990\" class=\"rev-slidebg tp-rs-img rs-lazyload lazyload\" data-lazyload=\"\/\/seven-elephants.com\/wp-content\/uploads\/2020\/10\/santa-terra-penthouse-001.jpg\" data-no-retina=\"\" data-src=\"\/\/old.seven-elephants.com\/wp-content\/plugins\/revslider\/sr6\/assets\/assets\/dummy.png\">\n<!---->\t\t\t\t\t<\/rs-slide>\n\t\t\t\t\t\t<rs-slide style=\"position: absolute;\" data-key=\"rs-767\" data-title=\"Slide\" data-thumb=\"\/\/seven-elephants.com\/wp-content\/uploads\/2020\/10\/22.jpg\" data-anim=\"ms:1000;r:0;\" data-in=\"o:0;\" data-out=\"a:false;\">\n\t\t\t\t\t\t\t<img decoding=\"async\" src=\"data:image\/gif;base64,R0lGODlhAQABAAAAACH5BAEKAAEALAAAAAABAAEAAAICTAEAOw==\" alt=\"\" title=\"G\u00f6r\u00fcnt\u00fcleme turu\" class=\"rev-slidebg tp-rs-img rs-lazyload lazyload\" data-lazyload=\"\/\/seven-elephants.com\/wp-content\/uploads\/2020\/10\/22.jpg\" data-no-retina=\"\" data-src=\"\/\/old.seven-elephants.com\/wp-content\/plugins\/revslider\/sr6\/assets\/assets\/dummy.png\">\n<!---->\t\t\t\t\t<\/rs-slide>\n\t\t\t\t\t\t<rs-slide style=\"position: absolute;\" data-key=\"rs-768\" data-title=\"Slide\" data-thumb=\"\/\/seven-elephants.com\/wp-content\/uploads\/2020\/10\/23.jpg\" data-anim=\"ms:1000;r:0;\" data-in=\"o:0;\" data-out=\"a:false;\">\n\t\t\t\t\t\t\t<img decoding=\"async\" src=\"data:image\/gif;base64,R0lGODlhAQABAAAAACH5BAEKAAEALAAAAAABAAEAAAICTAEAOw==\" alt=\"\" title=\"G\u00f6r\u00fcnt\u00fcleme turu\" class=\"rev-slidebg tp-rs-img rs-lazyload lazyload\" data-lazyload=\"\/\/seven-elephants.com\/wp-content\/uploads\/2020\/10\/23.jpg\" data-no-retina=\"\" data-src=\"\/\/old.seven-elephants.com\/wp-content\/plugins\/revslider\/sr6\/assets\/assets\/dummy.png\">\n<!---->\t\t\t\t\t<\/rs-slide>\n\t\t\t\t\t\t<rs-slide style=\"position: absolute;\" data-key=\"rs-769\" data-title=\"Slide\" data-thumb=\"\/\/seven-elephants.com\/wp-content\/uploads\/2020\/10\/24.jpg\" data-anim=\"ms:1000;r:0;\" data-in=\"o:0;\" data-out=\"a:false;\">\n\t\t\t\t\t\t\t<img decoding=\"async\" src=\"data:image\/gif;base64,R0lGODlhAQABAAAAACH5BAEKAAEALAAAAAABAAEAAAICTAEAOw==\" alt=\"\" title=\"G\u00f6r\u00fcnt\u00fcleme turu\" class=\"rev-slidebg tp-rs-img rs-lazyload lazyload\" data-lazyload=\"\/\/seven-elephants.com\/wp-content\/uploads\/2020\/10\/24.jpg\" data-no-retina=\"\" data-src=\"\/\/old.seven-elephants.com\/wp-content\/plugins\/revslider\/sr6\/assets\/assets\/dummy.png\">\n<!---->\t\t\t\t\t<\/rs-slide>\n\t\t\t\t\t\t<rs-slide style=\"position: absolute;\" data-key=\"rs-771\" data-title=\"Slide\" data-thumb=\"\/\/seven-elephants.com\/wp-content\/uploads\/2020\/10\/santa-terra-penthouse-019.jpg\" data-anim=\"adpr:false;\" data-in=\"o:0;\" data-out=\"a:false;\">\n\t\t\t\t\t\t\t<img decoding=\"async\" src=\"data:image\/gif;base64,R0lGODlhAQABAAAAACH5BAEKAAEALAAAAAABAAEAAAICTAEAOw==\" alt=\"\" title=\"santa-terra-penthouse-019\" width=\"1600\" height=\"990\" class=\"rev-slidebg tp-rs-img rs-lazyload lazyload\" data-lazyload=\"\/\/seven-elephants.com\/wp-content\/uploads\/2020\/10\/santa-terra-penthouse-019.jpg\" data-no-retina=\"\" data-src=\"\/\/old.seven-elephants.com\/wp-content\/plugins\/revslider\/sr6\/assets\/assets\/dummy.png\">\n<!---->\t\t\t\t\t<\/rs-slide>\n\t\t\t\t\t\t<rs-slide style=\"position: absolute;\" data-key=\"rs-772\" data-title=\"Slide\" data-thumb=\"\/\/seven-elephants.com\/wp-content\/uploads\/2020\/10\/santa-terra-penthouse-021.jpg\" data-anim=\"adpr:false;\" data-in=\"o:0;\" data-out=\"a:false;\">\n\t\t\t\t\t\t\t<img decoding=\"async\" src=\"data:image\/gif;base64,R0lGODlhAQABAAAAACH5BAEKAAEALAAAAAABAAEAAAICTAEAOw==\" alt=\"\" title=\"santa-terra-penthouse-021\" width=\"1600\" height=\"990\" class=\"rev-slidebg tp-rs-img rs-lazyload lazyload\" data-lazyload=\"\/\/seven-elephants.com\/wp-content\/uploads\/2020\/10\/santa-terra-penthouse-021.jpg\" data-no-retina=\"\" data-src=\"\/\/old.seven-elephants.com\/wp-content\/plugins\/revslider\/sr6\/assets\/assets\/dummy.png\">\n<!---->\t\t\t\t\t<\/rs-slide>\n\t\t\t\t\t<\/rs-slides>\n\t\t\t\t<\/rs-module>\n\t\t\t\t<script>\n\t\t\t\t\tsetREVStartSize({c: 'rev_slider_34_1',rl:[1240,1024,778,480],el:[600],gw:[1240],gh:[600],type:'standard',justify:'',layout:'fullwidth',mh:\"0\"});if (window.RS_MODULES!==undefined && window.RS_MODULES.modules!==undefined && window.RS_MODULES.modules[\"revslider341\"]!==undefined) {window.RS_MODULES.modules[\"revslider341\"].once = false;window.revapi34 = undefined;if (window.RS_MODULES.checkMinimal!==undefined) window.RS_MODULES.checkMinimal()}\n\t\t\t\t<\/script>\n\t\t\t<\/rs-module-wrap>\n\t\t\t<!-- END REVOLUTION SLIDER -->\n\n<p>Standart bir tan\u0131\u015fma gezisi genellikle 2-3 g\u00fcn s\u00fcrmektedir. Bu s\u00fcre zarf\u0131nda ilginizi \u00e7eken m\u00fclkleri gezebilir, yerel ya\u015famla tan\u0131\u015fabilir, Akdeniz mutfa\u011f\u0131n\u0131 deneyebilir, teninizde \u0131l\u0131k r\u00fczgar\u0131 hissedebilir ve birka\u00e7 turistik yer g\u00f6rebilirsiniz. Her m\u00fc\u015fterimize ayr\u0131 ayr\u0131 yakla\u015f\u0131yoruz ve tur program\u0131n\u0131 sizin i\u00e7in \u00f6zel olarak olu\u015fturuyoruz.<\/p>\n<ul>\n<li>\n\t\t\t\t\t\t\t\t\t\tHavaalan\u0131nda kar\u015f\u0131lama\n\t\t\t\t\t\t\t\t\t<\/li>\n<li>\n\t\t\t\t\t\t\t\t\t\tHavaalan\u0131ndan Girne \u015fehrine transfer\n\t\t\t\t\t\t\t\t\t<\/li>\n<li>\n\t\t\t\t\t\t\t\t\t\tDairelerde konaklama\n\t\t\t\t\t\t\t\t\t<\/li>\n<li>\n\t\t\t\t\t\t\t\t\t\tSe\u00e7ili m\u00fclklerin gezi turunun d\u00fczenlenmesi\n\t\t\t\t\t\t\t\t\t<\/li>\n<li>\n\t\t\t\t\t\t\t\t\t\t\u015eirket ofisindeki g\u00f6r\u00fc\u015fmeler\n\t\t\t\t\t\t\t\t\t<\/li>\n<li>\n\t\t\t\t\t\t\t\t\t\tY\u00f6netmenle anla\u015fman\u0131n \u015fartlar\u0131 hakk\u0131nda g\u00f6r\u00fc\u015fme\n\t\t\t\t\t\t\t\t\t<\/li>\n<li>\n\t\t\t\t\t\t\t\t\t\tBir avukat ve muhasebeciyle g\u00f6r\u00fc\u015fme\n\t\t\t\t\t\t\t\t\t<\/li>\n<li>\n\t\t\t\t\t\t\t\t\t\t\u0130\u015flem i\u00e7in gerekli evraklar\u0131n haz\u0131rlanmas\u0131 ve tam hukuki destek\n\t\t\t\t\t\t\t\t\t<\/li>\n<li>\n\t\t\t\t\t\t\t\t\t\tMa\u011faza ziyaretleri ve mobilya ve ev aletlerinin \u00f6n se\u00e7imi\n\t\t\t\t\t\t\t\t\t<\/li>\n<li>\n\t\t\t\t\t\t\t\t\t\tYerel turistik yerleri g\u00f6sterme\n\t\t\t\t\t\t\t\t\t<\/li>\n<li>\n\t\t\t\t\t\t\t\t\t\tHavaalan\u0131na transfer\n\t\t\t\t\t\t\t\t\t<\/li>\n<\/ul>\n<p>G\u00f6r\u00fcnt\u00fcleme turu sipari\u015fi vermek i\u00e7in talep b\u0131rakman\u0131z gerekmektedir. T\u00fcm sorular\u0131n\u0131z\u0131 cevaplayacak ve seyahatinizi organize etmenize yard\u0131mc\u0131 olacak ki\u015fisel bir y\u00f6netici atanacakt\u0131r. Turun \u00fccreti 840 avrodur. Bu fiyata 3 g\u00fcne kadar konaklama, iki transfer, d\u00f6rt turistik yere ziyaret (Bellapais Manast\u0131r\u0131, St. Hillarion Tap\u0131na\u011f\u0131 ve savunma kompleksi, antik Girne Liman\u0131 ve Bizans Kalesi) dahildir.<\/p>\n<p>Daha uzun s\u00fcre (7 g\u00fcne kadar) konaklamak istemeniz durumunda, her ek konaklama g\u00fcn\u00fc i\u00e7in 50 Euro \u00f6deyebilirsiniz. 7 g\u00fcnden fazla kalman\u0131z durumunda g\u00fcnl\u00fck \u00fccretiniz 35 avro olacakt\u0131r. Ancak l\u00fctfen bunu \u00f6nceden bize bildirin.<\/p>\n<p>Ev sat\u0131n almasan\u0131z bile hi\u00e7bir risk almazs\u0131n\u0131z \u00e7\u00fcnk\u00fc hem kar\u015f\u0131lama, teslimat, konaklama ve turistik yerlere giri\u015f hakk\u0131n\u0131z olur.<\/p>\n<p>Bir ev sat\u0131n almak i\u00e7in pe\u015finat \u00f6dedi\u011finizde veya s\u00f6zle\u015fme imzalad\u0131\u011f\u0131n\u0131zda s\u00fcrprizle kar\u015f\u0131la\u015fabilirsiniz. Size 500 Euro geri \u00f6deme yapaca\u011f\u0131z!<\/p>\n<p>Yani sat\u0131n ald\u0131\u011f\u0131n\u0131z gayrimenkul\u00fcn bedeli olarak 500 Euro&#8217;yu size \u00f6deyece\u011fiz!<\/p>\n<p>\t\t\t\t\t\tG\u00f6r\u00fcnt\u00fcleme turunun s\u00fcresi 2-3 g\u00fcnd\u00fcr.<br \/>\n\t\t\t\t\t\t1-2 ki\u015fi i\u00e7in maliyeti 840\u20ac&#8217;dur. Daha fazla ki\u015fiyle gelmek isterseniz ki\u015fi ba\u015f\u0131 420\u20ac ek \u00fccret \u00f6demeniz gerekiyor.<br \/>\n\t\t\t\t\t\tDikkat!<br \/>\n\t\t\t\t\t\tG\u00f6r\u00fcnt\u00fcleme turu, \u00e7ok say\u0131da toplant\u0131 ve m\u00fczakereyi i\u00e7eren bir i\u015f gezisidir. Bu ba\u011flamda, izleme turuna \u00e7ocuklarla birlikte gelinmesi m\u00fcmk\u00fcn de\u011fildir. E\u011fer amac\u0131n\u0131z \u00e7ocuklar\u0131n\u0131zla tatil yapmaksa <a href=\"\/tr\/tours\/vip-tour\">VIP tur<\/a> hizmetimize g\u00f6z at\u0131n.<\/p>\n","protected":false},"excerpt":{"rendered":"<p>Emlak katalo\u011funu g\u00f6r\u00fcnt\u00fclediniz, Sizin i\u00e7in \u00f6zenle taraf\u0131m\u0131zca topland\u0131, ve birine a\u015f\u0131k oldun mu? \u0130stedi\u011finiz daireyi veya villay\u0131 kendi g\u00f6zlerinizle g\u00f6rmek i\u00e7in bir avukat tutun, depozito b\u0131rak\u0131n, veya hemen bir sat\u0131n alma s\u00f6zle\u015fmesi yapabilirsiniz Firmam\u0131zdan g\u00f6r\u00fcnt\u00fcleme turu sipari\u015fi verebilirsiniz Bu i\u015f seyahati sayesinde bilgisayar\u0131n\u0131zdaki foto\u011fraflardag\u00f6rd\u00fc\u011f\u00fcn\u00fcz mekan\u0131 ve kompleksi kendi g\u00f6zlerinizle g\u00f6rebileceksiniz. Standart bir tan\u0131\u015fma gezisi genellikle 2-3 g\u00fcn s\u00fcrmektedir. Bu s\u00fcre zarf\u0131nda ilginizi \u00e7eken m\u00fclkleri &#8230;<\/p>\n","protected":false},"author":1,"featured_media":0,"parent":66,"menu_order":0,"comment_status":"closed","ping_status":"closed","template":"","meta":{"_acf_changed":false,"footnotes":""},"class_list":["post-68","page","type-page","status-publish","hentry"],"translation":{"provider":"WPGlobus","version":"3.0.2","language":"tr","enabled_languages":["en","cz","fr","ru","tr"],"languages":{"en":{"title":true,"content":true,"excerpt":false},"cz":{"title":true,"content":true,"excerpt":false},"fr":{"title":true,"content":true,"excerpt":false},"ru":{"title":true,"content":true,"excerpt":false},"tr":{"title":true,"content":true,"excerpt":false}}},"acf":[],"_links":{"self":[{"href":"https:\/\/old.seven-elephants.com\/tr\/wp-json\/wp\/v2\/pages\/68","targetHints":{"allow":["GET"]}}],"collection":[{"href":"https:\/\/old.seven-elephants.com\/tr\/wp-json\/wp\/v2\/pages"}],"about":[{"href":"https:\/\/old.seven-elephants.com\/tr\/wp-json\/wp\/v2\/types\/page"}],"author":[{"embeddable":true,"href":"https:\/\/old.seven-elephants.com\/tr\/wp-json\/wp\/v2\/users\/1"}],"replies":[{"embeddable":true,"href":"https:\/\/old.seven-elephants.com\/tr\/wp-json\/wp\/v2\/comments?post=68"}],"version-history":[{"count":54,"href":"https:\/\/old.seven-elephants.com\/tr\/wp-json\/wp\/v2\/pages\/68\/revisions"}],"predecessor-version":[{"id":10024,"href":"https:\/\/old.seven-elephants.com\/tr\/wp-json\/wp\/v2\/pages\/68\/revisions\/10024"}],"up":[{"embeddable":true,"href":"https:\/\/old.seven-elephants.com\/tr\/wp-json\/wp\/v2\/pages\/66"}],"wp:attachment":[{"href":"https:\/\/old.seven-elephants.com\/tr\/wp-json\/wp\/v2\/media?parent=68"}],"curies":[{"name":"wp","href":"https:\/\/api.w.org\/{rel}","templated":true}]}}