{"id":66,"date":"2020-10-07T12:49:43","date_gmt":"2020-10-07T09:49:43","guid":{"rendered":"http:\/\/next.prosperitylife.org\/?page_id=66"},"modified":"2025-01-29T14:28:19","modified_gmt":"2025-01-29T11:28:19","slug":"tours","status":"publish","type":"page","link":"https:\/\/old.seven-elephants.com\/tr\/tours\/","title":{"rendered":"Turlar"},"content":{"rendered":"<h2>G\u00f6r\u00fcnt\u00fcleme turu<\/h2>\n<p>Sizin i\u00e7in \u00f6zenle derledi\u011fimiz gayrimenkul katalo\u011funu incelediniz ve baz\u0131 tercihleriniz olu\u015ftu. Diledi\u011finiz daireyi veya villay\u0131 kendi g\u00f6zlerinizle g\u00f6rmek, avukat tutmak, depozito b\u0131rakmak veya belki de hemen bir sat\u0131n alma s\u00f6zle\u015fmesi imzalamak i\u00e7in firmam\u0131zdan bir g\u00f6r\u00fcnt\u00fcleme turu sipari\u015f edebilirsiniz.<\/p>\n<p>Bu i\u015f seyahati sayesinde, daha \u00f6nce bilgisayar\u0131n\u0131zda foto\u011fraflar\u0131na bakt\u0131\u011f\u0131n\u0131z mekan\u0131 ve kompleksi kendi g\u00f6zlerinizle g\u00f6rebileceksiniz.<\/p>\n<p>\t\t\t\t\t<a href=\"\/tr\/tours\/viewing-tour\/\"><br \/>\n\t\t\t\t\t\t\t\t\tRead more<br \/>\n\t\t\t\t\t<\/a><\/p>\n<h2>VIP tur<\/h2>\n<p>G\u00fczel K\u0131br\u0131s adas\u0131n\u0131 ve muhte\u015fem \u00fclke Kuzey K\u0131br\u0131s&#8217;\u0131 \u00f6\u011frendiniz. Ya\u015fayan tarihe dokunmak, K\u0131br\u0131sl\u0131lar\u0131n ya\u015fam\u0131na dalmak, muhte\u015fem do\u011fa, \u0131l\u0131man iklim ve t\u00fcm bunlar\u0131 \u00f6zel bir \u015fekilde yapmak i\u00e7in firmam\u0131zdan VIP tur sipari\u015fi verin.<\/p>\n<p>Firmam\u0131z size \u00f6zel hizmet sunmaktan onur duyar. Havaalan\u0131nda m\u00fcd\u00fcr\u00fcm\u00fcz taraf\u0131ndan \u015fahsen kar\u015f\u0131lanacaks\u0131n\u0131z. Sizi l\u00fcks bir ara\u00e7la Girne tatil beldesine g\u00f6t\u00fcrece\u011fiz ve sizi k\u00fc\u00e7\u00fck bir odaya de\u011fil, geni\u015f bir terasa, muhte\u015fem manzaraya, yemye\u015fil bir bah\u00e7eye ve iki y\u00fczme havuzuna sahip \u00fc\u00e7 odal\u0131 tam te\u015fekk\u00fcll\u00fc bir \u00e7at\u0131 kat\u0131na yerle\u015ftirece\u011fiz.<\/p>\n<p>\t\t\t\t\t<a href=\"\/tr\/tours\/vip-tour\/\"><br \/>\n\t\t\t\t\t\t\t\t\tRead more<br \/>\n\t\t\t\t\t<\/a><\/p>\n","protected":false},"excerpt":{"rendered":"<p>G\u00f6r\u00fcnt\u00fcleme turu Sizin i\u00e7in \u00f6zenle derledi\u011fimiz gayrimenkul katalo\u011funu incelediniz ve baz\u0131 tercihleriniz olu\u015ftu. Diledi\u011finiz daireyi veya villay\u0131 kendi g\u00f6zlerinizle g\u00f6rmek, avukat tutmak, depozito b\u0131rakmak veya belki de hemen bir sat\u0131n alma s\u00f6zle\u015fmesi imzalamak i\u00e7in firmam\u0131zdan bir g\u00f6r\u00fcnt\u00fcleme turu sipari\u015f edebilirsiniz. Bu i\u015f seyahati sayesinde, daha \u00f6nce bilgisayar\u0131n\u0131zda foto\u011fraflar\u0131na bakt\u0131\u011f\u0131n\u0131z mekan\u0131 ve kompleksi kendi g\u00f6zlerinizle g\u00f6rebileceksiniz. Read more VIP tur G\u00fczel K\u0131br\u0131s adas\u0131n\u0131 ve muhte\u015fem &#8230;<\/p>\n","protected":false},"author":1,"featured_media":0,"parent":0,"menu_order":0,"comment_status":"closed","ping_status":"closed","template":"","meta":{"_acf_changed":false,"footnotes":""},"class_list":["post-66","page","type-page","status-publish","hentry"],"translation":{"provider":"WPGlobus","version":"3.0.2","language":"tr","enabled_languages":["en","cz","fr","ru","tr"],"languages":{"en":{"title":true,"content":true,"excerpt":false},"cz":{"title":true,"content":true,"excerpt":false},"fr":{"title":true,"content":true,"excerpt":false},"ru":{"title":true,"content":true,"excerpt":false},"tr":{"title":true,"content":true,"excerpt":false}}},"acf":[],"_links":{"self":[{"href":"https:\/\/old.seven-elephants.com\/tr\/wp-json\/wp\/v2\/pages\/66","targetHints":{"allow":["GET"]}}],"collection":[{"href":"https:\/\/old.seven-elephants.com\/tr\/wp-json\/wp\/v2\/pages"}],"about":[{"href":"https:\/\/old.seven-elephants.com\/tr\/wp-json\/wp\/v2\/types\/page"}],"author":[{"embeddable":true,"href":"https:\/\/old.seven-elephants.com\/tr\/wp-json\/wp\/v2\/users\/1"}],"replies":[{"embeddable":true,"href":"https:\/\/old.seven-elephants.com\/tr\/wp-json\/wp\/v2\/comments?post=66"}],"version-history":[{"count":35,"href":"https:\/\/old.seven-elephants.com\/tr\/wp-json\/wp\/v2\/pages\/66\/revisions"}],"predecessor-version":[{"id":8610,"href":"https:\/\/old.seven-elephants.com\/tr\/wp-json\/wp\/v2\/pages\/66\/revisions\/8610"}],"wp:attachment":[{"href":"https:\/\/old.seven-elephants.com\/tr\/wp-json\/wp\/v2\/media?parent=66"}],"curies":[{"name":"wp","href":"https:\/\/api.w.org\/{rel}","templated":true}]}}