{"id":446,"date":"2020-10-22T07:53:17","date_gmt":"2020-10-22T04:53:17","guid":{"rendered":"http:\/\/next.prosperitylife.org\/?page_id=446"},"modified":"2025-01-29T14:47:31","modified_gmt":"2025-01-29T11:47:31","slug":"emigration","status":"publish","type":"page","link":"https:\/\/old.seven-elephants.com\/tr\/emigration\/","title":{"rendered":"G\u00f6\u00e7"},"content":{"rendered":"<h4>G\u00f6\u00e7 etmek, e\u015fyalar\u0131n\u0131 toplay\u0131p yeni bir hayata ba\u015flamak kadar basit bir mesele midir?<\/h4>\n<p>Ne yaz\u0131k ki hi\u00e7 kimse do\u011fmak istedi\u011fi yeri se\u00e7emiyor. Ancak neyse ki modern insan ya\u015fayabilece\u011fi yeri se\u00e7ebilme \u015fans\u0131na sahip. \u00d6ncelikle \u015fu an ya\u015fad\u0131\u011f\u0131n\u0131z \u00fclkede ya\u015faman\u0131z\u0131n ger\u00e7ekten bir tesad\u00fcf ve d\u00fc\u015f\u00fcncesizlik sonucu olup olmad\u0131\u011f\u0131n\u0131 anlaman\u0131z gerekiyor. Art\u0131k bu \u00fclkede kalmak istemedi\u011finizden emin misiniz?<\/p>\n<p>Bir ka\u011f\u0131t al\u0131n ve bu ka\u011f\u0131tta ho\u015flanmad\u0131\u011f\u0131n\u0131z \u015feyleri yaz\u0131n. Su\u00e7 oran\u0131? Yolsuzluk? Toplumda genel bir \u00f6fke ve huzursuzluk havas\u0131 m\u0131 var? \u00c7evrenin kabal\u0131\u011f\u0131 ve g\u00f6rg\u00fcs\u00fczl\u00fc\u011f\u00fc m\u00fc? Yar\u0131ndan emin de\u011fil misin? Sert iklim ve s\u0131k\u0131c\u0131 do\u011fa m\u0131? Deniz yok mu? Da\u011flar m\u0131? Yar\u0131m y\u0131l k\u0131\u015f m\u0131? E\u011fitim d\u00fczeyinin d\u00fc\u015f\u00fck olmas\u0131 ve pratikte uygulanmas\u0131n\u0131n zor olmas\u0131 m\u0131? Toplumla devlet aras\u0131nda \u00e7eli\u015fkiler mi var? Ba\u015fka bir \u015fey?<\/p>\n<p>Ya\u015famak istedi\u011finiz \u00fclkenin \u00f6zelliklerini ba\u015fka bir ka\u011f\u0131da yazmay\u0131 deneyin. Her \u015feyi m\u00fcmk\u00fcn oldu\u011funca ayr\u0131nt\u0131l\u0131 bir \u015fekilde hayal edin. Su\u00e7 oran\u0131, g\u00f6\u00e7menlere sadakat, oturma izni alma kolayl\u0131\u011f\u0131, konut maliyeti, Rus diasporas\u0131n\u0131n varl\u0131\u011f\u0131 ve onunla ba\u011flant\u0131lar gibi n\u00fcanslar\u0131 da g\u00f6z \u00f6n\u00fcnde bulundurun. B\u00f6yle bir \u00fclke biliyor musunuz?<\/p>\n<p>Son be\u015f y\u0131ld\u0131r Kuzey K\u0131br\u0131s, \u0130ngiltere ve Rusya gibi \u00fclkelerin sakinleri aras\u0131nda kal\u0131c\u0131 yerle\u015fim i\u00e7in tart\u0131\u015fmas\u0131z en cazip yer konumunda (garip bir \u015fekilde).<\/p>\n<p>Ve e\u011fer \u0130ngilizler yaln\u0131zca &#8220;kendi&#8221;leri aras\u0131nda kendilerini son derece rahat ve g\u00fcvende hissedebileceklerini a\u00e7\u0131k\u00e7a anlarlarsa. Bir geli\u015ftirici se\u00e7erken yap\u0131lan hatalar\u0131n yan\u0131 s\u0131ra, bunun sonucunda y\u00fcksek fiyata d\u00fc\u015f\u00fck kalite, \u00e7o\u011fu zaman \u015fanss\u0131z g\u00f6\u00e7men, sorunlu kom\u015fularla ve g\u00f6\u00e7 s\u0131ras\u0131nda g\u00fcnl\u00fck ya\u015fam\u0131n ileriki a\u015famalar\u0131nda ve g\u00fcnl\u00fck ya\u015fam\u0131n d\u00fczenlenmesinde ortaya \u00e7\u0131kan sorunlarla kar\u015f\u0131 kar\u015f\u0131ya kalacakt\u0131r.<\/p>\n<p>T\u00fcm bunlar zarif ve basit bir \u015fekilde \u00e7\u00f6z\u00fclebilir &#8211; sizinle ayn\u0131 dili konu\u015fan ve benzer bir zihniyete sahip, ancak kar\u015f\u0131l\u0131kl\u0131 sayg\u0131 ilkelerine g\u00f6re hayat\u0131 d\u00fczenleme arzusunda olan daimi ikamet edenler (turistler veya dairelerini kiraya veren yat\u0131r\u0131mc\u0131lar de\u011fil) aras\u0131nda yerle\u015ferek.<\/p>\n","protected":false},"excerpt":{"rendered":"<p>G\u00f6\u00e7 etmek, e\u015fyalar\u0131n\u0131 toplay\u0131p yeni bir hayata ba\u015flamak kadar basit bir mesele midir? Ne yaz\u0131k ki hi\u00e7 kimse do\u011fmak istedi\u011fi yeri se\u00e7emiyor. Ancak neyse ki modern insan ya\u015fayabilece\u011fi yeri se\u00e7ebilme \u015fans\u0131na sahip. \u00d6ncelikle \u015fu an ya\u015fad\u0131\u011f\u0131n\u0131z \u00fclkede ya\u015faman\u0131z\u0131n ger\u00e7ekten bir tesad\u00fcf ve d\u00fc\u015f\u00fcncesizlik sonucu olup olmad\u0131\u011f\u0131n\u0131 anlaman\u0131z gerekiyor. Art\u0131k bu \u00fclkede kalmak istemedi\u011finizden emin misiniz? Bir ka\u011f\u0131t al\u0131n ve bu ka\u011f\u0131tta ho\u015flanmad\u0131\u011f\u0131n\u0131z \u015feyleri yaz\u0131n. &#8230;<\/p>\n","protected":false},"author":1,"featured_media":0,"parent":0,"menu_order":0,"comment_status":"closed","ping_status":"closed","template":"","meta":{"_acf_changed":false,"footnotes":""},"class_list":["post-446","page","type-page","status-publish","hentry"],"translation":{"provider":"WPGlobus","version":"3.0.2","language":"tr","enabled_languages":["en","cz","fr","ru","tr"],"languages":{"en":{"title":true,"content":true,"excerpt":false},"cz":{"title":true,"content":true,"excerpt":false},"fr":{"title":true,"content":true,"excerpt":false},"ru":{"title":true,"content":true,"excerpt":false},"tr":{"title":true,"content":true,"excerpt":false}}},"acf":[],"_links":{"self":[{"href":"https:\/\/old.seven-elephants.com\/tr\/wp-json\/wp\/v2\/pages\/446","targetHints":{"allow":["GET"]}}],"collection":[{"href":"https:\/\/old.seven-elephants.com\/tr\/wp-json\/wp\/v2\/pages"}],"about":[{"href":"https:\/\/old.seven-elephants.com\/tr\/wp-json\/wp\/v2\/types\/page"}],"author":[{"embeddable":true,"href":"https:\/\/old.seven-elephants.com\/tr\/wp-json\/wp\/v2\/users\/1"}],"replies":[{"embeddable":true,"href":"https:\/\/old.seven-elephants.com\/tr\/wp-json\/wp\/v2\/comments?post=446"}],"version-history":[{"count":33,"href":"https:\/\/old.seven-elephants.com\/tr\/wp-json\/wp\/v2\/pages\/446\/revisions"}],"predecessor-version":[{"id":10020,"href":"https:\/\/old.seven-elephants.com\/tr\/wp-json\/wp\/v2\/pages\/446\/revisions\/10020"}],"wp:attachment":[{"href":"https:\/\/old.seven-elephants.com\/tr\/wp-json\/wp\/v2\/media?parent=446"}],"curies":[{"name":"wp","href":"https:\/\/api.w.org\/{rel}","templated":true}]}}