{"id":441,"date":"2020-10-22T07:48:17","date_gmt":"2020-10-22T04:48:17","guid":{"rendered":"http:\/\/next.prosperitylife.org\/?page_id=441"},"modified":"2025-06-03T08:20:23","modified_gmt":"2025-06-03T05:20:23","slug":"about","status":"publish","type":"page","link":"https:\/\/old.seven-elephants.com\/tr\/about\/","title":{"rendered":"Hakk\u0131m\u0131zda"},"content":{"rendered":"<p>2006 y\u0131l\u0131nda &#8220;<strong>S.I.I.B. Professional Group Ltd<\/strong>&#8221; \u015firketler grubu kuruldu. Daha sonra dan\u0131\u015fmanl\u0131k \u015firketi &#8220;<strong>Seven Elephants Investment Ltd<\/strong>&#8221; ve geli\u015ftirici \u015firket &#8220;<strong>Tumar Construction Ltd<\/strong>&#8221; de aralar\u0131na kat\u0131ld\u0131.<\/p>\n<p>Misyonumuz insanlara beklediklerinden fazlas\u0131n\u0131 vermektir. Sizlere her zaman bamba\u015fka alanlarda faydal\u0131 olaca\u011f\u0131z. G\u00f6\u00e7menlerimiz, Kuzey K\u0131br\u0131s&#8217;taki ya\u015fam\u0131n ve i\u015f d\u00fcnyas\u0131n\u0131n t\u00fcm y\u00f6nleri hakk\u0131nda tam ve kapsaml\u0131 bilgi al\u0131yor, her t\u00fcrl\u00fc dan\u0131\u015fmanl\u0131k hizmeti al\u0131yor ve hatta \u00fccretsiz uyum deste\u011fi bile al\u0131yorlar.<\/p>\n<p>Yabanc\u0131 gayrimenkul yat\u0131r\u0131mc\u0131lar\u0131 i\u00e7in, yat\u0131r\u0131m i\u00e7in obje se\u00e7imi, yat\u0131r\u0131mc\u0131lar ad\u0131na in\u015faat organizasyonu, in\u015faat halindeki objelerin sat\u0131n al\u0131nmas\u0131 organizasyonu ve m\u00fc\u015fterilerimizin g\u00fcven y\u00f6netimi gibi \u00f6nemli konularda karar vermelerine yard\u0131mc\u0131 olan bir ticari i\u015fletme kurduk. gayrimenkul.<\/p>\n<p>\u00dcst d\u00fczey y\u00f6neticilerimiz 30 y\u0131ll\u0131k i\u015f deneyimine sahip, dan\u0131\u015fmanlar\u0131m\u0131z ise yarat\u0131c\u0131 d\u00fc\u015f\u00fcn\u00fcrlerdir. Ticari, sosyal ve hay\u0131r i\u015flerinde ba\u015far\u0131l\u0131 olduk. M\u00fc\u015fterilerimizin bizden bekledi\u011finden her zaman daha fazlas\u0131n\u0131 vermeye \u00e7al\u0131\u015f\u0131yoruz.<\/p>\n<p>Kuzey K\u0131br\u0131s&#8217;ta g\u00f6\u00e7 ve gayrimenkul yat\u0131r\u0131m\u0131 konusunda dan\u0131\u015fmanl\u0131k sekt\u00f6r\u00fcnde faaliyet g\u00f6steren ba\u015far\u0131l\u0131 bir \u015firket olan &#8220;<strong>Seven Elephants Investment Ltd<\/strong>&#8220;yi tan\u0131tay\u0131m.<\/p>\n<h3>Son 12 y\u0131lda 1.700&#8217;den fazla gayrimenkul sat\u0131\u015f\u0131 ger\u00e7ekle\u015ftirdik<br \/>\nve bu da \u015firketi Kuzey K\u0131br\u0131s gayrimenkul piyasas\u0131nda lider konuma ta\u015f\u0131d\u0131<\/h3>\n<p>Kuzey K\u0131br\u0131s&#8217;a g\u00f6\u00e7 etmek, paran\u0131z\u0131 biriktirip art\u0131rmak, belki de d\u00fczenli ve ekonomik bir \u015fekilde kendinize tatil yapmak istiyorsan\u0131z, o zaman gayrimenkul gibi \u00f6nemli bir k\u0131sma karar vermelisiniz. <strong>Seven Elephants Investment Ltd<\/strong> g\u00fcvenilir bir ortak, rehber, dan\u0131\u015fman ve dosttur. Sizleri m\u00fc\u015fterimiz olarak g\u00f6rmekten mutluluk duyaca\u011f\u0131z ve Kuzey K\u0131br\u0131s&#8217;ta gayrimenkul sat\u0131n alman\u0131n hayat\u0131n\u0131z\u0131n en g\u00fczel an\u0131 olmas\u0131 i\u00e7in elimizden gelen her \u015feyi yapaca\u011f\u0131z!<\/p>\n<p><strong>Seven Elephants Inv.<\/strong> taraf\u0131ndan &#8220;<a href=\"\/tr\/services\/\">Hizmetlerimiz<\/a>&#8221; b\u00f6l\u00fcm\u00fcnde g\u00f6rebilece\u011finiz geni\u015f bir hizmet yelpazesi sunulmaktad\u0131r.<\/p>\n<p>Sadece pratik fayda sa\u011flamakla kalmay\u0131p, bizimle \u00e7al\u0131\u015fman\u0131n da keyfini \u00e7\u0131karman\u0131z\u0131 umuyoruz!<\/p>\n","protected":false},"excerpt":{"rendered":"<p>2006 y\u0131l\u0131nda &#8220;S.I.I.B. Professional Group Ltd&#8221; \u015firketler grubu kuruldu. Daha sonra dan\u0131\u015fmanl\u0131k \u015firketi &#8220;Seven Elephants Investment Ltd&#8221; ve geli\u015ftirici \u015firket &#8220;Tumar Construction Ltd&#8221; de aralar\u0131na kat\u0131ld\u0131. Misyonumuz insanlara beklediklerinden fazlas\u0131n\u0131 vermektir. Sizlere her zaman bamba\u015fka alanlarda faydal\u0131 olaca\u011f\u0131z. G\u00f6\u00e7menlerimiz, Kuzey K\u0131br\u0131s&#8217;taki ya\u015fam\u0131n ve i\u015f d\u00fcnyas\u0131n\u0131n t\u00fcm y\u00f6nleri hakk\u0131nda tam ve kapsaml\u0131 bilgi al\u0131yor, her t\u00fcrl\u00fc dan\u0131\u015fmanl\u0131k hizmeti al\u0131yor ve hatta \u00fccretsiz uyum deste\u011fi bile &#8230;<\/p>\n","protected":false},"author":1,"featured_media":0,"parent":0,"menu_order":0,"comment_status":"closed","ping_status":"closed","template":"","meta":{"_acf_changed":false,"footnotes":""},"class_list":["post-441","page","type-page","status-publish","hentry"],"translation":{"provider":"WPGlobus","version":"3.0.2","language":"tr","enabled_languages":["en","cz","fr","ru","tr"],"languages":{"en":{"title":true,"content":true,"excerpt":false},"cz":{"title":true,"content":true,"excerpt":false},"fr":{"title":true,"content":true,"excerpt":false},"ru":{"title":true,"content":true,"excerpt":false},"tr":{"title":true,"content":true,"excerpt":false}}},"acf":[],"_links":{"self":[{"href":"https:\/\/old.seven-elephants.com\/tr\/wp-json\/wp\/v2\/pages\/441","targetHints":{"allow":["GET"]}}],"collection":[{"href":"https:\/\/old.seven-elephants.com\/tr\/wp-json\/wp\/v2\/pages"}],"about":[{"href":"https:\/\/old.seven-elephants.com\/tr\/wp-json\/wp\/v2\/types\/page"}],"author":[{"embeddable":true,"href":"https:\/\/old.seven-elephants.com\/tr\/wp-json\/wp\/v2\/users\/1"}],"replies":[{"embeddable":true,"href":"https:\/\/old.seven-elephants.com\/tr\/wp-json\/wp\/v2\/comments?post=441"}],"version-history":[{"count":123,"href":"https:\/\/old.seven-elephants.com\/tr\/wp-json\/wp\/v2\/pages\/441\/revisions"}],"predecessor-version":[{"id":10019,"href":"https:\/\/old.seven-elephants.com\/tr\/wp-json\/wp\/v2\/pages\/441\/revisions\/10019"}],"wp:attachment":[{"href":"https:\/\/old.seven-elephants.com\/tr\/wp-json\/wp\/v2\/media?parent=441"}],"curies":[{"name":"wp","href":"https:\/\/api.w.org\/{rel}","templated":true}]}}