{"id":2,"date":"2020-10-07T08:07:21","date_gmt":"2020-10-07T05:07:21","guid":{"rendered":"http:\/\/next.prosperitylife.org\/?page_id=2"},"modified":"2025-02-01T08:39:23","modified_gmt":"2025-02-01T05:39:23","slug":"homepage","status":"publish","type":"page","link":"https:\/\/old.seven-elephants.com\/tr\/","title":{"rendered":"Ana sayfa"},"content":{"rendered":"<h2>SEVEN ELEPHANTS INVESTMENT<\/h2>\n<h4>Kuzey K\u0131br\u0131s&#8217;\u0131n en iyi dan\u0131\u015fmanl\u0131\u011f\u0131!<\/h4>\n<h2>Web sitemizde sizleri a\u011f\u0131rlamaktan mutluluk duyuyoruz.<\/h2>\n<p>Kuzey K\u0131br\u0131s&#8217;ta ya\u015famak ve yat\u0131r\u0131m yapmak i\u00e7in ideal yeri organize ediyoruz!<\/p>\n<p>Bizimle ileti\u015fime ge\u00e7ti\u011finizde g\u00fcncel ev fiyatlar\u0131 da dahil olmak \u00fczere daire sat\u0131n alma konusunda kapsaml\u0131 bilgiye sahip olacaks\u0131n\u0131z. \u015eirketimiz, gayrimenkul sat\u0131n alma s\u00fcrecinin hukuki inceliklerinden ba\u015flayarak evinizin d\u00fczenlenmesine kadar her a\u015famada size destek olmaya haz\u0131rd\u0131r.<\/p>\n<p>Deneyimli profesyoneller ihtiya\u00e7lar\u0131n\u0131za ve b\u00fct\u00e7enize g\u00f6re en iyi konaklama yerini se\u00e7menize yard\u0131mc\u0131 olacak ve \u00fclke hakk\u0131nda bilmeniz gereken her \u015feyi, ya\u015famla ilgili kurallar\u0131 ve d\u00fczenlemeleri size anlatacak.<\/p>\n<p>Kapsaml\u0131 hizmetler sunuyoruz:<\/p>\n<ul>\n<li>Kuzey K\u0131br\u0131s&#8217;ta gayrimenkul arama ve se\u00e7imi<\/li>\n<li>Hukuki yard\u0131m<\/li>\n<li>G\u00f6\u00e7 ve uyum konusunda yard\u0131m, oturma izni al\u0131nmas\u0131<\/li>\n<li>Emekliler \u0130\u00e7in \u00d6zel Oturma \u0130zni Programlar\u0131.<\/li>\n<\/ul>\n<p>Ba\u011fl\u0131 kurulu\u015flar\u0131m\u0131z her zaman destek sa\u011flayarak size yard\u0131mc\u0131 olacakt\u0131r.<\/p>\n<p>De\u011ferli zaman\u0131n\u0131zdan ve paran\u0131zdan tasarruf etmek i\u00e7in bizimle ileti\u015fime ge\u00e7in. Yedi Fil, metrekare edinimi ile ilgili her t\u00fcrl\u00fc duruma bireysel yakla\u015f\u0131m, sorumlu tutum ve garantili \u00e7\u00f6z\u00fcmd\u00fcr.<\/p>\n<p>Gecikmeyin, hemen bizimle ileti\u015fime ge\u00e7in ve cennet adas\u0131na yolculu\u011funuza ba\u015flay\u0131n! H\u0131zl\u0131 tempolu ve maliyetli zamanlar\u0131m\u0131zda, \u00f6n g\u00f6r\u00fc\u015fmeleri e-posta veya Skype \u00fczerinden yaparak de\u011ferli dakikalar\u0131n\u0131zdan ve saatlerinizden tasarruf etmenize yard\u0131mc\u0131 olmak istiyoruz.<\/p>\n<p>Ba\u015far\u0131lar dileriz!<\/p>\n","protected":false},"excerpt":{"rendered":"<p>SEVEN ELEPHANTS INVESTMENT Kuzey K\u0131br\u0131s&#8217;\u0131n en iyi dan\u0131\u015fmanl\u0131\u011f\u0131! Web sitemizde sizleri a\u011f\u0131rlamaktan mutluluk duyuyoruz. Kuzey K\u0131br\u0131s&#8217;ta ya\u015famak ve yat\u0131r\u0131m yapmak i\u00e7in ideal yeri organize ediyoruz! Bizimle ileti\u015fime ge\u00e7ti\u011finizde g\u00fcncel ev fiyatlar\u0131 da dahil olmak \u00fczere daire sat\u0131n alma konusunda kapsaml\u0131 bilgiye sahip olacaks\u0131n\u0131z. \u015eirketimiz, gayrimenkul sat\u0131n alma s\u00fcrecinin hukuki inceliklerinden ba\u015flayarak evinizin d\u00fczenlenmesine kadar her a\u015famada size destek olmaya haz\u0131rd\u0131r. Deneyimli profesyoneller ihtiya\u00e7lar\u0131n\u0131za ve &#8230;<\/p>\n","protected":false},"author":1,"featured_media":0,"parent":0,"menu_order":0,"comment_status":"closed","ping_status":"open","template":"","meta":{"_acf_changed":false,"footnotes":""},"class_list":["post-2","page","type-page","status-publish","hentry"],"translation":{"provider":"WPGlobus","version":"3.0.2","language":"tr","enabled_languages":["en","cz","fr","ru","tr"],"languages":{"en":{"title":true,"content":true,"excerpt":false},"cz":{"title":true,"content":true,"excerpt":false},"fr":{"title":true,"content":true,"excerpt":false},"ru":{"title":true,"content":true,"excerpt":false},"tr":{"title":true,"content":true,"excerpt":false}}},"acf":[],"_links":{"self":[{"href":"https:\/\/old.seven-elephants.com\/tr\/wp-json\/wp\/v2\/pages\/2","targetHints":{"allow":["GET"]}}],"collection":[{"href":"https:\/\/old.seven-elephants.com\/tr\/wp-json\/wp\/v2\/pages"}],"about":[{"href":"https:\/\/old.seven-elephants.com\/tr\/wp-json\/wp\/v2\/types\/page"}],"author":[{"embeddable":true,"href":"https:\/\/old.seven-elephants.com\/tr\/wp-json\/wp\/v2\/users\/1"}],"replies":[{"embeddable":true,"href":"https:\/\/old.seven-elephants.com\/tr\/wp-json\/wp\/v2\/comments?post=2"}],"version-history":[{"count":77,"href":"https:\/\/old.seven-elephants.com\/tr\/wp-json\/wp\/v2\/pages\/2\/revisions"}],"predecessor-version":[{"id":10018,"href":"https:\/\/old.seven-elephants.com\/tr\/wp-json\/wp\/v2\/pages\/2\/revisions\/10018"}],"wp:attachment":[{"href":"https:\/\/old.seven-elephants.com\/tr\/wp-json\/wp\/v2\/media?parent=2"}],"curies":[{"name":"wp","href":"https:\/\/api.w.org\/{rel}","templated":true}]}}