{"id":184,"date":"2020-10-15T07:41:41","date_gmt":"2020-10-15T04:41:41","guid":{"rendered":"http:\/\/next.prosperitylife.org\/?page_id=184"},"modified":"2025-02-01T11:23:23","modified_gmt":"2025-02-01T08:23:23","slug":"vip-tour","status":"publish","type":"page","link":"https:\/\/old.seven-elephants.com\/tr\/tours\/vip-tour\/","title":{"rendered":"VIP tur"},"content":{"rendered":"<h2>G\u00fczel K\u0131br\u0131s adas\u0131n\u0131 \u00f6\u011frendiniz<br \/>\nve Kuzey K\u0131br\u0131s&#8217;\u0131n muhte\u015fem \u00fclkesi<\/h2>\n<h3>Ya\u015fayan tarihe dokunmak, K\u0131br\u0131sl\u0131lar\u0131n hayat\u0131na dalmak, muhte\u015fem do\u011fa, \u0131l\u0131man iklim ve bunu \u00f6zel bir \u015fekilde yapmak i\u00e7in firmam\u0131zdan VIP tur sipari\u015fi verin<\/h3>\n\n\t\t\t<!-- START VIP tour REVOLUTION SLIDER 6.7.6 --><p class=\"rs-p-wp-fix\"><\/p>\n\t\t\t<rs-module-wrap id=\"rev_slider_10_1_wrapper\" data-source=\"gallery\" style=\"visibility:hidden;background:transparent;padding:0;margin:0px auto;margin-top:0;margin-bottom:0;\">\n\t\t\t\t<rs-module id=\"rev_slider_10_1\" style=\"\" data-version=\"6.7.6\">\n\t\t\t\t\t<rs-slides style=\"overflow: hidden; position: absolute;\">\n\t\t\t\t\t\t<rs-slide style=\"position: absolute;\" data-key=\"rs-223\" data-title=\"Slide\" data-thumb=\"\/\/seven-elephants.com\/wp-content\/uploads\/2020\/10\/01.jpg\" data-anim=\"ms:1000;r:0;\" data-in=\"o:0;\" data-out=\"a:false;\">\n\t\t\t\t\t\t\t<img decoding=\"async\" src=\"data:image\/gif;base64,R0lGODlhAQABAAAAACH5BAEKAAEALAAAAAABAAEAAAICTAEAOw==\" alt=\"\" title=\"VIP tur\" class=\"rev-slidebg tp-rs-img rs-lazyload lazyload\" data-lazyload=\"\/\/seven-elephants.com\/wp-content\/uploads\/2020\/10\/01.jpg\" data-no-retina=\"\" data-src=\"\/\/old.seven-elephants.com\/wp-content\/plugins\/revslider\/sr6\/assets\/assets\/dummy.png\">\n<!---->\t\t\t\t\t<\/rs-slide>\n\t\t\t\t\t\t<rs-slide style=\"position: absolute;\" data-key=\"rs-224\" data-title=\"Slide\" data-thumb=\"\/\/seven-elephants.com\/wp-content\/uploads\/2020\/10\/02.jpg\" data-anim=\"ms:1000;r:0;\" data-in=\"o:0;\" data-out=\"a:false;\">\n\t\t\t\t\t\t\t<img decoding=\"async\" src=\"data:image\/gif;base64,R0lGODlhAQABAAAAACH5BAEKAAEALAAAAAABAAEAAAICTAEAOw==\" alt=\"\" title=\"VIP tur\" class=\"rev-slidebg tp-rs-img rs-lazyload lazyload\" data-lazyload=\"\/\/seven-elephants.com\/wp-content\/uploads\/2020\/10\/02.jpg\" data-no-retina=\"\" data-src=\"\/\/old.seven-elephants.com\/wp-content\/plugins\/revslider\/sr6\/assets\/assets\/dummy.png\">\n<!---->\t\t\t\t\t<\/rs-slide>\n\t\t\t\t\t\t<rs-slide style=\"position: absolute;\" data-key=\"rs-226\" data-title=\"Slide\" data-thumb=\"\/\/seven-elephants.com\/wp-content\/uploads\/2020\/10\/04.jpg\" data-anim=\"ms:1000;r:0;\" data-in=\"o:0;\" data-out=\"a:false;\">\n\t\t\t\t\t\t\t<img decoding=\"async\" src=\"data:image\/gif;base64,R0lGODlhAQABAAAAACH5BAEKAAEALAAAAAABAAEAAAICTAEAOw==\" alt=\"\" title=\"VIP tur\" class=\"rev-slidebg tp-rs-img rs-lazyload lazyload\" data-lazyload=\"\/\/seven-elephants.com\/wp-content\/uploads\/2020\/10\/04.jpg\" data-no-retina=\"\" data-src=\"\/\/old.seven-elephants.com\/wp-content\/plugins\/revslider\/sr6\/assets\/assets\/dummy.png\">\n<!---->\t\t\t\t\t<\/rs-slide>\n\t\t\t\t\t\t<rs-slide style=\"position: absolute;\" data-key=\"rs-227\" data-title=\"Slide\" data-thumb=\"\/\/seven-elephants.com\/wp-content\/uploads\/2020\/10\/05.jpg\" data-anim=\"ms:1000;r:0;\" data-in=\"o:0;\" data-out=\"a:false;\">\n\t\t\t\t\t\t\t<img decoding=\"async\" src=\"data:image\/gif;base64,R0lGODlhAQABAAAAACH5BAEKAAEALAAAAAABAAEAAAICTAEAOw==\" alt=\"\" title=\"VIP tur\" class=\"rev-slidebg tp-rs-img rs-lazyload lazyload\" data-lazyload=\"\/\/seven-elephants.com\/wp-content\/uploads\/2020\/10\/05.jpg\" data-no-retina=\"\" data-src=\"\/\/old.seven-elephants.com\/wp-content\/plugins\/revslider\/sr6\/assets\/assets\/dummy.png\">\n<!---->\t\t\t\t\t<\/rs-slide>\n\t\t\t\t\t\t<rs-slide style=\"position: absolute;\" data-key=\"rs-228\" data-title=\"Slide\" data-thumb=\"\/\/seven-elephants.com\/wp-content\/uploads\/2020\/10\/06.jpg\" data-anim=\"ms:1000;r:0;\" data-in=\"o:0;\" data-out=\"a:false;\">\n\t\t\t\t\t\t\t<img decoding=\"async\" src=\"data:image\/gif;base64,R0lGODlhAQABAAAAACH5BAEKAAEALAAAAAABAAEAAAICTAEAOw==\" alt=\"\" title=\"VIP tur\" class=\"rev-slidebg tp-rs-img rs-lazyload lazyload\" data-lazyload=\"\/\/seven-elephants.com\/wp-content\/uploads\/2020\/10\/06.jpg\" data-no-retina=\"\" data-src=\"\/\/old.seven-elephants.com\/wp-content\/plugins\/revslider\/sr6\/assets\/assets\/dummy.png\">\n<!---->\t\t\t\t\t<\/rs-slide>\n\t\t\t\t\t\t<rs-slide style=\"position: absolute;\" data-key=\"rs-229\" data-title=\"Slide\" data-thumb=\"\/\/seven-elephants.com\/wp-content\/uploads\/2020\/10\/07.jpg\" data-anim=\"ms:1000;r:0;\" data-in=\"o:0;\" data-out=\"a:false;\">\n\t\t\t\t\t\t\t<img decoding=\"async\" src=\"data:image\/gif;base64,R0lGODlhAQABAAAAACH5BAEKAAEALAAAAAABAAEAAAICTAEAOw==\" alt=\"\" title=\"VIP tur\" class=\"rev-slidebg tp-rs-img rs-lazyload lazyload\" data-lazyload=\"\/\/seven-elephants.com\/wp-content\/uploads\/2020\/10\/07.jpg\" data-no-retina=\"\" data-src=\"\/\/old.seven-elephants.com\/wp-content\/plugins\/revslider\/sr6\/assets\/assets\/dummy.png\">\n<!---->\t\t\t\t\t<\/rs-slide>\n\t\t\t\t\t\t<rs-slide style=\"position: absolute;\" data-key=\"rs-230\" data-title=\"Slide\" data-thumb=\"\/\/seven-elephants.com\/wp-content\/uploads\/2020\/10\/08.jpg\" data-anim=\"ms:1000;r:0;\" data-in=\"o:0;\" data-out=\"a:false;\">\n\t\t\t\t\t\t\t<img decoding=\"async\" src=\"data:image\/gif;base64,R0lGODlhAQABAAAAACH5BAEKAAEALAAAAAABAAEAAAICTAEAOw==\" alt=\"\" title=\"VIP tur\" class=\"rev-slidebg tp-rs-img rs-lazyload lazyload\" data-lazyload=\"\/\/seven-elephants.com\/wp-content\/uploads\/2020\/10\/08.jpg\" data-no-retina=\"\" data-src=\"\/\/old.seven-elephants.com\/wp-content\/plugins\/revslider\/sr6\/assets\/assets\/dummy.png\">\n<!---->\t\t\t\t\t<\/rs-slide>\n\t\t\t\t\t\t<rs-slide style=\"position: absolute;\" data-key=\"rs-231\" data-title=\"Slide\" data-thumb=\"\/\/seven-elephants.com\/wp-content\/uploads\/2020\/10\/09.jpg\" data-anim=\"ms:1000;r:0;\" data-in=\"o:0;\" data-out=\"a:false;\">\n\t\t\t\t\t\t\t<img decoding=\"async\" src=\"data:image\/gif;base64,R0lGODlhAQABAAAAACH5BAEKAAEALAAAAAABAAEAAAICTAEAOw==\" alt=\"\" title=\"VIP tur\" class=\"rev-slidebg tp-rs-img rs-lazyload lazyload\" data-lazyload=\"\/\/seven-elephants.com\/wp-content\/uploads\/2020\/10\/09.jpg\" data-no-retina=\"\" data-src=\"\/\/old.seven-elephants.com\/wp-content\/plugins\/revslider\/sr6\/assets\/assets\/dummy.png\">\n<!---->\t\t\t\t\t<\/rs-slide>\n\t\t\t\t\t\t<rs-slide style=\"position: absolute;\" data-key=\"rs-232\" data-title=\"Slide\" data-thumb=\"\/\/seven-elephants.com\/wp-content\/uploads\/2020\/10\/10.jpg\" data-anim=\"ms:1000;r:0;\" data-in=\"o:0;\" data-out=\"a:false;\">\n\t\t\t\t\t\t\t<img decoding=\"async\" src=\"data:image\/gif;base64,R0lGODlhAQABAAAAACH5BAEKAAEALAAAAAABAAEAAAICTAEAOw==\" alt=\"\" title=\"VIP tur\" class=\"rev-slidebg tp-rs-img rs-lazyload lazyload\" data-lazyload=\"\/\/seven-elephants.com\/wp-content\/uploads\/2020\/10\/10.jpg\" data-no-retina=\"\" data-src=\"\/\/old.seven-elephants.com\/wp-content\/plugins\/revslider\/sr6\/assets\/assets\/dummy.png\">\n<!---->\t\t\t\t\t<\/rs-slide>\n\t\t\t\t\t\t<rs-slide style=\"position: absolute;\" data-key=\"rs-233\" data-title=\"Slide\" data-thumb=\"\/\/seven-elephants.com\/wp-content\/uploads\/2020\/10\/11.jpg\" data-anim=\"ms:1000;r:0;\" data-in=\"o:0;\" data-out=\"a:false;\">\n\t\t\t\t\t\t\t<img decoding=\"async\" src=\"data:image\/gif;base64,R0lGODlhAQABAAAAACH5BAEKAAEALAAAAAABAAEAAAICTAEAOw==\" alt=\"\" title=\"VIP tur\" class=\"rev-slidebg tp-rs-img rs-lazyload lazyload\" data-lazyload=\"\/\/seven-elephants.com\/wp-content\/uploads\/2020\/10\/11.jpg\" data-no-retina=\"\" data-src=\"\/\/old.seven-elephants.com\/wp-content\/plugins\/revslider\/sr6\/assets\/assets\/dummy.png\">\n<!---->\t\t\t\t\t<\/rs-slide>\n\t\t\t\t\t\t<rs-slide style=\"position: absolute;\" data-key=\"rs-234\" data-title=\"Slide\" data-thumb=\"\/\/seven-elephants.com\/wp-content\/uploads\/2020\/10\/12.jpg\" data-anim=\"ms:1000;r:0;\" data-in=\"o:0;\" data-out=\"a:false;\">\n\t\t\t\t\t\t\t<img decoding=\"async\" src=\"data:image\/gif;base64,R0lGODlhAQABAAAAACH5BAEKAAEALAAAAAABAAEAAAICTAEAOw==\" alt=\"\" title=\"VIP tur\" class=\"rev-slidebg tp-rs-img rs-lazyload lazyload\" data-lazyload=\"\/\/seven-elephants.com\/wp-content\/uploads\/2020\/10\/12.jpg\" data-no-retina=\"\" data-src=\"\/\/old.seven-elephants.com\/wp-content\/plugins\/revslider\/sr6\/assets\/assets\/dummy.png\">\n<!---->\t\t\t\t\t<\/rs-slide>\n\t\t\t\t\t\t<rs-slide style=\"position: absolute;\" data-key=\"rs-235\" data-title=\"Slide\" data-thumb=\"\/\/seven-elephants.com\/wp-content\/uploads\/2020\/10\/13.jpg\" data-anim=\"ms:1000;r:0;\" data-in=\"o:0;\" data-out=\"a:false;\">\n\t\t\t\t\t\t\t<img decoding=\"async\" src=\"data:image\/gif;base64,R0lGODlhAQABAAAAACH5BAEKAAEALAAAAAABAAEAAAICTAEAOw==\" alt=\"\" title=\"VIP tur\" class=\"rev-slidebg tp-rs-img rs-lazyload lazyload\" data-lazyload=\"\/\/seven-elephants.com\/wp-content\/uploads\/2020\/10\/13.jpg\" data-no-retina=\"\" data-src=\"\/\/old.seven-elephants.com\/wp-content\/plugins\/revslider\/sr6\/assets\/assets\/dummy.png\">\n<!---->\t\t\t\t\t<\/rs-slide>\n\t\t\t\t\t\t<rs-slide style=\"position: absolute;\" data-key=\"rs-236\" data-title=\"Slide\" data-thumb=\"\/\/seven-elephants.com\/wp-content\/uploads\/2020\/10\/14.jpg\" data-anim=\"ms:1000;r:0;\" data-in=\"o:0;\" data-out=\"a:false;\">\n\t\t\t\t\t\t\t<img decoding=\"async\" src=\"data:image\/gif;base64,R0lGODlhAQABAAAAACH5BAEKAAEALAAAAAABAAEAAAICTAEAOw==\" alt=\"\" title=\"VIP tur\" class=\"rev-slidebg tp-rs-img rs-lazyload lazyload\" data-lazyload=\"\/\/seven-elephants.com\/wp-content\/uploads\/2020\/10\/14.jpg\" data-no-retina=\"\" data-src=\"\/\/old.seven-elephants.com\/wp-content\/plugins\/revslider\/sr6\/assets\/assets\/dummy.png\">\n<!---->\t\t\t\t\t<\/rs-slide>\n\t\t\t\t\t\t<rs-slide style=\"position: absolute;\" data-key=\"rs-237\" data-title=\"Slide\" data-thumb=\"\/\/seven-elephants.com\/wp-content\/uploads\/2020\/10\/15.jpg\" data-anim=\"ms:1000;r:0;\" data-in=\"o:0;\" data-out=\"a:false;\">\n\t\t\t\t\t\t\t<img decoding=\"async\" src=\"data:image\/gif;base64,R0lGODlhAQABAAAAACH5BAEKAAEALAAAAAABAAEAAAICTAEAOw==\" alt=\"\" title=\"VIP tur\" class=\"rev-slidebg tp-rs-img rs-lazyload lazyload\" data-lazyload=\"\/\/seven-elephants.com\/wp-content\/uploads\/2020\/10\/15.jpg\" data-no-retina=\"\" data-src=\"\/\/old.seven-elephants.com\/wp-content\/plugins\/revslider\/sr6\/assets\/assets\/dummy.png\">\n<!---->\t\t\t\t\t<\/rs-slide>\n\t\t\t\t\t\t<rs-slide style=\"position: absolute;\" data-key=\"rs-238\" data-title=\"Slide\" data-thumb=\"\/\/seven-elephants.com\/wp-content\/uploads\/2020\/10\/16.jpg\" data-anim=\"ms:1000;r:0;\" data-in=\"o:0;\" data-out=\"a:false;\">\n\t\t\t\t\t\t\t<img decoding=\"async\" src=\"data:image\/gif;base64,R0lGODlhAQABAAAAACH5BAEKAAEALAAAAAABAAEAAAICTAEAOw==\" alt=\"\" title=\"VIP tur\" class=\"rev-slidebg tp-rs-img rs-lazyload lazyload\" data-lazyload=\"\/\/seven-elephants.com\/wp-content\/uploads\/2020\/10\/16.jpg\" data-no-retina=\"\" data-src=\"\/\/old.seven-elephants.com\/wp-content\/plugins\/revslider\/sr6\/assets\/assets\/dummy.png\">\n<!---->\t\t\t\t\t<\/rs-slide>\n\t\t\t\t\t\t<rs-slide style=\"position: absolute;\" data-key=\"rs-240\" data-title=\"Slide\" data-thumb=\"\/\/seven-elephants.com\/wp-content\/uploads\/2020\/10\/18.jpg\" data-anim=\"ms:1000;r:0;\" data-in=\"o:0;\" data-out=\"a:false;\">\n\t\t\t\t\t\t\t<img decoding=\"async\" src=\"data:image\/gif;base64,R0lGODlhAQABAAAAACH5BAEKAAEALAAAAAABAAEAAAICTAEAOw==\" alt=\"\" title=\"VIP tur\" class=\"rev-slidebg tp-rs-img rs-lazyload lazyload\" data-lazyload=\"\/\/seven-elephants.com\/wp-content\/uploads\/2020\/10\/18.jpg\" data-no-retina=\"\" data-src=\"\/\/old.seven-elephants.com\/wp-content\/plugins\/revslider\/sr6\/assets\/assets\/dummy.png\">\n<!---->\t\t\t\t\t<\/rs-slide>\n\t\t\t\t\t\t<rs-slide style=\"position: absolute;\" data-key=\"rs-241\" data-title=\"Slide\" data-thumb=\"\/\/seven-elephants.com\/wp-content\/uploads\/2020\/10\/19.jpg\" data-anim=\"ms:1000;r:0;\" data-in=\"o:0;\" data-out=\"a:false;\">\n\t\t\t\t\t\t\t<img decoding=\"async\" src=\"data:image\/gif;base64,R0lGODlhAQABAAAAACH5BAEKAAEALAAAAAABAAEAAAICTAEAOw==\" alt=\"\" title=\"VIP tur\" class=\"rev-slidebg tp-rs-img rs-lazyload lazyload\" data-lazyload=\"\/\/seven-elephants.com\/wp-content\/uploads\/2020\/10\/19.jpg\" data-no-retina=\"\" data-src=\"\/\/old.seven-elephants.com\/wp-content\/plugins\/revslider\/sr6\/assets\/assets\/dummy.png\">\n<!---->\t\t\t\t\t<\/rs-slide>\n\t\t\t\t\t\t<rs-slide style=\"position: absolute;\" data-key=\"rs-242\" data-title=\"Slide\" data-thumb=\"\/\/seven-elephants.com\/wp-content\/uploads\/2020\/10\/20.jpg\" data-anim=\"ms:1000;r:0;\" data-in=\"o:0;\" data-out=\"a:false;\">\n\t\t\t\t\t\t\t<img decoding=\"async\" src=\"data:image\/gif;base64,R0lGODlhAQABAAAAACH5BAEKAAEALAAAAAABAAEAAAICTAEAOw==\" alt=\"\" title=\"VIP tur\" class=\"rev-slidebg tp-rs-img rs-lazyload lazyload\" data-lazyload=\"\/\/seven-elephants.com\/wp-content\/uploads\/2020\/10\/20.jpg\" data-no-retina=\"\" data-src=\"\/\/old.seven-elephants.com\/wp-content\/plugins\/revslider\/sr6\/assets\/assets\/dummy.png\">\n<!---->\t\t\t\t\t<\/rs-slide>\n\t\t\t\t\t\t<rs-slide style=\"position: absolute;\" data-key=\"rs-746\" data-title=\"Slide\" data-thumb=\"\/\/seven-elephants.com\/wp-content\/uploads\/2020\/10\/santa-terra-penthouse-001.jpg\" data-anim=\"adpr:false;\" data-in=\"o:0;\" data-out=\"a:false;\">\n\t\t\t\t\t\t\t<img fetchpriority=\"high\" decoding=\"async\" src=\"data:image\/gif;base64,R0lGODlhAQABAAAAACH5BAEKAAEALAAAAAABAAEAAAICTAEAOw==\" alt=\"\" title=\"santa-terra-penthouse-001\" width=\"1600\" height=\"990\" class=\"rev-slidebg tp-rs-img rs-lazyload lazyload\" data-lazyload=\"\/\/seven-elephants.com\/wp-content\/uploads\/2020\/10\/santa-terra-penthouse-001.jpg\" data-no-retina=\"\" data-src=\"\/\/old.seven-elephants.com\/wp-content\/plugins\/revslider\/sr6\/assets\/assets\/dummy.png\">\n<!---->\t\t\t\t\t<\/rs-slide>\n\t\t\t\t\t\t<rs-slide style=\"position: absolute;\" data-key=\"rs-244\" data-title=\"Slide\" data-thumb=\"\/\/seven-elephants.com\/wp-content\/uploads\/2020\/10\/22.jpg\" data-anim=\"ms:1000;r:0;\" data-in=\"o:0;\" data-out=\"a:false;\">\n\t\t\t\t\t\t\t<img decoding=\"async\" src=\"data:image\/gif;base64,R0lGODlhAQABAAAAACH5BAEKAAEALAAAAAABAAEAAAICTAEAOw==\" alt=\"\" title=\"VIP tur\" class=\"rev-slidebg tp-rs-img rs-lazyload lazyload\" data-lazyload=\"\/\/seven-elephants.com\/wp-content\/uploads\/2020\/10\/22.jpg\" data-no-retina=\"\" data-src=\"\/\/old.seven-elephants.com\/wp-content\/plugins\/revslider\/sr6\/assets\/assets\/dummy.png\">\n<!---->\t\t\t\t\t<\/rs-slide>\n\t\t\t\t\t\t<rs-slide style=\"position: absolute;\" data-key=\"rs-245\" data-title=\"Slide\" data-thumb=\"\/\/seven-elephants.com\/wp-content\/uploads\/2020\/10\/23.jpg\" data-anim=\"ms:1000;r:0;\" data-in=\"o:0;\" data-out=\"a:false;\">\n\t\t\t\t\t\t\t<img decoding=\"async\" src=\"data:image\/gif;base64,R0lGODlhAQABAAAAACH5BAEKAAEALAAAAAABAAEAAAICTAEAOw==\" alt=\"\" title=\"VIP tur\" class=\"rev-slidebg tp-rs-img rs-lazyload lazyload\" data-lazyload=\"\/\/seven-elephants.com\/wp-content\/uploads\/2020\/10\/23.jpg\" data-no-retina=\"\" data-src=\"\/\/old.seven-elephants.com\/wp-content\/plugins\/revslider\/sr6\/assets\/assets\/dummy.png\">\n<!---->\t\t\t\t\t<\/rs-slide>\n\t\t\t\t\t\t<rs-slide style=\"position: absolute;\" data-key=\"rs-246\" data-title=\"Slide\" data-thumb=\"\/\/seven-elephants.com\/wp-content\/uploads\/2020\/10\/24.jpg\" data-anim=\"ms:1000;r:0;\" data-in=\"o:0;\" data-out=\"a:false;\">\n\t\t\t\t\t\t\t<img decoding=\"async\" src=\"data:image\/gif;base64,R0lGODlhAQABAAAAACH5BAEKAAEALAAAAAABAAEAAAICTAEAOw==\" alt=\"\" title=\"VIP tur\" class=\"rev-slidebg tp-rs-img rs-lazyload lazyload\" data-lazyload=\"\/\/seven-elephants.com\/wp-content\/uploads\/2020\/10\/24.jpg\" data-no-retina=\"\" data-src=\"\/\/old.seven-elephants.com\/wp-content\/plugins\/revslider\/sr6\/assets\/assets\/dummy.png\">\n<!---->\t\t\t\t\t<\/rs-slide>\n\t\t\t\t\t\t<rs-slide style=\"position: absolute;\" data-key=\"rs-747\" data-title=\"Slide\" data-thumb=\"\/\/seven-elephants.com\/wp-content\/uploads\/2020\/10\/santa-terra-penthouse-019.jpg\" data-anim=\"adpr:false;\" data-in=\"o:0;\" data-out=\"a:false;\">\n\t\t\t\t\t\t\t<img decoding=\"async\" src=\"data:image\/gif;base64,R0lGODlhAQABAAAAACH5BAEKAAEALAAAAAABAAEAAAICTAEAOw==\" alt=\"\" title=\"santa-terra-penthouse-019\" width=\"1600\" height=\"990\" class=\"rev-slidebg tp-rs-img rs-lazyload lazyload\" data-lazyload=\"\/\/seven-elephants.com\/wp-content\/uploads\/2020\/10\/santa-terra-penthouse-019.jpg\" data-no-retina=\"\" data-src=\"\/\/old.seven-elephants.com\/wp-content\/plugins\/revslider\/sr6\/assets\/assets\/dummy.png\">\n<!---->\t\t\t\t\t<\/rs-slide>\n\t\t\t\t\t\t<rs-slide style=\"position: absolute;\" data-key=\"rs-748\" data-title=\"Slide\" data-thumb=\"\/\/seven-elephants.com\/wp-content\/uploads\/2020\/10\/santa-terra-penthouse-021.jpg\" data-anim=\"adpr:false;\" data-in=\"o:0;\" data-out=\"a:false;\">\n\t\t\t\t\t\t\t<img decoding=\"async\" src=\"data:image\/gif;base64,R0lGODlhAQABAAAAACH5BAEKAAEALAAAAAABAAEAAAICTAEAOw==\" alt=\"\" title=\"santa-terra-penthouse-021\" width=\"1600\" height=\"990\" class=\"rev-slidebg tp-rs-img rs-lazyload lazyload\" data-lazyload=\"\/\/seven-elephants.com\/wp-content\/uploads\/2020\/10\/santa-terra-penthouse-021.jpg\" data-no-retina=\"\" data-src=\"\/\/old.seven-elephants.com\/wp-content\/plugins\/revslider\/sr6\/assets\/assets\/dummy.png\">\n<!---->\t\t\t\t\t<\/rs-slide>\n\t\t\t\t\t<\/rs-slides>\n\t\t\t\t<\/rs-module>\n\t\t\t\t<script>\n\t\t\t\t\tsetREVStartSize({c: 'rev_slider_10_1',rl:[1240,1024,778,480],el:[600],gw:[1240],gh:[600],type:'standard',justify:'',layout:'fullwidth',mh:\"0\"});if (window.RS_MODULES!==undefined && window.RS_MODULES.modules!==undefined && window.RS_MODULES.modules[\"revslider101\"]!==undefined) {window.RS_MODULES.modules[\"revslider101\"].once = false;window.revapi10 = undefined;if (window.RS_MODULES.checkMinimal!==undefined) window.RS_MODULES.checkMinimal()}\n\t\t\t\t<\/script>\n\t\t\t<\/rs-module-wrap>\n\t\t\t<!-- END REVOLUTION SLIDER -->\n\n<p>Herkes sarho\u015f bir grup yolcuyla birlikte u\u00e7a\u011fa bindirildi\u011finizde ya\u015fanan &#8220;toplu tatillerden&#8221; b\u0131kt\u0131. Ayr\u0131ca herkes &#8220;toplu olarak&#8221; bir otob\u00fcse bindirilip otele g\u00f6t\u00fcr\u00fcl\u00fcyor. Uzun zamand\u0131r bu durum kimseyi mutlu etmiyordu ve tembel bir rehber e\u015fli\u011finde yap\u0131lan bir iki \u00fccretli gezi art\u0131k heyecan yaratm\u0131yordu.<\/p>\n<p>Firmam\u0131z size \u00f6zel hizmet sunmaktan onur duyar. Havaalan\u0131nda m\u00fcd\u00fcr\u00fcm\u00fcz taraf\u0131ndan \u015fahsen kar\u015f\u0131lanacaks\u0131n\u0131z. Sizi arabayla Girne tatil beldesine g\u00f6t\u00fcrece\u011fiz ve sizi k\u00fc\u00e7\u00fck bir odada de\u011fil, geni\u015f bir terasa, muhte\u015fem manzaraya, yemye\u015fil bir bah\u00e7eye ve iki y\u00fczme havuzuna sahip tam te\u015fekk\u00fcll\u00fc \u00fc\u00e7 odal\u0131 bir \u00e7at\u0131 kat\u0131nda a\u011f\u0131rlayaca\u011f\u0131z. Kendinizi ger\u00e7ek anlamda zengin bir K\u0131br\u0131sl\u0131 gibi hissetmenizin tek yolu budur.<\/p>\n<p>Bu gezi size mahremiyetin tad\u0131n\u0131 tam anlam\u0131yla \u00e7\u0131karma ve ruhunuzu ve bedeninizi dinlendirme olana\u011f\u0131 sunacakt\u0131r. Kuzey K\u0131br\u0131s&#8217;\u0131 yerli halk\u0131n g\u00f6z\u00fcnden g\u00f6rebileceksiniz.<\/p>\n<p>VIP turlar genellikle 5 g\u00fcn s\u00fcrmektedir. Her g\u00fcn y\u00f6neticimiz gelip sizi baz\u0131 turistik yerlere g\u00f6t\u00fcrecek, sizi yerel ya\u015famla, yerel restoranlarda Akdeniz mutfa\u011f\u0131yla tan\u0131\u015ft\u0131racak&#8230; Cildinizde \u0131l\u0131k esintiyi hissedebilecek, farkl\u0131 plajlarda y\u00fczebileceksiniz. her yeni g\u00fcn. Her m\u00fc\u015fterimize bireysel olarak yakla\u015f\u0131yoruz ve tur program\u0131 sizin i\u00e7in \u00f6zel olarak olu\u015fturuluyor. Yerel d\u00fckkanlar\u0131, el sanatlar\u0131 tezgahlar\u0131n\u0131 ve bir botanik bah\u00e7esini ziyaret edeceksiniz. E\u011fer gayrimenkule ilginiz varsa, sizi en iyi tekliflerle tan\u0131\u015ft\u0131rabiliriz.<\/p>\n<p>\t\t\t\t\t\tVIP turun s\u00fcresi 5 g\u00fcnd\u00fcr.<br \/>\n\t\t\t\t\t\t1-3 ki\u015fi i\u00e7in \u00fccreti 1690 \u20ac\u2019dur. Daha fazla ki\u015fiyle gelmek isterseniz ki\u015fi ba\u015f\u0131 840\u20ac ek \u00fccret \u00f6demeniz gerekiyor.<\/p>\n<h4>VIP tur \u015funlar\u0131 i\u00e7erir:<\/h4>\n<ul>\n<li>\n\t\t\t\t\t\t\t\t\t\tVar\u0131\u015f g\u00fcn\u00fcnde havaliman\u0131ndan Girne \u015fehrine transfer\n\t\t\t\t\t\t\t\t\t<\/li>\n<li>\n\t\t\t\t\t\t\t\t\t\t2 yatak odas\u0131 + oturma odas\u0131\/mutfakl\u0131 \u00e7at\u0131 kat\u0131 5 g\u00fcn i\u00e7in (giri\u015f g\u00fcn\u00fc ve \u00e7\u0131k\u0131\u015f g\u00fcn\u00fc bir g\u00fcn olarak kabul edilir)\n\t\t\t\t\t\t\t\t\t<\/li>\n<li>\n\t\t\t\t\t\t\t\t\t\tGiri\u015fte masada meyve ve temiz i\u00e7me suyu var (bir iltifat)\n\t\t\t\t\t\t\t\t\t<\/li>\n<li>\n\t\t\t\t\t\t\t\t\t\t2 y\u00fczme havuzu\n\t\t\t\t\t\t\t\t\t<\/li>\n<li>\n\t\t\t\t\t\t\t\t\t\tbarbek\u00fc alan\u0131 ve \u015fezlonglar\u0131 olan l\u00fcks bir teras\n\t\t\t\t\t\t\t\t\t<\/li>\n<li>\n\t\t\t\t\t\t\t\t\t\tG\u00f6sterilen ilgi \u00e7ekici yerler:\n\t\t\t\t\t\t\t\t\t<\/li>\n<\/ul>\n<ul>\n<li>\n\t\t\t\t\t\t\t\t\t\tGirne Liman\u0131\n\t\t\t\t\t\t\t\t\t<\/li>\n<li>\n\t\t\t\t\t\t\t\t\t\tVenedik Kalesi\n\t\t\t\t\t\t\t\t\t<\/li>\n<li>\n\t\t\t\t\t\t\t\t\t\tAziz Petrus Kalesi \u0130llarion\n\t\t\t\t\t\t\t\t\t<\/li>\n<li>\n\t\t\t\t\t\t\t\t\t\tBellapais Manast\u0131r\u0131 ve Bellapais K\u00f6y\u00fc\n\t\t\t\t\t\t\t\t\t<\/li>\n<li>\n\t\t\t\t\t\t\t\t\t\tKarmi k\u00f6y\u00fc\n\t\t\t\t\t\t\t\t\t<\/li>\n<li>\n\t\t\t\t\t\t\t\t\t\tG\u00fczelyurt&#8217;taki St. Peter Kilisesi\n\t\t\t\t\t\t\t\t\t<\/li>\n<li>\n\t\t\t\t\t\t\t\t\t\tGazima\u011fusa&#8217;daki Salamis antik kent-krall\u0131\u011f\u0131 (iste\u011fe ba\u011fl\u0131)\n\t\t\t\t\t\t\t\t\t<\/li>\n<\/ul>\n<ul>\n<li>\n\t\t\t\t\t\t\t\t\t\tplajlara teslimat\n\t\t\t\t\t\t\t\t\t<\/li>\n<li>\n\t\t\t\t\t\t\t\t\t\tal\u0131\u015fveri\u015f\n\t\t\t\t\t\t\t\t\t<\/li>\n<li>\n\t\t\t\t\t\t\t\t\t\tayr\u0131l\u0131\u015f g\u00fcn\u00fc Girne&#8217;den havaliman\u0131na transfer\n\t\t\t\t\t\t\t\t\t<\/li>\n<\/ul>\n<h4>VIP tur nas\u0131l rezerve edilir?<\/h4>\n<p>VIP tur sipari\u015fi vermek i\u00e7in talep b\u0131rakman\u0131z gerekmektedir. T\u00fcm sorular\u0131n\u0131z\u0131 cevaplayacak ve seyahatinizi organize etmenize yard\u0131mc\u0131 olacak ki\u015fisel bir y\u00f6netici atanacakt\u0131r. VIP turun \u00fccreti 1690 Euro\u2019dur. Bu fiyata 5 g\u00fcne kadar konaklama, iki transfer, turistik yerlere ziyaretler (Bellapais Manast\u0131r\u0131, St. Hillarion Tap\u0131na\u011f\u0131 ve savunma kompleksi, antik Girne Liman\u0131 Liman\u0131 ve Bizans Kalesi, St. Peter Kilisesi) dahildir.<\/p>\n<p>E\u011fer daha uzun s\u00fcre konaklamak isterseniz, her ek konaklama g\u00fcn\u00fc i\u00e7in 35 Euro ek \u00fccret \u00f6deyebilirsiniz. Ancak bu g\u00fcnleri \u00f6nceden rezerve etmeniz gerekiyor.<\/p>\n<p>\t\t\t\t\t\tSunmak!<br \/>\n\t\t\t\t\t\tE\u011fer firmam\u0131zdan gayrimenkul sat\u0131n alacak kadar be\u011fenirseniz, o zaman bir s\u00fcrprizle kar\u015f\u0131la\u015facaks\u0131n\u0131z. Size 500 Euro geri \u00f6deme yapaca\u011f\u0131z!<\/p>\n","protected":false},"excerpt":{"rendered":"<p>G\u00fczel K\u0131br\u0131s adas\u0131n\u0131 \u00f6\u011frendiniz ve Kuzey K\u0131br\u0131s&#8217;\u0131n muhte\u015fem \u00fclkesi Ya\u015fayan tarihe dokunmak, K\u0131br\u0131sl\u0131lar\u0131n hayat\u0131na dalmak, muhte\u015fem do\u011fa, \u0131l\u0131man iklim ve bunu \u00f6zel bir \u015fekilde yapmak i\u00e7in firmam\u0131zdan VIP tur sipari\u015fi verin Herkes sarho\u015f bir grup yolcuyla birlikte u\u00e7a\u011fa bindirildi\u011finizde ya\u015fanan &#8220;toplu tatillerden&#8221; b\u0131kt\u0131. Ayr\u0131ca herkes &#8220;toplu olarak&#8221; bir otob\u00fcse bindirilip otele g\u00f6t\u00fcr\u00fcl\u00fcyor. Uzun zamand\u0131r bu durum kimseyi mutlu etmiyordu ve tembel bir rehber e\u015fli\u011finde &#8230;<\/p>\n","protected":false},"author":1,"featured_media":0,"parent":66,"menu_order":0,"comment_status":"closed","ping_status":"closed","template":"","meta":{"_acf_changed":false,"footnotes":""},"class_list":["post-184","page","type-page","status-publish","hentry"],"translation":{"provider":"WPGlobus","version":"3.0.2","language":"tr","enabled_languages":["en","cz","fr","ru","tr"],"languages":{"en":{"title":true,"content":true,"excerpt":false},"cz":{"title":true,"content":true,"excerpt":false},"fr":{"title":true,"content":true,"excerpt":false},"ru":{"title":true,"content":true,"excerpt":false},"tr":{"title":true,"content":true,"excerpt":false}}},"acf":[],"_links":{"self":[{"href":"https:\/\/old.seven-elephants.com\/tr\/wp-json\/wp\/v2\/pages\/184","targetHints":{"allow":["GET"]}}],"collection":[{"href":"https:\/\/old.seven-elephants.com\/tr\/wp-json\/wp\/v2\/pages"}],"about":[{"href":"https:\/\/old.seven-elephants.com\/tr\/wp-json\/wp\/v2\/types\/page"}],"author":[{"embeddable":true,"href":"https:\/\/old.seven-elephants.com\/tr\/wp-json\/wp\/v2\/users\/1"}],"replies":[{"embeddable":true,"href":"https:\/\/old.seven-elephants.com\/tr\/wp-json\/wp\/v2\/comments?post=184"}],"version-history":[{"count":49,"href":"https:\/\/old.seven-elephants.com\/tr\/wp-json\/wp\/v2\/pages\/184\/revisions"}],"predecessor-version":[{"id":10025,"href":"https:\/\/old.seven-elephants.com\/tr\/wp-json\/wp\/v2\/pages\/184\/revisions\/10025"}],"up":[{"embeddable":true,"href":"https:\/\/old.seven-elephants.com\/tr\/wp-json\/wp\/v2\/pages\/66"}],"wp:attachment":[{"href":"https:\/\/old.seven-elephants.com\/tr\/wp-json\/wp\/v2\/media?parent=184"}],"curies":[{"name":"wp","href":"https:\/\/api.w.org\/{rel}","templated":true}]}}