{"id":887,"date":"2020-10-27T10:45:42","date_gmt":"2020-10-27T07:45:42","guid":{"rendered":"http:\/\/next.prosperitylife.org\/?page_id=887"},"modified":"2025-01-29T14:05:44","modified_gmt":"2025-01-29T11:05:44","slug":"services","status":"publish","type":"page","link":"https:\/\/old.seven-elephants.com\/fr\/services\/","title":{"rendered":"Nos services"},"content":{"rendered":"<ul>\n<li>\n\t\t\t\t\t\t\tPermis de s\u00e9jour pour 1 personne<br \/>\n\t\t\t\t\t\t\t\t\t\t\t\t\t\t\t\t\t\t\t\u00a3400\n\t\t\t\t<\/li>\n<li>\n\t\t\t\t\t\t\tPermis de s\u00e9jour pour 2 membres de la famille ou plus<br \/>\n\t\t\t\t\t\t\t\t\t\t\t\t\t\t\t\t\t\t\t\u00a3350\n\t\t\t\t<\/li>\n<li>\n\t\t\t\t\t\t\tEnregistrement d&#8217;une procuration<br \/>\n\t\t\t\t\t\t\t\t\t\t\t\t\t\t\t\t\t\t\t\u00a315\n\t\t\t\t<\/li>\n<li>\n\t\t\t\t\t\t\tEnregistrement d&#8217;un certificat de r\u00e9sidence<br \/>\n\t\t\t\t\t\t\t\t\t\t\t\t\t\t\t\t\t\t\t\u00a350\n\t\t\t\t<\/li>\n<li>\n\t\t\t\t\t\t\tOuvrir un compte bancaire<br \/>\n\t\t\t\t\t\t\t\t\t\t\t\t\t\t\t\t\t\t\t\u00a3100\n\t\t\t\t<\/li>\n<li>\n\t\t\t\t\t\t\tRemplir le questionnaire dans le syst\u00e8me en ligne du minist\u00e8re de l&#8217;Int\u00e9rieur<br \/>\n\t\t\t\t\t\t\t\t\t\t\t\t\t\t\t\t\t\t\t\u00a350<\/p>\n<p>\n\t\t\t\t\t\t\tet inscription \u00e9lectronique pour un rendez-vous \u00e0 la police des migrations\n\t\t\t\t\t\t<\/p>\n<\/li>\n<li>\n\t\t\t\t\t\t\tAccompagnement \u00e0 la police des migrations lors du d\u00e9p\u00f4t des documents pour l&#8217;obtention d&#8217;un permis de s\u00e9jour<br \/>\n\t\t\t\t\t\t\t\t\t\t\t\t\t\t\t\t\t\t\t\u00a350\n\t\t\t\t<\/li>\n<li>\n\t\t\t\t\t\t\tAssistance au laboratoire m\u00e9dical lors de la r\u00e9alisation d&#8217;analyses<br \/>\n\t\t\t\t\t\t\t\t\t\t\t\t\t\t\t\t\t\t\t\u00a350\n\t\t\t\t<\/li>\n<li>\n\t\t\t\t\t\t\tPr\u00e9paration de documents compl\u00e9mentaires \u00e0 soumettre \u00e0 la police des migrations<br \/>\n\t\t\t\t\t\t\t\t\t\t\t\t\t\t\t\t\t\t\t\u043e\u0442 \u00a350<\/p>\n<p>\n\t\t\t\t\t\t\tPr\u00e9paration de documents compl\u00e9mentaires \u00e0 soumettre \u00e0 la police des migrations\t\t\t\t\t\t<\/p>\n<\/li>\n<li>\n\t\t\t\t\t\t\tPrise en charge compl\u00e8te des transactions<br \/>\n\t\t\t\t\t\t\t\t\t\t\t\t\t\t\t\t\t\t\t\u00a31400<\/p>\n<p>\n\t\t\t\t\t\t\tAssistance aux n\u00e9gociations. R\u00e9daction d&#8217;un contrat. Signature par procuration. R\u00e9ception et transfert des fonds au d\u00e9veloppeur. Inscription au cadastre aupr\u00e8s de la Commission Fonci\u00e8re et de la Commission des Imp\u00f4ts. D\u00e9p\u00f4t d&#8217;une demande aupr\u00e8s du minist\u00e8re de l&#8217;Int\u00e9rieur pour obtenir l&#8217;autorisation d&#8217;obtenir un titre.\t\t\t\t\t\t<\/p>\n<\/li>\n<li>\n\t\t\t\t\t\t\tEnregistrement et d\u00e9p\u00f4t d&#8217;une demande aupr\u00e8s du Minist\u00e8re de l&#8217;Int\u00e9rieur pour obtenir l&#8217;autorisation de transf\u00e9rer le titre<br \/>\n\t\t\t\t\t\t\t\t\t\t\t\t\t\t\t\t\t\t\t\u00a3400\n\t\t\t\t<\/li>\n<li>\n\t\t\t\t\t\t\tTransfert de titre de propri\u00e9t\u00e9<br \/>\n\t\t\t\t\t\t\t\t\t\t\t\t\t\t\t\t\t\t\t\u00a3500\n\t\t\t\t<\/li>\n<li>\n\t\t\t\t\t\t\t\u00c9ducation<br \/>\n\t\t\t\t\t\t\t\t\t\t\t\t\t\t\t\t\t\t\t\u00a3500<\/p>\n<p>\n\t\t\t\t\t\t\tConsultation, s\u00e9lection d&#8217;\u00e9cole, coll\u00e8ge ou universit\u00e9. Accompagnement \u00e0 l&#8217;\u00e9tablissement d&#8217;enseignement et assistance aux n\u00e9gociations. Obtention de l&#8217;autorisation du minist\u00e8re de l&#8217;\u00c9ducation.\t\t\t\t\t\t<\/p>\n<\/li>\n<li>\n\t\t\t\t\t\t\tEnregistrement du permis de conduire<br \/>\n\t\t\t\t\t\t\t\t\t\t\t\t\t\t\t\t\t\t\t\u00a3200\n\t\t\t\t<\/li>\n<li>\n\t\t\t\t\t\t\tAssistance \u00e0 l&#8217;accr\u00e9ditation du dipl\u00f4me de docteur<br \/>\n\t\t\t\t\t\t\t\t\t\t\t\t\t\t\t\t\t\t\t\u00a33000\n\t\t\t\t<\/li>\n<li>\n\t\t\t\t\t\t\tOrganisation du transport d&#8217;animaux<br \/>\n\t\t\t\t\t\t\t\t\t\t\t\t\t\t\t\t\t\t\t\u00a3200-600<\/p>\n<p>\n\t\t\t\t\t\t\t(selon la complexit\u00e9)\t\t\t\t\t\t<\/p>\n<\/li>\n<li>\n\t\t\t\t\t\t\tFaire un testament<br \/>\n\t\t\t\t\t\t\t\t\t\t\t\t\t\t\t\t\t\t\t\u00a3200\n\t\t\t\t<\/li>\n<li>\n\t\t\t\t\t\t\tAssistance dans la proc\u00e9dure de succession<br \/>\n\t\t\t\t\t\t\t\t\t\t\t\t\t\t\t\t\t\t\t\u00a34000\n\t\t\t\t<\/li>\n<li>\n\t\t\t\t\t\t\tArrangements fun\u00e9raires<br \/>\n\t\t\t\t\t\t\t\t\t\t\t\t\t\t\t\t\t\t\t\u00a31800\n\t\t\t\t<\/li>\n<li>\n\t\t\t\t\t\t\tEnregistrement de l&#8217;entreprise<br \/>\n\t\t\t\t\t\t\t\t\t\t\t\t\t\t\t\t\t\t\t\u00a312000<\/p>\n<p>\n\t\t\t\t\t\t\tAvec la mise \u00e0 disposition de 100 000 USD au capital autoris\u00e9\n\t\t\t\t\t\t<\/p>\n<\/li>\n<li>\n\t\t\t\t\t\t\tComptabilit\u00e9<br \/>\n\t\t\t\t\t\t\t\t\t\t\t\t\t\t\t\t\t\t\t\u00a3200 \/ month<\/p>\n<p>\n\t\t\t\t\t\t\tSupport comptable externe mensuel, reporting fiscal et soumission de d\u00e9clarations\n\t\t\t\t\t\t<\/p>\n<\/li>\n<li>\n\t\t\t\t\t\t\tL\u00e9galisation d&#8217;une procuration faite dans un autre pays<br \/>\n\t\t\t\t\t\t\t\t\t\t\t\t\t\t\t\t\t\t\t\u00a3100\n\t\t\t\t<\/li>\n<li>\n\t\t\t\t\t\t\tConseil aux entreprises<br \/>\n\t\t\t\t\t\t\t\t\t\t\t\t\t\t\t\t\t\t\t\u00a3100 \/ hour\n\t\t\t\t<\/li>\n<li>\n\t\t\t\t\t\t\tConsultation personnalis\u00e9e<br \/>\n\t\t\t\t\t\t\t\t\t\t\t\t\t\t\t\t\t\t\t\u00a3100 \/ hour<\/p>\n<p>\n\t\t\t\t\t\t\tPour toutes questions (imp\u00f4ts, emploi, achat immobilier, permis de s\u00e9jour et transfert de titre), nous vous parlerons de n&#8217;importe quel sujet dans notre bureau\t\t\t\t\t\t<\/p>\n<\/li>\n<\/ul>\n<p>\t\t\t\t\t\tVeuillez noter,<br \/>\n\t\t\t\t\t\tLe co\u00fbt de nos services est indiqu\u00e9 ici sans tenir compte des frais, taxes, tarifs factur\u00e9s par les autorit\u00e9s et organismes d\u00e9livrant les documents.<br \/>\n\t\t\t\t\t\tVeuillez noter,<br \/>\n\t\t\t\t\t\tTous les services sont discut\u00e9s, planifi\u00e9s et pay\u00e9s \u00e0 l&#8217;avance (paiement du permis de s\u00e9jour mais moins de 30 jours \u00e0 l&#8217;avance) au Seven Elephants Investment Office.<\/p>\n","protected":false},"excerpt":{"rendered":"<p>Permis de s\u00e9jour pour 1 personne \u00a3400 Permis de s\u00e9jour pour 2 membres de la famille ou plus \u00a3350 Enregistrement d&#8217;une procuration \u00a315 Enregistrement d&#8217;un certificat de r\u00e9sidence \u00a350 Ouvrir un compte bancaire \u00a3100 Remplir le questionnaire dans le syst\u00e8me en ligne du minist\u00e8re de l&#8217;Int\u00e9rieur \u00a350 et inscription \u00e9lectronique pour un rendez-vous \u00e0 la police des migrations Accompagnement \u00e0 la police des migrations &#8230;<\/p>\n","protected":false},"author":1,"featured_media":0,"parent":0,"menu_order":0,"comment_status":"closed","ping_status":"closed","template":"","meta":{"_acf_changed":false,"footnotes":""},"class_list":["post-887","page","type-page","status-publish","hentry"],"translation":{"provider":"WPGlobus","version":"3.0.2","language":"fr","enabled_languages":["en","cz","fr","ru","tr"],"languages":{"en":{"title":true,"content":true,"excerpt":false},"cz":{"title":true,"content":true,"excerpt":false},"fr":{"title":true,"content":true,"excerpt":false},"ru":{"title":true,"content":true,"excerpt":false},"tr":{"title":true,"content":true,"excerpt":false}}},"acf":[],"_links":{"self":[{"href":"https:\/\/old.seven-elephants.com\/fr\/wp-json\/wp\/v2\/pages\/887","targetHints":{"allow":["GET"]}}],"collection":[{"href":"https:\/\/old.seven-elephants.com\/fr\/wp-json\/wp\/v2\/pages"}],"about":[{"href":"https:\/\/old.seven-elephants.com\/fr\/wp-json\/wp\/v2\/types\/page"}],"author":[{"embeddable":true,"href":"https:\/\/old.seven-elephants.com\/fr\/wp-json\/wp\/v2\/users\/1"}],"replies":[{"embeddable":true,"href":"https:\/\/old.seven-elephants.com\/fr\/wp-json\/wp\/v2\/comments?post=887"}],"version-history":[{"count":51,"href":"https:\/\/old.seven-elephants.com\/fr\/wp-json\/wp\/v2\/pages\/887\/revisions"}],"predecessor-version":[{"id":10023,"href":"https:\/\/old.seven-elephants.com\/fr\/wp-json\/wp\/v2\/pages\/887\/revisions\/10023"}],"wp:attachment":[{"href":"https:\/\/old.seven-elephants.com\/fr\/wp-json\/wp\/v2\/media?parent=887"}],"curies":[{"name":"wp","href":"https:\/\/api.w.org\/{rel}","templated":true}]}}