{"id":68,"date":"2020-10-07T12:51:12","date_gmt":"2020-10-07T09:51:12","guid":{"rendered":"http:\/\/next.prosperitylife.org\/?page_id=68"},"modified":"2025-05-24T08:19:08","modified_gmt":"2025-05-24T05:19:08","slug":"viewing-tour","status":"publish","type":"page","link":"https:\/\/old.seven-elephants.com\/fr\/tours\/viewing-tour\/","title":{"rendered":"Visite guid\u00e9e"},"content":{"rendered":"<h2>Avez-vous consult\u00e9 le catalogue immobilier<br \/>\nque nous avons soigneusement rassembl\u00e9<br \/>\npour vous et avez-vous d\u00e9j\u00e0 trouv\u00e9 vos favoris ?<\/h2>\n<h3>Pour voir de vos propres yeux l&#8217;appartement ou la villa souhait\u00e9, engagez un avocat,<br \/>\nlaissez un acompte ou signez peut-\u00eatre imm\u00e9diatement un contrat d&#8217;achat<\/h3>\n<h4>Vous pouvez commander une visite guid\u00e9e aupr\u00e8s de notre soci\u00e9t\u00e9<\/h4>\n<h4>Gr\u00e2ce \u00e0 ce voyage d&#8217;affaires, vous pourrez voir de vos propres yeux le lieu et le complexe<br \/>\nque vous avez r\u00e9cemment regard\u00e9 sur les photos de votre ordinateur.<\/h4>\n\n\t\t\t<!-- START Viewing Tour REVOLUTION SLIDER 6.7.6 --><p class=\"rs-p-wp-fix\"><\/p>\n\t\t\t<rs-module-wrap id=\"rev_slider_34_1_wrapper\" data-source=\"gallery\" style=\"visibility:hidden;background:transparent;padding:0;margin:0px auto;margin-top:0;margin-bottom:0;\">\n\t\t\t\t<rs-module id=\"rev_slider_34_1\" style=\"\" data-version=\"6.7.6\">\n\t\t\t\t\t<rs-slides style=\"overflow: hidden; position: absolute;\">\n\t\t\t\t\t\t<rs-slide style=\"position: absolute;\" data-key=\"rs-758\" data-title=\"Slide\" data-thumb=\"\/\/seven-elephants.com\/wp-content\/uploads\/2020\/10\/11.jpg\" data-anim=\"ms:1000;r:0;\" data-in=\"o:0;\" data-out=\"a:false;\">\n\t\t\t\t\t\t\t<img decoding=\"async\" src=\"data:image\/gif;base64,R0lGODlhAQABAAAAACH5BAEKAAEALAAAAAABAAEAAAICTAEAOw==\" alt=\"\" title=\"Visite guid\u00e9e\" class=\"rev-slidebg tp-rs-img rs-lazyload lazyload\" data-lazyload=\"\/\/seven-elephants.com\/wp-content\/uploads\/2020\/10\/11.jpg\" data-no-retina=\"\" data-src=\"\/\/old.seven-elephants.com\/wp-content\/plugins\/revslider\/sr6\/assets\/assets\/dummy.png\">\n<!---->\t\t\t\t\t<\/rs-slide>\n\t\t\t\t\t\t<rs-slide style=\"position: absolute;\" data-key=\"rs-761\" data-title=\"Slide\" data-thumb=\"\/\/seven-elephants.com\/wp-content\/uploads\/2020\/10\/14.jpg\" data-anim=\"ms:1000;r:0;\" data-in=\"o:0;\" data-out=\"a:false;\">\n\t\t\t\t\t\t\t<img decoding=\"async\" src=\"data:image\/gif;base64,R0lGODlhAQABAAAAACH5BAEKAAEALAAAAAABAAEAAAICTAEAOw==\" alt=\"\" title=\"Visite guid\u00e9e\" class=\"rev-slidebg tp-rs-img rs-lazyload lazyload\" data-lazyload=\"\/\/seven-elephants.com\/wp-content\/uploads\/2020\/10\/14.jpg\" data-no-retina=\"\" data-src=\"\/\/old.seven-elephants.com\/wp-content\/plugins\/revslider\/sr6\/assets\/assets\/dummy.png\">\n<!---->\t\t\t\t\t<\/rs-slide>\n\t\t\t\t\t\t<rs-slide style=\"position: absolute;\" data-key=\"rs-763\" data-title=\"Slide\" data-thumb=\"\/\/seven-elephants.com\/wp-content\/uploads\/2020\/10\/16.jpg\" data-anim=\"ms:1000;r:0;\" data-in=\"o:0;\" data-out=\"a:false;\">\n\t\t\t\t\t\t\t<img decoding=\"async\" src=\"data:image\/gif;base64,R0lGODlhAQABAAAAACH5BAEKAAEALAAAAAABAAEAAAICTAEAOw==\" alt=\"\" title=\"Visite guid\u00e9e\" class=\"rev-slidebg tp-rs-img rs-lazyload lazyload\" data-lazyload=\"\/\/seven-elephants.com\/wp-content\/uploads\/2020\/10\/16.jpg\" data-no-retina=\"\" data-src=\"\/\/old.seven-elephants.com\/wp-content\/plugins\/revslider\/sr6\/assets\/assets\/dummy.png\">\n<!---->\t\t\t\t\t<\/rs-slide>\n\t\t\t\t\t\t<rs-slide style=\"position: absolute;\" data-key=\"rs-770\" data-title=\"Slide\" data-thumb=\"\/\/seven-elephants.com\/wp-content\/uploads\/2020\/10\/santa-terra-penthouse-001.jpg\" data-anim=\"adpr:false;\" data-in=\"o:0;\" data-out=\"a:false;\">\n\t\t\t\t\t\t\t<img fetchpriority=\"high\" decoding=\"async\" src=\"data:image\/gif;base64,R0lGODlhAQABAAAAACH5BAEKAAEALAAAAAABAAEAAAICTAEAOw==\" alt=\"\" title=\"santa-terra-penthouse-001\" width=\"1600\" height=\"990\" class=\"rev-slidebg tp-rs-img rs-lazyload lazyload\" data-lazyload=\"\/\/seven-elephants.com\/wp-content\/uploads\/2020\/10\/santa-terra-penthouse-001.jpg\" data-no-retina=\"\" data-src=\"\/\/old.seven-elephants.com\/wp-content\/plugins\/revslider\/sr6\/assets\/assets\/dummy.png\">\n<!---->\t\t\t\t\t<\/rs-slide>\n\t\t\t\t\t\t<rs-slide style=\"position: absolute;\" data-key=\"rs-767\" data-title=\"Slide\" data-thumb=\"\/\/seven-elephants.com\/wp-content\/uploads\/2020\/10\/22.jpg\" data-anim=\"ms:1000;r:0;\" data-in=\"o:0;\" data-out=\"a:false;\">\n\t\t\t\t\t\t\t<img decoding=\"async\" src=\"data:image\/gif;base64,R0lGODlhAQABAAAAACH5BAEKAAEALAAAAAABAAEAAAICTAEAOw==\" alt=\"\" title=\"Visite guid\u00e9e\" class=\"rev-slidebg tp-rs-img rs-lazyload lazyload\" data-lazyload=\"\/\/seven-elephants.com\/wp-content\/uploads\/2020\/10\/22.jpg\" data-no-retina=\"\" data-src=\"\/\/old.seven-elephants.com\/wp-content\/plugins\/revslider\/sr6\/assets\/assets\/dummy.png\">\n<!---->\t\t\t\t\t<\/rs-slide>\n\t\t\t\t\t\t<rs-slide style=\"position: absolute;\" data-key=\"rs-768\" data-title=\"Slide\" data-thumb=\"\/\/seven-elephants.com\/wp-content\/uploads\/2020\/10\/23.jpg\" data-anim=\"ms:1000;r:0;\" data-in=\"o:0;\" data-out=\"a:false;\">\n\t\t\t\t\t\t\t<img decoding=\"async\" src=\"data:image\/gif;base64,R0lGODlhAQABAAAAACH5BAEKAAEALAAAAAABAAEAAAICTAEAOw==\" alt=\"\" title=\"Visite guid\u00e9e\" class=\"rev-slidebg tp-rs-img rs-lazyload lazyload\" data-lazyload=\"\/\/seven-elephants.com\/wp-content\/uploads\/2020\/10\/23.jpg\" data-no-retina=\"\" data-src=\"\/\/old.seven-elephants.com\/wp-content\/plugins\/revslider\/sr6\/assets\/assets\/dummy.png\">\n<!---->\t\t\t\t\t<\/rs-slide>\n\t\t\t\t\t\t<rs-slide style=\"position: absolute;\" data-key=\"rs-769\" data-title=\"Slide\" data-thumb=\"\/\/seven-elephants.com\/wp-content\/uploads\/2020\/10\/24.jpg\" data-anim=\"ms:1000;r:0;\" data-in=\"o:0;\" data-out=\"a:false;\">\n\t\t\t\t\t\t\t<img decoding=\"async\" src=\"data:image\/gif;base64,R0lGODlhAQABAAAAACH5BAEKAAEALAAAAAABAAEAAAICTAEAOw==\" alt=\"\" title=\"Visite guid\u00e9e\" class=\"rev-slidebg tp-rs-img rs-lazyload lazyload\" data-lazyload=\"\/\/seven-elephants.com\/wp-content\/uploads\/2020\/10\/24.jpg\" data-no-retina=\"\" data-src=\"\/\/old.seven-elephants.com\/wp-content\/plugins\/revslider\/sr6\/assets\/assets\/dummy.png\">\n<!---->\t\t\t\t\t<\/rs-slide>\n\t\t\t\t\t\t<rs-slide style=\"position: absolute;\" data-key=\"rs-771\" data-title=\"Slide\" data-thumb=\"\/\/seven-elephants.com\/wp-content\/uploads\/2020\/10\/santa-terra-penthouse-019.jpg\" data-anim=\"adpr:false;\" data-in=\"o:0;\" data-out=\"a:false;\">\n\t\t\t\t\t\t\t<img decoding=\"async\" src=\"data:image\/gif;base64,R0lGODlhAQABAAAAACH5BAEKAAEALAAAAAABAAEAAAICTAEAOw==\" alt=\"\" title=\"santa-terra-penthouse-019\" width=\"1600\" height=\"990\" class=\"rev-slidebg tp-rs-img rs-lazyload lazyload\" data-lazyload=\"\/\/seven-elephants.com\/wp-content\/uploads\/2020\/10\/santa-terra-penthouse-019.jpg\" data-no-retina=\"\" data-src=\"\/\/old.seven-elephants.com\/wp-content\/plugins\/revslider\/sr6\/assets\/assets\/dummy.png\">\n<!---->\t\t\t\t\t<\/rs-slide>\n\t\t\t\t\t\t<rs-slide style=\"position: absolute;\" data-key=\"rs-772\" data-title=\"Slide\" data-thumb=\"\/\/seven-elephants.com\/wp-content\/uploads\/2020\/10\/santa-terra-penthouse-021.jpg\" data-anim=\"adpr:false;\" data-in=\"o:0;\" data-out=\"a:false;\">\n\t\t\t\t\t\t\t<img decoding=\"async\" src=\"data:image\/gif;base64,R0lGODlhAQABAAAAACH5BAEKAAEALAAAAAABAAEAAAICTAEAOw==\" alt=\"\" title=\"santa-terra-penthouse-021\" width=\"1600\" height=\"990\" class=\"rev-slidebg tp-rs-img rs-lazyload lazyload\" data-lazyload=\"\/\/seven-elephants.com\/wp-content\/uploads\/2020\/10\/santa-terra-penthouse-021.jpg\" data-no-retina=\"\" data-src=\"\/\/old.seven-elephants.com\/wp-content\/plugins\/revslider\/sr6\/assets\/assets\/dummy.png\">\n<!---->\t\t\t\t\t<\/rs-slide>\n\t\t\t\t\t<\/rs-slides>\n\t\t\t\t<\/rs-module>\n\t\t\t\t<script>\n\t\t\t\t\tsetREVStartSize({c: 'rev_slider_34_1',rl:[1240,1024,778,480],el:[600],gw:[1240],gh:[600],type:'standard',justify:'',layout:'fullwidth',mh:\"0\"});if (window.RS_MODULES!==undefined && window.RS_MODULES.modules!==undefined && window.RS_MODULES.modules[\"revslider341\"]!==undefined) {window.RS_MODULES.modules[\"revslider341\"].once = false;window.revapi34 = undefined;if (window.RS_MODULES.checkMinimal!==undefined) window.RS_MODULES.checkMinimal()}\n\t\t\t\t<\/script>\n\t\t\t<\/rs-module-wrap>\n\t\t\t<!-- END REVOLUTION SLIDER -->\n\n<p>Un voyage de familiarisation standard dure g\u00e9n\u00e9ralement 2 \u00e0 3 jours. Pendant ce temps, vous pourrez visiter les propri\u00e9t\u00e9s qui vous int\u00e9ressent, vous familiariser avec la vie locale, go\u00fbter \u00e0 la cuisine m\u00e9diterran\u00e9enne, sentir la brise chaude sur votre peau et voir quelques sites touristiques. Nous abordons chaque client individuellement et le programme de visite est cr\u00e9\u00e9 sp\u00e9cifiquement pour vous.<\/p>\n<ul>\n<li>\n\t\t\t\t\t\t\t\t\t\tRendez-vous \u00e0 l&#8217;a\u00e9roport\n\t\t\t\t\t\t\t\t\t<\/li>\n<li>\n\t\t\t\t\t\t\t\t\t\tTransfert de l&#8217;a\u00e9roport \u00e0 la ville de Kyrenia\n\t\t\t\t\t\t\t\t\t<\/li>\n<li>\n\t\t\t\t\t\t\t\t\t\tH\u00e9bergement en appartements\n\t\t\t\t\t\t\t\t\t<\/li>\n<li>\n\t\t\t\t\t\t\t\t\t\tOrganisation d&#8217;une visite touristique de propri\u00e9t\u00e9s s\u00e9lectionn\u00e9es\n\t\t\t\t\t\t\t\t\t<\/li>\n<li>\n\t\t\t\t\t\t\t\t\t\tN\u00e9gociations au si\u00e8ge de l&#8217;entreprise\n\t\t\t\t\t\t\t\t\t<\/li>\n<li>\n\t\t\t\t\t\t\t\t\t\tConversation avec le directeur concernant les termes de l&#8217;accord\n\t\t\t\t\t\t\t\t\t<\/li>\n<li>\n\t\t\t\t\t\t\t\t\t\tConversation avec un avocat et un comptable\n\t\t\t\t\t\t\t\t\t<\/li>\n<li>\n\t\t\t\t\t\t\t\t\t\tPr\u00e9paration des documents n\u00e9cessaires \u00e0 la transaction et accompagnement juridique complet\n\t\t\t\t\t\t\t\t\t<\/li>\n<li>\n\t\t\t\t\t\t\t\t\t\tVisite de magasins et pr\u00e9s\u00e9lection de meubles et d&#8217;\u00e9lectrom\u00e9nagers\n\t\t\t\t\t\t\t\t\t<\/li>\n<li>\n\t\t\t\t\t\t\t\t\t\tAffichage des attractions locales\n\t\t\t\t\t\t\t\t\t<\/li>\n<li>\n\t\t\t\t\t\t\t\t\t\tTransfert \u00e0 l&#8217;a\u00e9roport\n\t\t\t\t\t\t\t\t\t<\/li>\n<\/ul>\n<p>Pour commander une visite guid\u00e9e, vous devez laisser une demande. Un responsable personnel vous sera attribu\u00e9 qui r\u00e9pondra \u00e0 toutes vos questions et vous aidera \u00e0 organiser votre voyage. Le co\u00fbt de la visite guid\u00e9e est de 840 euros. Ce prix comprend l&#8217;h\u00e9bergement jusqu&#8217;\u00e0 3 jours, deux transferts, une visite de quatre attractions (l&#8217;abbaye de Bellapais, le temple et le complexe d\u00e9fensif de Saint-Hillarion, l&#8217;ancien port de Kyrenia et la forteresse byzantine).<\/p>\n<p>Si vous souhaitez s\u00e9journer chez nous pour une p\u00e9riode plus longue (jusqu&#8217;\u00e0 7 jours), vous pouvez payer 50 euros pour chaque jour de s\u00e9jour suppl\u00e9mentaire. Un s\u00e9jour de plus de 7 jours vous co\u00fbtera 35 euros par jour. Veuillez toutefois nous en informer \u00e0 l&#8217;avance.<\/p>\n<p>M\u00eame si vous n&#8217;achetez pas de maison, vous ne risquez rien, car vous b\u00e9n\u00e9ficierez d&#8217;un rendez-vous, d&#8217;une livraison, ainsi que d&#8217;un h\u00e9bergement et d&#8217;une entr\u00e9e aux attractions.<\/p>\n<p>Si vous effectuez un d\u00e9p\u00f4t ou signez un contrat pour acheter une maison, vous aurez une surprise. Nous vous offrons 500 euros de cashback !<\/p>\n<p>En d&#8217;autres termes, nous contribuerons \u00e0 hauteur de 500 euros \u00e0 votre paiement pour le bien que vous achetez !<\/p>\n<p>\t\t\t\t\t\tLa dur\u00e9e de la visite guid\u00e9e est de 2 \u00e0 3 jours.<br \/>\n\t\t\t\t\t\tSon co\u00fbt est de 840 \u20ac sur la base de 1 \u00e0 2 personnes. Si vous souhaitez venir \u00e0 plusieurs, il vous faudra d\u00e9bourser 420\u20ac suppl\u00e9mentaires par personne.<br \/>\n\t\t\t\t\t\tPlease note,<br \/>\n\t\t\t\t\t\tUn voyage d\u2019affaires est un voyage d\u2019affaires qui comprend un grand nombre de r\u00e9unions et de n\u00e9gociations. A cet \u00e9gard, l&#8217;arriv\u00e9e des enfants au circuit d&#8217;observation n&#8217;est pas pr\u00e9vue. Si votre objectif est des vacances avec des enfants, faites attention \u00e0 notre service de <a href=\"\/fr\/tours\/vip-tour\">visites VIP<\/a>.<\/p>\n","protected":false},"excerpt":{"rendered":"<p>Avez-vous consult\u00e9 le catalogue immobilier que nous avons soigneusement rassembl\u00e9 pour vous et avez-vous d\u00e9j\u00e0 trouv\u00e9 vos favoris ? Pour voir de vos propres yeux l&#8217;appartement ou la villa souhait\u00e9, engagez un avocat, laissez un acompte ou signez peut-\u00eatre imm\u00e9diatement un contrat d&#8217;achat Vous pouvez commander une visite guid\u00e9e aupr\u00e8s de notre soci\u00e9t\u00e9 Gr\u00e2ce \u00e0 ce voyage d&#8217;affaires, vous pourrez voir de vos propres &#8230;<\/p>\n","protected":false},"author":1,"featured_media":0,"parent":66,"menu_order":0,"comment_status":"closed","ping_status":"closed","template":"","meta":{"_acf_changed":false,"footnotes":""},"class_list":["post-68","page","type-page","status-publish","hentry"],"translation":{"provider":"WPGlobus","version":"3.0.2","language":"fr","enabled_languages":["en","cz","fr","ru","tr"],"languages":{"en":{"title":true,"content":true,"excerpt":false},"cz":{"title":true,"content":true,"excerpt":false},"fr":{"title":true,"content":true,"excerpt":false},"ru":{"title":true,"content":true,"excerpt":false},"tr":{"title":true,"content":true,"excerpt":false}}},"acf":[],"_links":{"self":[{"href":"https:\/\/old.seven-elephants.com\/fr\/wp-json\/wp\/v2\/pages\/68","targetHints":{"allow":["GET"]}}],"collection":[{"href":"https:\/\/old.seven-elephants.com\/fr\/wp-json\/wp\/v2\/pages"}],"about":[{"href":"https:\/\/old.seven-elephants.com\/fr\/wp-json\/wp\/v2\/types\/page"}],"author":[{"embeddable":true,"href":"https:\/\/old.seven-elephants.com\/fr\/wp-json\/wp\/v2\/users\/1"}],"replies":[{"embeddable":true,"href":"https:\/\/old.seven-elephants.com\/fr\/wp-json\/wp\/v2\/comments?post=68"}],"version-history":[{"count":54,"href":"https:\/\/old.seven-elephants.com\/fr\/wp-json\/wp\/v2\/pages\/68\/revisions"}],"predecessor-version":[{"id":10024,"href":"https:\/\/old.seven-elephants.com\/fr\/wp-json\/wp\/v2\/pages\/68\/revisions\/10024"}],"up":[{"embeddable":true,"href":"https:\/\/old.seven-elephants.com\/fr\/wp-json\/wp\/v2\/pages\/66"}],"wp:attachment":[{"href":"https:\/\/old.seven-elephants.com\/fr\/wp-json\/wp\/v2\/media?parent=68"}],"curies":[{"name":"wp","href":"https:\/\/api.w.org\/{rel}","templated":true}]}}