{"id":66,"date":"2020-10-07T12:49:43","date_gmt":"2020-10-07T09:49:43","guid":{"rendered":"http:\/\/next.prosperitylife.org\/?page_id=66"},"modified":"2025-01-29T14:28:19","modified_gmt":"2025-01-29T11:28:19","slug":"tours","status":"publish","type":"page","link":"https:\/\/old.seven-elephants.com\/fr\/tours\/","title":{"rendered":"Visites"},"content":{"rendered":"<h2>Visite guid\u00e9e<\/h2>\n<p>Vous avez consult\u00e9 le catalogue immobilier que nous avons soigneusement rassembl\u00e9 pour vous et vous avez d\u00e9j\u00e0 des sympathies ? Pour voir de vos propres yeux l&#8217;appartement ou la villa souhait\u00e9s, engagez un avocat, laissez un acompte ou concluez imm\u00e9diatement un contrat d&#8217;achat.<\/p>\n<p>Gr\u00e2ce \u00e0 ce voyage d&#8217;affaires, vous pourrez voir de vos propres yeux le lieu et le complexe que vous venez de regarder en photo sur votre ordinateur<\/p>\n<p>\t\t\t\t\t<a href=\"\/fr\/tours\/viewing-tour\/\"><br \/>\n\t\t\t\t\t\t\t\t\tEn savoir plus<br \/>\n\t\t\t\t\t<\/a><\/p>\n<h2>Visite VIP<\/h2>\n<p>Vous avez appris \u00e0 conna\u00eetre la belle \u00eele de Chypre et le merveilleux pays de Chypre du Nord. Pour toucher l&#8217;histoire vivante, vous immerger dans la vie des Chypriotes, la nature \u00e9tonnante, le climat doux et le faire d&#8217;une mani\u00e8re sp\u00e9ciale, commandez une visite VIP aupr\u00e8s de notre soci\u00e9t\u00e9.<\/p>\n<p>Notre soci\u00e9t\u00e9 est honor\u00e9e de vous offrir un service personnalis\u00e9. Vous serez personnellement accueilli par notre responsable directement \u00e0 l&#8217;a\u00e9roport. Nous vous emm\u00e8nerons en voiture jusqu&#8217;\u00e0 la station baln\u00e9aire de Kyrenia et vous enregistrerons non pas dans une petite chambre, mais dans un penthouse \u00e0 part enti\u00e8re de trois pi\u00e8ces avec une immense terrasse, une vue magnifique, un jardin luxuriant et deux piscines.<\/p>\n<p>\t\t\t\t\t<a href=\"\/fr\/tours\/vip-tour\/\"><br \/>\n\t\t\t\t\t\t\t\t\tEn savoir plus<br \/>\n\t\t\t\t\t<\/a><\/p>\n","protected":false},"excerpt":{"rendered":"<p>Visite guid\u00e9e Vous avez consult\u00e9 le catalogue immobilier que nous avons soigneusement rassembl\u00e9 pour vous et vous avez d\u00e9j\u00e0 des sympathies ? Pour voir de vos propres yeux l&#8217;appartement ou la villa souhait\u00e9s, engagez un avocat, laissez un acompte ou concluez imm\u00e9diatement un contrat d&#8217;achat. Gr\u00e2ce \u00e0 ce voyage d&#8217;affaires, vous pourrez voir de vos propres yeux le lieu et le complexe que vous &#8230;<\/p>\n","protected":false},"author":1,"featured_media":0,"parent":0,"menu_order":0,"comment_status":"closed","ping_status":"closed","template":"","meta":{"_acf_changed":false,"footnotes":""},"class_list":["post-66","page","type-page","status-publish","hentry"],"translation":{"provider":"WPGlobus","version":"3.0.2","language":"fr","enabled_languages":["en","cz","fr","ru","tr"],"languages":{"en":{"title":true,"content":true,"excerpt":false},"cz":{"title":true,"content":true,"excerpt":false},"fr":{"title":true,"content":true,"excerpt":false},"ru":{"title":true,"content":true,"excerpt":false},"tr":{"title":true,"content":true,"excerpt":false}}},"acf":[],"_links":{"self":[{"href":"https:\/\/old.seven-elephants.com\/fr\/wp-json\/wp\/v2\/pages\/66","targetHints":{"allow":["GET"]}}],"collection":[{"href":"https:\/\/old.seven-elephants.com\/fr\/wp-json\/wp\/v2\/pages"}],"about":[{"href":"https:\/\/old.seven-elephants.com\/fr\/wp-json\/wp\/v2\/types\/page"}],"author":[{"embeddable":true,"href":"https:\/\/old.seven-elephants.com\/fr\/wp-json\/wp\/v2\/users\/1"}],"replies":[{"embeddable":true,"href":"https:\/\/old.seven-elephants.com\/fr\/wp-json\/wp\/v2\/comments?post=66"}],"version-history":[{"count":35,"href":"https:\/\/old.seven-elephants.com\/fr\/wp-json\/wp\/v2\/pages\/66\/revisions"}],"predecessor-version":[{"id":8610,"href":"https:\/\/old.seven-elephants.com\/fr\/wp-json\/wp\/v2\/pages\/66\/revisions\/8610"}],"wp:attachment":[{"href":"https:\/\/old.seven-elephants.com\/fr\/wp-json\/wp\/v2\/media?parent=66"}],"curies":[{"name":"wp","href":"https:\/\/api.w.org\/{rel}","templated":true}]}}