{"id":446,"date":"2020-10-22T07:53:17","date_gmt":"2020-10-22T04:53:17","guid":{"rendered":"http:\/\/next.prosperitylife.org\/?page_id=446"},"modified":"2025-01-29T14:47:31","modified_gmt":"2025-01-29T11:47:31","slug":"emigration","status":"publish","type":"page","link":"https:\/\/old.seven-elephants.com\/fr\/emigration\/","title":{"rendered":"\u00c9migration"},"content":{"rendered":"<h4>L\u2019\u00e9migration est-elle une affaire simple : faire ses valises et partir pour une nouvelle vie ?<\/h4>\n<p>Malheureusement, personne ne peut choisir l\u2019endroit o\u00f9 il souhaite na\u00eetre. Heureusement, l\u2019homme moderne a la possibilit\u00e9 de choisir l\u2019endroit o\u00f9 il veut vivre. Tout d\u2019abord, vous devez comprendre si c\u2019est vraiment par hasard et par inconscience que vous vivez dans le pays dans lequel vous vivez actuellement. \u00cates-vous s\u00fbr de ne plus vouloir rester dans ce pays ?<\/p>\n<p>Prenez un morceau de papier et \u00e9crivez ce que vous n\u2019aimez pas. Taux de criminalit\u00e9 ? Corruption? Humeur g\u00e9n\u00e9rale de col\u00e8re et de troubles dans la soci\u00e9t\u00e9 ? Impolitesse et grossi\u00e8ret\u00e9 de l&#8217;entourage ? Vous n\u2019\u00eates pas s\u00fbr de ce que sera demain ? Un climat rude et un paysage ennuyeux ? Pas de mer ? Des montagnes ? Une demi-ann\u00e9e d\u2019hiver ? Faible niveau d\u2019\u00e9ducation et difficult\u00e9 dans son application pratique ? Contradictions entre la soci\u00e9t\u00e9 et l\u2019\u00c9tat ? Autre chose?<\/p>\n<p>Essayez d\u2019\u00e9crire sur une autre feuille de papier les caract\u00e9ristiques du pays dans lequel vous aimeriez vivre. Imaginez tout avec le plus de d\u00e9tails possible. Il faut \u00e9galement tenir compte de nuances telles que le taux de criminalit\u00e9, la loyaut\u00e9 envers les immigrants, la facilit\u00e9 d\u2019obtention d\u2019un permis de s\u00e9jour, le co\u00fbt du logement, la pr\u00e9sence de la diaspora russe et les liens avec elle. Connaissez-vous un tel pays ?<\/p>\n<p>Au cours des cinq derni\u00e8res ann\u00e9es, Chypre du Nord a \u00e9t\u00e9 le leader incontest\u00e9 en mati\u00e8re d&#8217;attractivit\u00e9 pour la relocalisation permanente parmi les r\u00e9sidents de pays comme la Grande-Bretagne et la Russie (assez curieusement).<\/p>\n<p>Et si les Britanniques comprennent clairement que c\u2019est seulement parmi \u00ab les leurs \u00bb qu\u2019ils peuvent se sentir extr\u00eamement \u00e0 l\u2019aise et prot\u00e9g\u00e9s. Outre les erreurs dans le choix d&#8217;un promoteur, et par cons\u00e9quent une qualit\u00e9 m\u00e9diocre pour un prix \u00e9lev\u00e9, le plus souvent, l&#8217;\u00e9migrant malchanceux sera confront\u00e9 \u00e0 des voisins probl\u00e9matiques et aux probl\u00e8mes qui l&#8217;accompagnent, li\u00e9s \u00e0 la vie quotidienne et \u00e0 l&#8217;organisation de la vie quotidienne en \u00e9migration.<\/p>\n<p>Tout cela peut \u00eatre r\u00e9solu de mani\u00e8re \u00e9l\u00e9gante et simple &#8211; en s&#8217;installant parmi des r\u00e9sidents permanents (pas des touristes ou des investisseurs louant leurs appartements) qui parlent la m\u00eame langue que vous et ont une mentalit\u00e9 similaire, mais avec le d\u00e9sir d&#8217;organiser la vie sur les principes du respect mutuel.<\/p>\n","protected":false},"excerpt":{"rendered":"<p>L\u2019\u00e9migration est-elle une affaire simple : faire ses valises et partir pour une nouvelle vie ? Malheureusement, personne ne peut choisir l\u2019endroit o\u00f9 il souhaite na\u00eetre. Heureusement, l\u2019homme moderne a la possibilit\u00e9 de choisir l\u2019endroit o\u00f9 il veut vivre. Tout d\u2019abord, vous devez comprendre si c\u2019est vraiment par hasard et par inconscience que vous vivez dans le pays dans lequel vous vivez actuellement. \u00cates-vous &#8230;<\/p>\n","protected":false},"author":1,"featured_media":0,"parent":0,"menu_order":0,"comment_status":"closed","ping_status":"closed","template":"","meta":{"_acf_changed":false,"footnotes":""},"class_list":["post-446","page","type-page","status-publish","hentry"],"translation":{"provider":"WPGlobus","version":"3.0.2","language":"fr","enabled_languages":["en","cz","fr","ru","tr"],"languages":{"en":{"title":true,"content":true,"excerpt":false},"cz":{"title":true,"content":true,"excerpt":false},"fr":{"title":true,"content":true,"excerpt":false},"ru":{"title":true,"content":true,"excerpt":false},"tr":{"title":true,"content":true,"excerpt":false}}},"acf":[],"_links":{"self":[{"href":"https:\/\/old.seven-elephants.com\/fr\/wp-json\/wp\/v2\/pages\/446","targetHints":{"allow":["GET"]}}],"collection":[{"href":"https:\/\/old.seven-elephants.com\/fr\/wp-json\/wp\/v2\/pages"}],"about":[{"href":"https:\/\/old.seven-elephants.com\/fr\/wp-json\/wp\/v2\/types\/page"}],"author":[{"embeddable":true,"href":"https:\/\/old.seven-elephants.com\/fr\/wp-json\/wp\/v2\/users\/1"}],"replies":[{"embeddable":true,"href":"https:\/\/old.seven-elephants.com\/fr\/wp-json\/wp\/v2\/comments?post=446"}],"version-history":[{"count":33,"href":"https:\/\/old.seven-elephants.com\/fr\/wp-json\/wp\/v2\/pages\/446\/revisions"}],"predecessor-version":[{"id":10020,"href":"https:\/\/old.seven-elephants.com\/fr\/wp-json\/wp\/v2\/pages\/446\/revisions\/10020"}],"wp:attachment":[{"href":"https:\/\/old.seven-elephants.com\/fr\/wp-json\/wp\/v2\/media?parent=446"}],"curies":[{"name":"wp","href":"https:\/\/api.w.org\/{rel}","templated":true}]}}