{"id":441,"date":"2020-10-22T07:48:17","date_gmt":"2020-10-22T04:48:17","guid":{"rendered":"http:\/\/next.prosperitylife.org\/?page_id=441"},"modified":"2025-06-03T08:20:23","modified_gmt":"2025-06-03T05:20:23","slug":"about","status":"publish","type":"page","link":"https:\/\/old.seven-elephants.com\/fr\/about\/","title":{"rendered":"\u00c0 propos de nous"},"content":{"rendered":"<p>En 2006, le groupe de soci\u00e9t\u00e9s &#8220;<strong>S.I.I.B. Professional Group Ltd<\/strong>&#8220;a \u00e9t\u00e9 fond\u00e9. Plus tard, il est entr\u00e9 dans la soci\u00e9t\u00e9 de conseil &#8220;<strong>Seven Elephants Investment Ltd<\/strong>&#8220;, ainsi que la soci\u00e9t\u00e9 de d\u00e9veloppement &#8220;<strong>Tumar Construction Ltd<\/strong>&#8220;.<\/p>\n<p>Notre mission est de donner aux gens plus que ce qu&#8217;ils attendent. Nous vous serons toujours utiles dans des domaines compl\u00e8tement diff\u00e9rents. Nos migrants re\u00e7oivent des informations compl\u00e8tes et d\u00e9taill\u00e9es sur tous les aspects de la vie et des affaires dans le nord de Chypre, des consultations de toute sorte et m\u00eame un soutien d&#8217;adaptation gratuit.<\/p>\n<p>Pour les investisseurs dans l&#8217;immobilier \u00e9tranger, nous avons cr\u00e9\u00e9 une entreprise commerciale qui aide les gens \u00e0 d\u00e9cider d&#8217;une partie aussi importante que la s\u00e9lection des objets \u00e0 investir, l&#8217;organisation de la construction pour le compte des investisseurs, l&#8217;organisation de l&#8217;acquisition des objets en construction et la gestion fiduciaire de nos clients. immobilier.<\/p>\n<p>Nos dirigeants ont 30 ans d\u2019exp\u00e9rience en affaires et nos consultants sont des penseurs cr\u00e9atifs. Nous avons r\u00e9ussi dans le domaine des affaires, du travail social et du travail caritatif. Nous essayons toujours de donner plus que ce que nos clients attendent de nous.<\/p>\n<p>Permettez-moi de vous pr\u00e9senter <strong>Seven Elephants Investment Ltd.<\/strong> \u2014 une entreprise prosp\u00e8re op\u00e9rant sur le march\u00e9 du conseil sur les questions d\u2019\u00e9migration et d\u2019investissement dans l\u2019immobilier \u00e0 Chypre du Nord.<\/p>\n<h3>Au cours des 12 derni\u00e8res ann\u00e9es, nous avons vendu plus de 1 700 propri\u00e9t\u00e9s,<br \/>\nce qui place l&#8217;entreprise dans une position de leader sur le march\u00e9 immobilier du nord de Chypre.<\/h3>\n<p>Si vous souhaitez \u00e9migrer vers Chypre du Nord, \u00e9conomiser et augmenter votre argent, et peut-\u00eatre prendre des vacances r\u00e9guli\u00e8rement et \u00e9conomiquement, vous devez alors d\u00e9cider d&#8217;un \u00e9l\u00e9ment aussi important que l&#8217;immobilier. Sept \u00c9l\u00e9phants Investissement Ltd. &#8211; un partenaire, un guide, un conseiller et un ami fiable. Nous serons heureux de vous compter parmi nos clients et ferons tout notre possible pour que l&#8217;achat d&#8217;un bien immobilier \u00e0 Chypre du Nord soit le meilleur moment de votre vie !<\/p>\n<p>Par Seven Elephants Inv. une large gamme de services est propos\u00e9e, que vous pouvez consulter dans la section \u00ab <a href=\"\/fr\/services\">Nos services<\/a> \u00bb<\/p>\n<p>Nous esp\u00e9rons que vous b\u00e9n\u00e9ficierez non seulement d\u2019un avantage pratique, mais que vous appr\u00e9cierez \u00e9galement de travailler avec nous !<\/p>\n","protected":false},"excerpt":{"rendered":"<p>En 2006, le groupe de soci\u00e9t\u00e9s &#8220;S.I.I.B. Professional Group Ltd&#8220;a \u00e9t\u00e9 fond\u00e9. Plus tard, il est entr\u00e9 dans la soci\u00e9t\u00e9 de conseil &#8220;Seven Elephants Investment Ltd&#8220;, ainsi que la soci\u00e9t\u00e9 de d\u00e9veloppement &#8220;Tumar Construction Ltd&#8220;. Notre mission est de donner aux gens plus que ce qu&#8217;ils attendent. Nous vous serons toujours utiles dans des domaines compl\u00e8tement diff\u00e9rents. Nos migrants re\u00e7oivent des informations compl\u00e8tes et &#8230;<\/p>\n","protected":false},"author":1,"featured_media":0,"parent":0,"menu_order":0,"comment_status":"closed","ping_status":"closed","template":"","meta":{"_acf_changed":false,"footnotes":""},"class_list":["post-441","page","type-page","status-publish","hentry"],"translation":{"provider":"WPGlobus","version":"3.0.2","language":"fr","enabled_languages":["en","cz","fr","ru","tr"],"languages":{"en":{"title":true,"content":true,"excerpt":false},"cz":{"title":true,"content":true,"excerpt":false},"fr":{"title":true,"content":true,"excerpt":false},"ru":{"title":true,"content":true,"excerpt":false},"tr":{"title":true,"content":true,"excerpt":false}}},"acf":[],"_links":{"self":[{"href":"https:\/\/old.seven-elephants.com\/fr\/wp-json\/wp\/v2\/pages\/441","targetHints":{"allow":["GET"]}}],"collection":[{"href":"https:\/\/old.seven-elephants.com\/fr\/wp-json\/wp\/v2\/pages"}],"about":[{"href":"https:\/\/old.seven-elephants.com\/fr\/wp-json\/wp\/v2\/types\/page"}],"author":[{"embeddable":true,"href":"https:\/\/old.seven-elephants.com\/fr\/wp-json\/wp\/v2\/users\/1"}],"replies":[{"embeddable":true,"href":"https:\/\/old.seven-elephants.com\/fr\/wp-json\/wp\/v2\/comments?post=441"}],"version-history":[{"count":123,"href":"https:\/\/old.seven-elephants.com\/fr\/wp-json\/wp\/v2\/pages\/441\/revisions"}],"predecessor-version":[{"id":10019,"href":"https:\/\/old.seven-elephants.com\/fr\/wp-json\/wp\/v2\/pages\/441\/revisions\/10019"}],"wp:attachment":[{"href":"https:\/\/old.seven-elephants.com\/fr\/wp-json\/wp\/v2\/media?parent=441"}],"curies":[{"name":"wp","href":"https:\/\/api.w.org\/{rel}","templated":true}]}}