{"id":2,"date":"2020-10-07T08:07:21","date_gmt":"2020-10-07T05:07:21","guid":{"rendered":"http:\/\/next.prosperitylife.org\/?page_id=2"},"modified":"2025-02-01T08:39:23","modified_gmt":"2025-02-01T05:39:23","slug":"homepage","status":"publish","type":"page","link":"https:\/\/old.seven-elephants.com\/fr\/","title":{"rendered":"Page d&#8217;accueil"},"content":{"rendered":"<h2>SEVEN ELEPHANTS INVESTMENT<\/h2>\n<h4>Le meilleur conseil \u00e0 Chypre du Nord !<\/h4>\n<h2>Nous sommes heureux de vous accueillir sur notre site<\/h2>\n<p>Nous organisons l&#8217;endroit id\u00e9al pour vivre et investir dans le nord de Chypre !<\/p>\n<p>En nous contactant, vous recevrez des informations compl\u00e8tes sur l&#8217;achat d&#8217;appartements, y compris les prix actuels des maisons. Notre entreprise est pr\u00eate \u00e0 vous accompagner \u00e0 chaque \u00e9tape, en commen\u00e7ant par les subtilit\u00e9s juridiques de l&#8217;achat d&#8217;un bien immobilier jusqu&#8217;\u00e0 l&#8217;am\u00e9nagement de votre maison.<\/p>\n<p>Des professionnels exp\u00e9riment\u00e9s vous aideront \u00e0 choisir le meilleur logement en fonction de vos besoins et de votre budget, vous fourniront tout ce que vous devez savoir sur le pays, y compris les r\u00e8gles et r\u00e9glementations concernant la vie<\/p>\n<p>Nous offrons des services complets:<\/p>\n<ul>\n<li>Recherche et s\u00e9lection de biens immobiliers \u00e0 Chypre du Nord<\/li>\n<li>Assistance juridique<\/li>\n<li>Aide \u00e0 l&#8217;\u00e9migration et \u00e0 l&#8217;adaptation, obtention du titre de s\u00e9jour<\/li>\n<li>Programmes de permis de s\u00e9jour sp\u00e9ciaux pour les retrait\u00e9s.<\/li>\n<\/ul>\n<p>Nos organismes affili\u00e9s vous aideront \u00e0 tout moment en vous fournissant un soutien.<\/p>\n<p>Contactez-nous pour \u00e9conomiser votre temps pr\u00e9cieux et votre argent. Seven Elephants est une approche individuelle, une attitude responsable et une solution garantie \u00e0 toute situation li\u00e9e \u00e0 l&#8217;acquisition de m\u00e8tres carr\u00e9s.<\/p>\n<p>N&#8217;attendez plus, contactez-nous d\u00e8s aujourd&#8217;hui et commencez votre voyage vers l&#8217;\u00eele paradisiaque ! \u00c0 notre \u00e9poque o\u00f9 tout va tr\u00e8s vite et o\u00f9 les co\u00fbts sont \u00e9lev\u00e9s, nous souhaitons vous aider \u00e0 \u00e9conomiser de pr\u00e9cieuses minutes et heures en menant des n\u00e9gociations pr\u00e9liminaires par courrier \u00e9lectronique ou par Skype.<\/p>\n<p>Nous vous souhaitons du succ\u00e8s !<\/p>\n","protected":false},"excerpt":{"rendered":"<p>SEVEN ELEPHANTS INVESTMENT Le meilleur conseil \u00e0 Chypre du Nord ! Nous sommes heureux de vous accueillir sur notre site Nous organisons l&#8217;endroit id\u00e9al pour vivre et investir dans le nord de Chypre ! En nous contactant, vous recevrez des informations compl\u00e8tes sur l&#8217;achat d&#8217;appartements, y compris les prix actuels des maisons. Notre entreprise est pr\u00eate \u00e0 vous accompagner \u00e0 chaque \u00e9tape, en commen\u00e7ant &#8230;<\/p>\n","protected":false},"author":1,"featured_media":0,"parent":0,"menu_order":0,"comment_status":"closed","ping_status":"open","template":"","meta":{"_acf_changed":false,"footnotes":""},"class_list":["post-2","page","type-page","status-publish","hentry"],"translation":{"provider":"WPGlobus","version":"3.0.2","language":"fr","enabled_languages":["en","cz","fr","ru","tr"],"languages":{"en":{"title":true,"content":true,"excerpt":false},"cz":{"title":true,"content":true,"excerpt":false},"fr":{"title":true,"content":true,"excerpt":false},"ru":{"title":true,"content":true,"excerpt":false},"tr":{"title":true,"content":true,"excerpt":false}}},"acf":[],"_links":{"self":[{"href":"https:\/\/old.seven-elephants.com\/fr\/wp-json\/wp\/v2\/pages\/2","targetHints":{"allow":["GET"]}}],"collection":[{"href":"https:\/\/old.seven-elephants.com\/fr\/wp-json\/wp\/v2\/pages"}],"about":[{"href":"https:\/\/old.seven-elephants.com\/fr\/wp-json\/wp\/v2\/types\/page"}],"author":[{"embeddable":true,"href":"https:\/\/old.seven-elephants.com\/fr\/wp-json\/wp\/v2\/users\/1"}],"replies":[{"embeddable":true,"href":"https:\/\/old.seven-elephants.com\/fr\/wp-json\/wp\/v2\/comments?post=2"}],"version-history":[{"count":77,"href":"https:\/\/old.seven-elephants.com\/fr\/wp-json\/wp\/v2\/pages\/2\/revisions"}],"predecessor-version":[{"id":10018,"href":"https:\/\/old.seven-elephants.com\/fr\/wp-json\/wp\/v2\/pages\/2\/revisions\/10018"}],"wp:attachment":[{"href":"https:\/\/old.seven-elephants.com\/fr\/wp-json\/wp\/v2\/media?parent=2"}],"curies":[{"name":"wp","href":"https:\/\/api.w.org\/{rel}","templated":true}]}}