{"id":184,"date":"2020-10-15T07:41:41","date_gmt":"2020-10-15T04:41:41","guid":{"rendered":"http:\/\/next.prosperitylife.org\/?page_id=184"},"modified":"2025-02-01T11:23:23","modified_gmt":"2025-02-01T08:23:23","slug":"vip-tour","status":"publish","type":"page","link":"https:\/\/old.seven-elephants.com\/fr\/tours\/vip-tour\/","title":{"rendered":"Visite VIP"},"content":{"rendered":"<h2>Vous avez appris \u00e0 conna\u00eetre la belle \u00eele de Chypre<br \/>\net le merveilleux pays de Chypre du Nord<\/h2>\n<h3>Pour toucher l&#8217;histoire vivante, plongez-vous dans la vie des Chypriotes,<br \/>\nla nature \u00e9tonnante, le climat doux et faites-le d&#8217;une mani\u00e8re sp\u00e9ciale,<br \/>\ncommandez une visite VIP aupr\u00e8s de notre entreprise<\/h3>\n\n\t\t\t<!-- START VIP tour REVOLUTION SLIDER 6.7.6 --><p class=\"rs-p-wp-fix\"><\/p>\n\t\t\t<rs-module-wrap id=\"rev_slider_10_1_wrapper\" data-source=\"gallery\" style=\"visibility:hidden;background:transparent;padding:0;margin:0px auto;margin-top:0;margin-bottom:0;\">\n\t\t\t\t<rs-module id=\"rev_slider_10_1\" style=\"\" data-version=\"6.7.6\">\n\t\t\t\t\t<rs-slides style=\"overflow: hidden; position: absolute;\">\n\t\t\t\t\t\t<rs-slide style=\"position: absolute;\" data-key=\"rs-223\" data-title=\"Slide\" data-thumb=\"\/\/seven-elephants.com\/wp-content\/uploads\/2020\/10\/01.jpg\" data-anim=\"ms:1000;r:0;\" data-in=\"o:0;\" data-out=\"a:false;\">\n\t\t\t\t\t\t\t<img decoding=\"async\" src=\"data:image\/gif;base64,R0lGODlhAQABAAAAACH5BAEKAAEALAAAAAABAAEAAAICTAEAOw==\" alt=\"\" title=\"Visite VIP\" class=\"rev-slidebg tp-rs-img rs-lazyload lazyload\" data-lazyload=\"\/\/seven-elephants.com\/wp-content\/uploads\/2020\/10\/01.jpg\" data-no-retina=\"\" data-src=\"\/\/old.seven-elephants.com\/wp-content\/plugins\/revslider\/sr6\/assets\/assets\/dummy.png\">\n<!---->\t\t\t\t\t<\/rs-slide>\n\t\t\t\t\t\t<rs-slide style=\"position: absolute;\" data-key=\"rs-224\" data-title=\"Slide\" data-thumb=\"\/\/seven-elephants.com\/wp-content\/uploads\/2020\/10\/02.jpg\" data-anim=\"ms:1000;r:0;\" data-in=\"o:0;\" data-out=\"a:false;\">\n\t\t\t\t\t\t\t<img decoding=\"async\" src=\"data:image\/gif;base64,R0lGODlhAQABAAAAACH5BAEKAAEALAAAAAABAAEAAAICTAEAOw==\" alt=\"\" title=\"Visite VIP\" class=\"rev-slidebg tp-rs-img rs-lazyload lazyload\" data-lazyload=\"\/\/seven-elephants.com\/wp-content\/uploads\/2020\/10\/02.jpg\" data-no-retina=\"\" data-src=\"\/\/old.seven-elephants.com\/wp-content\/plugins\/revslider\/sr6\/assets\/assets\/dummy.png\">\n<!---->\t\t\t\t\t<\/rs-slide>\n\t\t\t\t\t\t<rs-slide style=\"position: absolute;\" data-key=\"rs-226\" data-title=\"Slide\" data-thumb=\"\/\/seven-elephants.com\/wp-content\/uploads\/2020\/10\/04.jpg\" data-anim=\"ms:1000;r:0;\" data-in=\"o:0;\" data-out=\"a:false;\">\n\t\t\t\t\t\t\t<img decoding=\"async\" src=\"data:image\/gif;base64,R0lGODlhAQABAAAAACH5BAEKAAEALAAAAAABAAEAAAICTAEAOw==\" alt=\"\" title=\"Visite VIP\" class=\"rev-slidebg tp-rs-img rs-lazyload lazyload\" data-lazyload=\"\/\/seven-elephants.com\/wp-content\/uploads\/2020\/10\/04.jpg\" data-no-retina=\"\" data-src=\"\/\/old.seven-elephants.com\/wp-content\/plugins\/revslider\/sr6\/assets\/assets\/dummy.png\">\n<!---->\t\t\t\t\t<\/rs-slide>\n\t\t\t\t\t\t<rs-slide style=\"position: absolute;\" data-key=\"rs-227\" data-title=\"Slide\" data-thumb=\"\/\/seven-elephants.com\/wp-content\/uploads\/2020\/10\/05.jpg\" data-anim=\"ms:1000;r:0;\" data-in=\"o:0;\" data-out=\"a:false;\">\n\t\t\t\t\t\t\t<img decoding=\"async\" src=\"data:image\/gif;base64,R0lGODlhAQABAAAAACH5BAEKAAEALAAAAAABAAEAAAICTAEAOw==\" alt=\"\" title=\"Visite VIP\" class=\"rev-slidebg tp-rs-img rs-lazyload lazyload\" data-lazyload=\"\/\/seven-elephants.com\/wp-content\/uploads\/2020\/10\/05.jpg\" data-no-retina=\"\" data-src=\"\/\/old.seven-elephants.com\/wp-content\/plugins\/revslider\/sr6\/assets\/assets\/dummy.png\">\n<!---->\t\t\t\t\t<\/rs-slide>\n\t\t\t\t\t\t<rs-slide style=\"position: absolute;\" data-key=\"rs-228\" data-title=\"Slide\" data-thumb=\"\/\/seven-elephants.com\/wp-content\/uploads\/2020\/10\/06.jpg\" data-anim=\"ms:1000;r:0;\" data-in=\"o:0;\" data-out=\"a:false;\">\n\t\t\t\t\t\t\t<img decoding=\"async\" src=\"data:image\/gif;base64,R0lGODlhAQABAAAAACH5BAEKAAEALAAAAAABAAEAAAICTAEAOw==\" alt=\"\" title=\"Visite VIP\" class=\"rev-slidebg tp-rs-img rs-lazyload lazyload\" data-lazyload=\"\/\/seven-elephants.com\/wp-content\/uploads\/2020\/10\/06.jpg\" data-no-retina=\"\" data-src=\"\/\/old.seven-elephants.com\/wp-content\/plugins\/revslider\/sr6\/assets\/assets\/dummy.png\">\n<!---->\t\t\t\t\t<\/rs-slide>\n\t\t\t\t\t\t<rs-slide style=\"position: absolute;\" data-key=\"rs-229\" data-title=\"Slide\" data-thumb=\"\/\/seven-elephants.com\/wp-content\/uploads\/2020\/10\/07.jpg\" data-anim=\"ms:1000;r:0;\" data-in=\"o:0;\" data-out=\"a:false;\">\n\t\t\t\t\t\t\t<img decoding=\"async\" src=\"data:image\/gif;base64,R0lGODlhAQABAAAAACH5BAEKAAEALAAAAAABAAEAAAICTAEAOw==\" alt=\"\" title=\"Visite VIP\" class=\"rev-slidebg tp-rs-img rs-lazyload lazyload\" data-lazyload=\"\/\/seven-elephants.com\/wp-content\/uploads\/2020\/10\/07.jpg\" data-no-retina=\"\" data-src=\"\/\/old.seven-elephants.com\/wp-content\/plugins\/revslider\/sr6\/assets\/assets\/dummy.png\">\n<!---->\t\t\t\t\t<\/rs-slide>\n\t\t\t\t\t\t<rs-slide style=\"position: absolute;\" data-key=\"rs-230\" data-title=\"Slide\" data-thumb=\"\/\/seven-elephants.com\/wp-content\/uploads\/2020\/10\/08.jpg\" data-anim=\"ms:1000;r:0;\" data-in=\"o:0;\" data-out=\"a:false;\">\n\t\t\t\t\t\t\t<img decoding=\"async\" src=\"data:image\/gif;base64,R0lGODlhAQABAAAAACH5BAEKAAEALAAAAAABAAEAAAICTAEAOw==\" alt=\"\" title=\"Visite VIP\" class=\"rev-slidebg tp-rs-img rs-lazyload lazyload\" data-lazyload=\"\/\/seven-elephants.com\/wp-content\/uploads\/2020\/10\/08.jpg\" data-no-retina=\"\" data-src=\"\/\/old.seven-elephants.com\/wp-content\/plugins\/revslider\/sr6\/assets\/assets\/dummy.png\">\n<!---->\t\t\t\t\t<\/rs-slide>\n\t\t\t\t\t\t<rs-slide style=\"position: absolute;\" data-key=\"rs-231\" data-title=\"Slide\" data-thumb=\"\/\/seven-elephants.com\/wp-content\/uploads\/2020\/10\/09.jpg\" data-anim=\"ms:1000;r:0;\" data-in=\"o:0;\" data-out=\"a:false;\">\n\t\t\t\t\t\t\t<img decoding=\"async\" src=\"data:image\/gif;base64,R0lGODlhAQABAAAAACH5BAEKAAEALAAAAAABAAEAAAICTAEAOw==\" alt=\"\" title=\"Visite VIP\" class=\"rev-slidebg tp-rs-img rs-lazyload lazyload\" data-lazyload=\"\/\/seven-elephants.com\/wp-content\/uploads\/2020\/10\/09.jpg\" data-no-retina=\"\" data-src=\"\/\/old.seven-elephants.com\/wp-content\/plugins\/revslider\/sr6\/assets\/assets\/dummy.png\">\n<!---->\t\t\t\t\t<\/rs-slide>\n\t\t\t\t\t\t<rs-slide style=\"position: absolute;\" data-key=\"rs-232\" data-title=\"Slide\" data-thumb=\"\/\/seven-elephants.com\/wp-content\/uploads\/2020\/10\/10.jpg\" data-anim=\"ms:1000;r:0;\" data-in=\"o:0;\" data-out=\"a:false;\">\n\t\t\t\t\t\t\t<img decoding=\"async\" src=\"data:image\/gif;base64,R0lGODlhAQABAAAAACH5BAEKAAEALAAAAAABAAEAAAICTAEAOw==\" alt=\"\" title=\"Visite VIP\" class=\"rev-slidebg tp-rs-img rs-lazyload lazyload\" data-lazyload=\"\/\/seven-elephants.com\/wp-content\/uploads\/2020\/10\/10.jpg\" data-no-retina=\"\" data-src=\"\/\/old.seven-elephants.com\/wp-content\/plugins\/revslider\/sr6\/assets\/assets\/dummy.png\">\n<!---->\t\t\t\t\t<\/rs-slide>\n\t\t\t\t\t\t<rs-slide style=\"position: absolute;\" data-key=\"rs-233\" data-title=\"Slide\" data-thumb=\"\/\/seven-elephants.com\/wp-content\/uploads\/2020\/10\/11.jpg\" data-anim=\"ms:1000;r:0;\" data-in=\"o:0;\" data-out=\"a:false;\">\n\t\t\t\t\t\t\t<img decoding=\"async\" src=\"data:image\/gif;base64,R0lGODlhAQABAAAAACH5BAEKAAEALAAAAAABAAEAAAICTAEAOw==\" alt=\"\" title=\"Visite VIP\" class=\"rev-slidebg tp-rs-img rs-lazyload lazyload\" data-lazyload=\"\/\/seven-elephants.com\/wp-content\/uploads\/2020\/10\/11.jpg\" data-no-retina=\"\" data-src=\"\/\/old.seven-elephants.com\/wp-content\/plugins\/revslider\/sr6\/assets\/assets\/dummy.png\">\n<!---->\t\t\t\t\t<\/rs-slide>\n\t\t\t\t\t\t<rs-slide style=\"position: absolute;\" data-key=\"rs-234\" data-title=\"Slide\" data-thumb=\"\/\/seven-elephants.com\/wp-content\/uploads\/2020\/10\/12.jpg\" data-anim=\"ms:1000;r:0;\" data-in=\"o:0;\" data-out=\"a:false;\">\n\t\t\t\t\t\t\t<img decoding=\"async\" src=\"data:image\/gif;base64,R0lGODlhAQABAAAAACH5BAEKAAEALAAAAAABAAEAAAICTAEAOw==\" alt=\"\" title=\"Visite VIP\" class=\"rev-slidebg tp-rs-img rs-lazyload lazyload\" data-lazyload=\"\/\/seven-elephants.com\/wp-content\/uploads\/2020\/10\/12.jpg\" data-no-retina=\"\" data-src=\"\/\/old.seven-elephants.com\/wp-content\/plugins\/revslider\/sr6\/assets\/assets\/dummy.png\">\n<!---->\t\t\t\t\t<\/rs-slide>\n\t\t\t\t\t\t<rs-slide style=\"position: absolute;\" data-key=\"rs-235\" data-title=\"Slide\" data-thumb=\"\/\/seven-elephants.com\/wp-content\/uploads\/2020\/10\/13.jpg\" data-anim=\"ms:1000;r:0;\" data-in=\"o:0;\" data-out=\"a:false;\">\n\t\t\t\t\t\t\t<img decoding=\"async\" src=\"data:image\/gif;base64,R0lGODlhAQABAAAAACH5BAEKAAEALAAAAAABAAEAAAICTAEAOw==\" alt=\"\" title=\"Visite VIP\" class=\"rev-slidebg tp-rs-img rs-lazyload lazyload\" data-lazyload=\"\/\/seven-elephants.com\/wp-content\/uploads\/2020\/10\/13.jpg\" data-no-retina=\"\" data-src=\"\/\/old.seven-elephants.com\/wp-content\/plugins\/revslider\/sr6\/assets\/assets\/dummy.png\">\n<!---->\t\t\t\t\t<\/rs-slide>\n\t\t\t\t\t\t<rs-slide style=\"position: absolute;\" data-key=\"rs-236\" data-title=\"Slide\" data-thumb=\"\/\/seven-elephants.com\/wp-content\/uploads\/2020\/10\/14.jpg\" data-anim=\"ms:1000;r:0;\" data-in=\"o:0;\" data-out=\"a:false;\">\n\t\t\t\t\t\t\t<img decoding=\"async\" src=\"data:image\/gif;base64,R0lGODlhAQABAAAAACH5BAEKAAEALAAAAAABAAEAAAICTAEAOw==\" alt=\"\" title=\"Visite VIP\" class=\"rev-slidebg tp-rs-img rs-lazyload lazyload\" data-lazyload=\"\/\/seven-elephants.com\/wp-content\/uploads\/2020\/10\/14.jpg\" data-no-retina=\"\" data-src=\"\/\/old.seven-elephants.com\/wp-content\/plugins\/revslider\/sr6\/assets\/assets\/dummy.png\">\n<!---->\t\t\t\t\t<\/rs-slide>\n\t\t\t\t\t\t<rs-slide style=\"position: absolute;\" data-key=\"rs-237\" data-title=\"Slide\" data-thumb=\"\/\/seven-elephants.com\/wp-content\/uploads\/2020\/10\/15.jpg\" data-anim=\"ms:1000;r:0;\" data-in=\"o:0;\" data-out=\"a:false;\">\n\t\t\t\t\t\t\t<img decoding=\"async\" src=\"data:image\/gif;base64,R0lGODlhAQABAAAAACH5BAEKAAEALAAAAAABAAEAAAICTAEAOw==\" alt=\"\" title=\"Visite VIP\" class=\"rev-slidebg tp-rs-img rs-lazyload lazyload\" data-lazyload=\"\/\/seven-elephants.com\/wp-content\/uploads\/2020\/10\/15.jpg\" data-no-retina=\"\" data-src=\"\/\/old.seven-elephants.com\/wp-content\/plugins\/revslider\/sr6\/assets\/assets\/dummy.png\">\n<!---->\t\t\t\t\t<\/rs-slide>\n\t\t\t\t\t\t<rs-slide style=\"position: absolute;\" data-key=\"rs-238\" data-title=\"Slide\" data-thumb=\"\/\/seven-elephants.com\/wp-content\/uploads\/2020\/10\/16.jpg\" data-anim=\"ms:1000;r:0;\" data-in=\"o:0;\" data-out=\"a:false;\">\n\t\t\t\t\t\t\t<img decoding=\"async\" src=\"data:image\/gif;base64,R0lGODlhAQABAAAAACH5BAEKAAEALAAAAAABAAEAAAICTAEAOw==\" alt=\"\" title=\"Visite VIP\" class=\"rev-slidebg tp-rs-img rs-lazyload lazyload\" data-lazyload=\"\/\/seven-elephants.com\/wp-content\/uploads\/2020\/10\/16.jpg\" data-no-retina=\"\" data-src=\"\/\/old.seven-elephants.com\/wp-content\/plugins\/revslider\/sr6\/assets\/assets\/dummy.png\">\n<!---->\t\t\t\t\t<\/rs-slide>\n\t\t\t\t\t\t<rs-slide style=\"position: absolute;\" data-key=\"rs-240\" data-title=\"Slide\" data-thumb=\"\/\/seven-elephants.com\/wp-content\/uploads\/2020\/10\/18.jpg\" data-anim=\"ms:1000;r:0;\" data-in=\"o:0;\" data-out=\"a:false;\">\n\t\t\t\t\t\t\t<img decoding=\"async\" src=\"data:image\/gif;base64,R0lGODlhAQABAAAAACH5BAEKAAEALAAAAAABAAEAAAICTAEAOw==\" alt=\"\" title=\"Visite VIP\" class=\"rev-slidebg tp-rs-img rs-lazyload lazyload\" data-lazyload=\"\/\/seven-elephants.com\/wp-content\/uploads\/2020\/10\/18.jpg\" data-no-retina=\"\" data-src=\"\/\/old.seven-elephants.com\/wp-content\/plugins\/revslider\/sr6\/assets\/assets\/dummy.png\">\n<!---->\t\t\t\t\t<\/rs-slide>\n\t\t\t\t\t\t<rs-slide style=\"position: absolute;\" data-key=\"rs-241\" data-title=\"Slide\" data-thumb=\"\/\/seven-elephants.com\/wp-content\/uploads\/2020\/10\/19.jpg\" data-anim=\"ms:1000;r:0;\" data-in=\"o:0;\" data-out=\"a:false;\">\n\t\t\t\t\t\t\t<img decoding=\"async\" src=\"data:image\/gif;base64,R0lGODlhAQABAAAAACH5BAEKAAEALAAAAAABAAEAAAICTAEAOw==\" alt=\"\" title=\"Visite VIP\" class=\"rev-slidebg tp-rs-img rs-lazyload lazyload\" data-lazyload=\"\/\/seven-elephants.com\/wp-content\/uploads\/2020\/10\/19.jpg\" data-no-retina=\"\" data-src=\"\/\/old.seven-elephants.com\/wp-content\/plugins\/revslider\/sr6\/assets\/assets\/dummy.png\">\n<!---->\t\t\t\t\t<\/rs-slide>\n\t\t\t\t\t\t<rs-slide style=\"position: absolute;\" data-key=\"rs-242\" data-title=\"Slide\" data-thumb=\"\/\/seven-elephants.com\/wp-content\/uploads\/2020\/10\/20.jpg\" data-anim=\"ms:1000;r:0;\" data-in=\"o:0;\" data-out=\"a:false;\">\n\t\t\t\t\t\t\t<img decoding=\"async\" src=\"data:image\/gif;base64,R0lGODlhAQABAAAAACH5BAEKAAEALAAAAAABAAEAAAICTAEAOw==\" alt=\"\" title=\"Visite VIP\" class=\"rev-slidebg tp-rs-img rs-lazyload lazyload\" data-lazyload=\"\/\/seven-elephants.com\/wp-content\/uploads\/2020\/10\/20.jpg\" data-no-retina=\"\" data-src=\"\/\/old.seven-elephants.com\/wp-content\/plugins\/revslider\/sr6\/assets\/assets\/dummy.png\">\n<!---->\t\t\t\t\t<\/rs-slide>\n\t\t\t\t\t\t<rs-slide style=\"position: absolute;\" data-key=\"rs-746\" data-title=\"Slide\" data-thumb=\"\/\/seven-elephants.com\/wp-content\/uploads\/2020\/10\/santa-terra-penthouse-001.jpg\" data-anim=\"adpr:false;\" data-in=\"o:0;\" data-out=\"a:false;\">\n\t\t\t\t\t\t\t<img fetchpriority=\"high\" decoding=\"async\" src=\"data:image\/gif;base64,R0lGODlhAQABAAAAACH5BAEKAAEALAAAAAABAAEAAAICTAEAOw==\" alt=\"\" title=\"santa-terra-penthouse-001\" width=\"1600\" height=\"990\" class=\"rev-slidebg tp-rs-img rs-lazyload lazyload\" data-lazyload=\"\/\/seven-elephants.com\/wp-content\/uploads\/2020\/10\/santa-terra-penthouse-001.jpg\" data-no-retina=\"\" data-src=\"\/\/old.seven-elephants.com\/wp-content\/plugins\/revslider\/sr6\/assets\/assets\/dummy.png\">\n<!---->\t\t\t\t\t<\/rs-slide>\n\t\t\t\t\t\t<rs-slide style=\"position: absolute;\" data-key=\"rs-244\" data-title=\"Slide\" data-thumb=\"\/\/seven-elephants.com\/wp-content\/uploads\/2020\/10\/22.jpg\" data-anim=\"ms:1000;r:0;\" data-in=\"o:0;\" data-out=\"a:false;\">\n\t\t\t\t\t\t\t<img decoding=\"async\" src=\"data:image\/gif;base64,R0lGODlhAQABAAAAACH5BAEKAAEALAAAAAABAAEAAAICTAEAOw==\" alt=\"\" title=\"Visite VIP\" class=\"rev-slidebg tp-rs-img rs-lazyload lazyload\" data-lazyload=\"\/\/seven-elephants.com\/wp-content\/uploads\/2020\/10\/22.jpg\" data-no-retina=\"\" data-src=\"\/\/old.seven-elephants.com\/wp-content\/plugins\/revslider\/sr6\/assets\/assets\/dummy.png\">\n<!---->\t\t\t\t\t<\/rs-slide>\n\t\t\t\t\t\t<rs-slide style=\"position: absolute;\" data-key=\"rs-245\" data-title=\"Slide\" data-thumb=\"\/\/seven-elephants.com\/wp-content\/uploads\/2020\/10\/23.jpg\" data-anim=\"ms:1000;r:0;\" data-in=\"o:0;\" data-out=\"a:false;\">\n\t\t\t\t\t\t\t<img decoding=\"async\" src=\"data:image\/gif;base64,R0lGODlhAQABAAAAACH5BAEKAAEALAAAAAABAAEAAAICTAEAOw==\" alt=\"\" title=\"Visite VIP\" class=\"rev-slidebg tp-rs-img rs-lazyload lazyload\" data-lazyload=\"\/\/seven-elephants.com\/wp-content\/uploads\/2020\/10\/23.jpg\" data-no-retina=\"\" data-src=\"\/\/old.seven-elephants.com\/wp-content\/plugins\/revslider\/sr6\/assets\/assets\/dummy.png\">\n<!---->\t\t\t\t\t<\/rs-slide>\n\t\t\t\t\t\t<rs-slide style=\"position: absolute;\" data-key=\"rs-246\" data-title=\"Slide\" data-thumb=\"\/\/seven-elephants.com\/wp-content\/uploads\/2020\/10\/24.jpg\" data-anim=\"ms:1000;r:0;\" data-in=\"o:0;\" data-out=\"a:false;\">\n\t\t\t\t\t\t\t<img decoding=\"async\" src=\"data:image\/gif;base64,R0lGODlhAQABAAAAACH5BAEKAAEALAAAAAABAAEAAAICTAEAOw==\" alt=\"\" title=\"Visite VIP\" class=\"rev-slidebg tp-rs-img rs-lazyload lazyload\" data-lazyload=\"\/\/seven-elephants.com\/wp-content\/uploads\/2020\/10\/24.jpg\" data-no-retina=\"\" data-src=\"\/\/old.seven-elephants.com\/wp-content\/plugins\/revslider\/sr6\/assets\/assets\/dummy.png\">\n<!---->\t\t\t\t\t<\/rs-slide>\n\t\t\t\t\t\t<rs-slide style=\"position: absolute;\" data-key=\"rs-747\" data-title=\"Slide\" data-thumb=\"\/\/seven-elephants.com\/wp-content\/uploads\/2020\/10\/santa-terra-penthouse-019.jpg\" data-anim=\"adpr:false;\" data-in=\"o:0;\" data-out=\"a:false;\">\n\t\t\t\t\t\t\t<img decoding=\"async\" src=\"data:image\/gif;base64,R0lGODlhAQABAAAAACH5BAEKAAEALAAAAAABAAEAAAICTAEAOw==\" alt=\"\" title=\"santa-terra-penthouse-019\" width=\"1600\" height=\"990\" class=\"rev-slidebg tp-rs-img rs-lazyload lazyload\" data-lazyload=\"\/\/seven-elephants.com\/wp-content\/uploads\/2020\/10\/santa-terra-penthouse-019.jpg\" data-no-retina=\"\" data-src=\"\/\/old.seven-elephants.com\/wp-content\/plugins\/revslider\/sr6\/assets\/assets\/dummy.png\">\n<!---->\t\t\t\t\t<\/rs-slide>\n\t\t\t\t\t\t<rs-slide style=\"position: absolute;\" data-key=\"rs-748\" data-title=\"Slide\" data-thumb=\"\/\/seven-elephants.com\/wp-content\/uploads\/2020\/10\/santa-terra-penthouse-021.jpg\" data-anim=\"adpr:false;\" data-in=\"o:0;\" data-out=\"a:false;\">\n\t\t\t\t\t\t\t<img decoding=\"async\" src=\"data:image\/gif;base64,R0lGODlhAQABAAAAACH5BAEKAAEALAAAAAABAAEAAAICTAEAOw==\" alt=\"\" title=\"santa-terra-penthouse-021\" width=\"1600\" height=\"990\" class=\"rev-slidebg tp-rs-img rs-lazyload lazyload\" data-lazyload=\"\/\/seven-elephants.com\/wp-content\/uploads\/2020\/10\/santa-terra-penthouse-021.jpg\" data-no-retina=\"\" data-src=\"\/\/old.seven-elephants.com\/wp-content\/plugins\/revslider\/sr6\/assets\/assets\/dummy.png\">\n<!---->\t\t\t\t\t<\/rs-slide>\n\t\t\t\t\t<\/rs-slides>\n\t\t\t\t<\/rs-module>\n\t\t\t\t<script>\n\t\t\t\t\tsetREVStartSize({c: 'rev_slider_10_1',rl:[1240,1024,778,480],el:[600],gw:[1240],gh:[600],type:'standard',justify:'',layout:'fullwidth',mh:\"0\"});if (window.RS_MODULES!==undefined && window.RS_MODULES.modules!==undefined && window.RS_MODULES.modules[\"revslider101\"]!==undefined) {window.RS_MODULES.modules[\"revslider101\"].once = false;window.revapi10 = undefined;if (window.RS_MODULES.checkMinimal!==undefined) window.RS_MODULES.checkMinimal()}\n\t\t\t\t<\/script>\n\t\t\t<\/rs-module-wrap>\n\t\t\t<!-- END REVOLUTION SLIDER -->\n\n<p>Tout le monde est fatigu\u00e9 des \u00ab vacances de masse \u00bb o\u00f9 l\u2019on est entass\u00e9 dans un avion avec un groupe de voyageurs ivres. De plus, \u00ab collectivement \u00bb, tout le monde est charg\u00e9 dans un bus et emmen\u00e9 \u00e0 l\u2019h\u00f4tel. Cela ne fait plus plaisir \u00e0 personne depuis longtemps, et une ou deux excursions payantes avec un guide paresseux ne suscitent plus l\u2019enthousiasme.<\/p>\n<p>Notre entreprise est honor\u00e9e de vous pr\u00e9senter un service personnalis\u00e9. Vous serez personnellement accueilli par notre responsable directement \u00e0 l&#8217;a\u00e9roport. Nous vous emm\u00e8nerons en voiture jusqu&#8217;\u00e0 la station baln\u00e9aire de Kyrenia et vous h\u00e9bergerons non pas dans une petite chambre, mais dans un penthouse \u00e0 part enti\u00e8re de trois pi\u00e8ces avec une immense terrasse, une vue magnifique, un jardin luxuriant et deux piscines. C\u2019est la seule fa\u00e7on pour vous de vous sentir comme un Chypriote vraiment riche.<\/p>\n<p>Ce voyage vous permettra de profiter pleinement de l&#8217;intimit\u00e9 et de d\u00e9tendre votre \u00e2me et votre corps. Vous pourrez voir le nord de Chypre comme le voient les locaux.<\/p>\n<p>La visite VIP dure g\u00e9n\u00e9ralement 5 jours. Chaque jour, notre responsable viendra vous chercher et vous fera d\u00e9couvrir quelques sites touristiques, vous fera d\u00e9couvrir la vie locale, la cuisine m\u00e9diterran\u00e9enne dans les restaurants locaux&#8230; Vous pourrez sentir la brise chaude sur votre peau, nager sur diff\u00e9rentes plages chaque nouveau jour. Nous abordons chaque client individuellement et le programme de visite sera cr\u00e9\u00e9 sp\u00e9cifiquement pour vous. Vous visiterez des commerces locaux, des stands d&#8217;artisanat et un jardin botanique. Si vous \u00eates int\u00e9ress\u00e9 par l&#8217;immobilier, nous pouvons vous pr\u00e9senter les meilleures offres.<\/p>\n<p>\t\t\t\t\t\tLa dur\u00e9e du tour VIP est de 5 jours.<br \/>\n\t\t\t\t\t\tSon co\u00fbt est de 1690 \u20ac pour 1 \u00e0 3 personnes. Si vous souhaitez venir \u00e0 plusieurs, il vous faudra d\u00e9bourser 840\u20ac suppl\u00e9mentaires par personne.<\/p>\n<h4>La visite VIP comprend :<\/h4>\n<ul>\n<li>\n\t\t\t\t\t\t\t\t\t\ttransfert de l&#8217;a\u00e9roport \u00e0 la ville de Kyrenia le jour de l&#8217;arriv\u00e9e\n\t\t\t\t\t\t\t\t\t<\/li>\n<li>\n\t\t\t\t\t\t\t\t\t\tpenthouse 2 chambres + s\u00e9jour\/cuisine pour 5 jours (le jour d&#8217;arriv\u00e9e et le jour de d\u00e9part sont consid\u00e9r\u00e9s comme un seul jour)\n\t\t\t\t\t\t\t\t\t<\/li>\n<li>\n\t\t\t\t\t\t\t\t\t\tlors de l&#8217;enregistrement, il y a des fruits sur la table et de l&#8217;eau potable (un cadeau)\n\t\t\t\t\t\t\t\t\t<\/li>\n<li>\n\t\t\t\t\t\t\t\t\t\t2 piscines\n\t\t\t\t\t\t\t\t\t<\/li>\n<li>\n\t\t\t\t\t\t\t\t\t\tune terrasse luxueuse avec coin barbecue et chaises longues\n\t\t\t\t\t\t\t\t\t<\/li>\n<li>\n\t\t\t\t\t\t\t\t\t\tAffichage des attractions :\n\t\t\t\t\t\t\t\t\t<\/li>\n<\/ul>\n<ul>\n<li>\n\t\t\t\t\t\t\t\t\t\tPort de Kyrenia\n\t\t\t\t\t\t\t\t\t<\/li>\n<li>\n\t\t\t\t\t\t\t\t\t\tForteresse v\u00e9nitienne\n\t\t\t\t\t\t\t\t\t<\/li>\n<li>\n\t\t\t\t\t\t\t\t\t\tCh\u00e2teau de St. Illarion\n\t\t\t\t\t\t\t\t\t<\/li>\n<li>\n\t\t\t\t\t\t\t\t\t\tAbbaye et village de Bellapais\n\t\t\t\t\t\t\t\t\t<\/li>\n<li>\n\t\t\t\t\t\t\t\t\t\tLe village de Karmi\n\t\t\t\t\t\t\t\t\t<\/li>\n<li>\n\t\t\t\t\t\t\t\t\t\t\u00c9glise Saint-Pierre de Guzelyurt\n\t\t\t\t\t\t\t\t\t<\/li>\n<li>\n\t\t\t\t\t\t\t\t\t\tAncienne cit\u00e9-royaume de Salamine \u00e0 Famagouste (en option)\n\t\t\t\t\t\t\t\t\t<\/li>\n<\/ul>\n<ul>\n<li>\n\t\t\t\t\t\t\t\t\t\tlivraison aux plages\n\t\t\t\t\t\t\t\t\t<\/li>\n<li>\n\t\t\t\t\t\t\t\t\t\tachats\n\t\t\t\t\t\t\t\t\t<\/li>\n<li>\n\t\t\t\t\t\t\t\t\t\ttransfert de Kyrenia \u00e0 l&#8217;a\u00e9roport le jour du d\u00e9part\n\t\t\t\t\t\t\t\t\t<\/li>\n<\/ul>\n<h4>Comment r\u00e9server une visite VIP ?<\/h4>\n<p>Pour commander une visite VIP, vous devez laisser une demande. Un responsable personnel vous sera attribu\u00e9 qui r\u00e9pondra \u00e0 toutes vos questions et vous aidera \u00e0 organiser votre voyage. Le co\u00fbt de la visite VIP est de 1690 euros. Ce prix comprend l&#8217;h\u00e9bergement jusqu&#8217;\u00e0 5 jours, deux transferts, des visites d&#8217;attractions (l&#8217;abbaye de Bellapais, le temple et le complexe d\u00e9fensif de Saint-Hillarion, l&#8217;ancien port de Kyrenia et la forteresse byzantine, l&#8217;\u00e9glise Saint-Pierre).<\/p>\n<p>Si vous souhaitez s\u00e9journer chez nous pour une p\u00e9riode plus longue, vous pouvez payer un suppl\u00e9ment de 35 euros pour chaque jour de s\u00e9jour suppl\u00e9mentaire. Cependant, vous devez r\u00e9server ces jours-l\u00e0 \u00e0 l&#8217;avance.<\/p>\n<p>\t\t\t\t\t\tPr\u00e9sent!<br \/>\n\t\t\t\t\t\tSi vous l&#8217;aimez tellement que vous achetez un bien immobilier aupr\u00e8s de notre entreprise, vous aurez une surprise. Nous vous offrons 500 euros de cashback !<\/p>\n","protected":false},"excerpt":{"rendered":"<p>Vous avez appris \u00e0 conna\u00eetre la belle \u00eele de Chypre et le merveilleux pays de Chypre du Nord Pour toucher l&#8217;histoire vivante, plongez-vous dans la vie des Chypriotes, la nature \u00e9tonnante, le climat doux et faites-le d&#8217;une mani\u00e8re sp\u00e9ciale, commandez une visite VIP aupr\u00e8s de notre entreprise Tout le monde est fatigu\u00e9 des \u00ab vacances de masse \u00bb o\u00f9 l\u2019on est entass\u00e9 dans un &#8230;<\/p>\n","protected":false},"author":1,"featured_media":0,"parent":66,"menu_order":0,"comment_status":"closed","ping_status":"closed","template":"","meta":{"_acf_changed":false,"footnotes":""},"class_list":["post-184","page","type-page","status-publish","hentry"],"translation":{"provider":"WPGlobus","version":"3.0.2","language":"fr","enabled_languages":["en","cz","fr","ru","tr"],"languages":{"en":{"title":true,"content":true,"excerpt":false},"cz":{"title":true,"content":true,"excerpt":false},"fr":{"title":true,"content":true,"excerpt":false},"ru":{"title":true,"content":true,"excerpt":false},"tr":{"title":true,"content":true,"excerpt":false}}},"acf":[],"_links":{"self":[{"href":"https:\/\/old.seven-elephants.com\/fr\/wp-json\/wp\/v2\/pages\/184","targetHints":{"allow":["GET"]}}],"collection":[{"href":"https:\/\/old.seven-elephants.com\/fr\/wp-json\/wp\/v2\/pages"}],"about":[{"href":"https:\/\/old.seven-elephants.com\/fr\/wp-json\/wp\/v2\/types\/page"}],"author":[{"embeddable":true,"href":"https:\/\/old.seven-elephants.com\/fr\/wp-json\/wp\/v2\/users\/1"}],"replies":[{"embeddable":true,"href":"https:\/\/old.seven-elephants.com\/fr\/wp-json\/wp\/v2\/comments?post=184"}],"version-history":[{"count":49,"href":"https:\/\/old.seven-elephants.com\/fr\/wp-json\/wp\/v2\/pages\/184\/revisions"}],"predecessor-version":[{"id":10025,"href":"https:\/\/old.seven-elephants.com\/fr\/wp-json\/wp\/v2\/pages\/184\/revisions\/10025"}],"up":[{"embeddable":true,"href":"https:\/\/old.seven-elephants.com\/fr\/wp-json\/wp\/v2\/pages\/66"}],"wp:attachment":[{"href":"https:\/\/old.seven-elephants.com\/fr\/wp-json\/wp\/v2\/media?parent=184"}],"curies":[{"name":"wp","href":"https:\/\/api.w.org\/{rel}","templated":true}]}}