{"id":933,"date":"2020-10-29T10:04:51","date_gmt":"2020-10-29T07:04:51","guid":{"rendered":"http:\/\/next.prosperitylife.org\/?page_id=933"},"modified":"2025-02-01T11:38:23","modified_gmt":"2025-02-01T08:38:23","slug":"acquisition","status":"publish","type":"page","link":"https:\/\/old.seven-elephants.com\/cz\/acquisition\/","title":{"rendered":"Nab\u00fdv\u00e1n\u00ed nemovitost\u00ed"},"content":{"rendered":"<h3>Chcete od na\u0161\u00ed spole\u010dnosti koupit nemovitost za \u00fa\u010delem<br \/>\np\u0159est\u011bhov\u00e1n\u00ed se do trval\u00e9ho bydli\u0161t\u011b<br \/>\nse z\u00edsk\u00e1n\u00edm povolen\u00ed k pobytu a ob\u010danstv\u00ed<\/h3>\n<h3>Nebo chcete koupit nemovitost pro investi\u010dn\u00ed \u00fa\u010dely<br \/>(zv\u00fd\u0161en\u00ed ceny, n\u00e1jem, osobn\u00ed dovolen\u00e1, vzd\u011bl\u00e1v\u00e1n\u00ed d\u011bt\u00ed v zahrani\u010d\u00ed)<\/h3>\n<h4>Pokud m\u00e1te dostatek finan\u010dn\u00edch prost\u0159edk\u016f na n\u00e1kup nemovitosti na Severn\u00edm Kypru, pak je v\u0161e velmi jednoduch\u00e9: n\u00e1kup se provede v pln\u00e9 v\u00fd\u0161i a najednou a vy jste 100% vlastn\u00edkem nemovitosti a p\u0159eb\u00edr\u00e1te ve\u0161ker\u00e9 v\u00fddaje spojen\u00e9 s n\u00e1kupem a \u00fadr\u017ebou nemovitosti.<\/h4>\n<h5>Jako bonus V\u00e1m m\u016f\u017eeme poskytnout mimobankovn\u00ed \u00fav\u011br na 5-10 let nebo na spl\u00e1tky (obvykle 2 roky),<br \/>v n\u011bkter\u00fdch p\u0159\u00edpadech i na n\u011bkter\u00e9 dom\u00e1c\u00ed spot\u0159ebi\u010de.<\/h5>\n\n\t\t\t<!-- START Regular Purchase REVOLUTION SLIDER 6.7.6 --><p class=\"rs-p-wp-fix\"><\/p>\n\t\t\t<rs-module-wrap id=\"rev_slider_18_1_wrapper\" data-source=\"gallery\" style=\"visibility:hidden;background:transparent;padding:0;margin:0px auto;margin-top:0;margin-bottom:0;\">\n\t\t\t\t<rs-module id=\"rev_slider_18_1\" style=\"\" data-version=\"6.7.6\">\n\t\t\t\t\t<rs-slides style=\"overflow: hidden; position: absolute;\">\n\t\t\t\t\t\t<rs-slide style=\"position: absolute;\" data-key=\"rs-335\" data-title=\"Slide\" data-thumb=\"\/\/seven-elephants.com\/wp-content\/uploads\/2020\/10\/regular-purchase-1.jpg\" data-anim=\"ms:1000;r:0;\" data-in=\"o:0;\" data-out=\"a:false;\">\n\t\t\t\t\t\t\t<img decoding=\"async\" src=\"data:image\/gif;base64,R0lGODlhAQABAAAAACH5BAEKAAEALAAAAAABAAEAAAICTAEAOw==\" alt=\"\" title=\"Nab\u00fdv\u00e1n\u00ed nemovitost\u00ed\" class=\"rev-slidebg tp-rs-img rs-lazyload lazyload\" data-lazyload=\"\/\/seven-elephants.com\/wp-content\/uploads\/2020\/10\/regular-purchase-1.jpg\" data-no-retina=\"\" data-src=\"\/\/old.seven-elephants.com\/wp-content\/plugins\/revslider\/sr6\/assets\/assets\/dummy.png\">\n<!---->\t\t\t\t\t<\/rs-slide>\n\t\t\t\t\t\t<rs-slide style=\"position: absolute;\" data-key=\"rs-336\" data-title=\"Slide\" data-thumb=\"\/\/seven-elephants.com\/wp-content\/uploads\/2020\/10\/regular-purchase-2.jpg\" data-anim=\"ms:1000;r:0;\" data-in=\"o:0;\" data-out=\"a:false;\">\n\t\t\t\t\t\t\t<img decoding=\"async\" src=\"data:image\/gif;base64,R0lGODlhAQABAAAAACH5BAEKAAEALAAAAAABAAEAAAICTAEAOw==\" alt=\"\" title=\"Nab\u00fdv\u00e1n\u00ed nemovitost\u00ed\" class=\"rev-slidebg tp-rs-img rs-lazyload lazyload\" data-lazyload=\"\/\/seven-elephants.com\/wp-content\/uploads\/2020\/10\/regular-purchase-2.jpg\" data-no-retina=\"\" data-src=\"\/\/old.seven-elephants.com\/wp-content\/plugins\/revslider\/sr6\/assets\/assets\/dummy.png\">\n<!---->\t\t\t\t\t<\/rs-slide>\n\t\t\t\t\t\t<rs-slide style=\"position: absolute;\" data-key=\"rs-337\" data-title=\"Slide\" data-thumb=\"\/\/seven-elephants.com\/wp-content\/uploads\/2020\/10\/regular-purchase-3.jpg\" data-anim=\"ms:1000;r:0;\" data-in=\"o:0;\" data-out=\"a:false;\">\n\t\t\t\t\t\t\t<img decoding=\"async\" src=\"data:image\/gif;base64,R0lGODlhAQABAAAAACH5BAEKAAEALAAAAAABAAEAAAICTAEAOw==\" alt=\"\" title=\"Nab\u00fdv\u00e1n\u00ed nemovitost\u00ed\" class=\"rev-slidebg tp-rs-img rs-lazyload lazyload\" data-lazyload=\"\/\/seven-elephants.com\/wp-content\/uploads\/2020\/10\/regular-purchase-3.jpg\" data-no-retina=\"\" data-src=\"\/\/old.seven-elephants.com\/wp-content\/plugins\/revslider\/sr6\/assets\/assets\/dummy.png\">\n<!---->\t\t\t\t\t<\/rs-slide>\n\t\t\t\t\t\t<rs-slide style=\"position: absolute;\" data-key=\"rs-338\" data-title=\"Slide\" data-thumb=\"\/\/seven-elephants.com\/wp-content\/uploads\/2020\/10\/regular-purchase-4.jpg\" data-anim=\"ms:1000;r:0;\" data-in=\"o:0;\" data-out=\"a:false;\">\n\t\t\t\t\t\t\t<img decoding=\"async\" src=\"data:image\/gif;base64,R0lGODlhAQABAAAAACH5BAEKAAEALAAAAAABAAEAAAICTAEAOw==\" alt=\"\" title=\"Nab\u00fdv\u00e1n\u00ed nemovitost\u00ed\" class=\"rev-slidebg tp-rs-img rs-lazyload lazyload\" data-lazyload=\"\/\/seven-elephants.com\/wp-content\/uploads\/2020\/10\/regular-purchase-4.jpg\" data-no-retina=\"\" data-src=\"\/\/old.seven-elephants.com\/wp-content\/plugins\/revslider\/sr6\/assets\/assets\/dummy.png\">\n<!---->\t\t\t\t\t<\/rs-slide>\n\t\t\t\t\t\t<rs-slide style=\"position: absolute;\" data-key=\"rs-339\" data-title=\"Slide\" data-thumb=\"\/\/seven-elephants.com\/wp-content\/uploads\/2020\/10\/regular-purchase-5.jpg\" data-anim=\"ms:1000;r:0;\" data-in=\"o:0;\" data-out=\"a:false;\">\n\t\t\t\t\t\t\t<img decoding=\"async\" src=\"data:image\/gif;base64,R0lGODlhAQABAAAAACH5BAEKAAEALAAAAAABAAEAAAICTAEAOw==\" alt=\"\" title=\"Nab\u00fdv\u00e1n\u00ed nemovitost\u00ed\" class=\"rev-slidebg tp-rs-img rs-lazyload lazyload\" data-lazyload=\"\/\/seven-elephants.com\/wp-content\/uploads\/2020\/10\/regular-purchase-5.jpg\" data-no-retina=\"\" data-src=\"\/\/old.seven-elephants.com\/wp-content\/plugins\/revslider\/sr6\/assets\/assets\/dummy.png\">\n<!---->\t\t\t\t\t<\/rs-slide>\n\t\t\t\t\t\t<rs-slide style=\"position: absolute;\" data-key=\"rs-340\" data-title=\"Slide\" data-thumb=\"\/\/seven-elephants.com\/wp-content\/uploads\/2020\/10\/regular-purchase-6.jpg\" data-anim=\"ms:1000;r:0;\" data-in=\"o:0;\" data-out=\"a:false;\">\n\t\t\t\t\t\t\t<img decoding=\"async\" src=\"data:image\/gif;base64,R0lGODlhAQABAAAAACH5BAEKAAEALAAAAAABAAEAAAICTAEAOw==\" alt=\"\" title=\"Nab\u00fdv\u00e1n\u00ed nemovitost\u00ed\" class=\"rev-slidebg tp-rs-img rs-lazyload lazyload\" data-lazyload=\"\/\/seven-elephants.com\/wp-content\/uploads\/2020\/10\/regular-purchase-6.jpg\" data-no-retina=\"\" data-src=\"\/\/old.seven-elephants.com\/wp-content\/plugins\/revslider\/sr6\/assets\/assets\/dummy.png\">\n<!---->\t\t\t\t\t<\/rs-slide>\n\t\t\t\t\t\t<rs-slide style=\"position: absolute;\" data-key=\"rs-341\" data-title=\"Slide\" data-thumb=\"\/\/seven-elephants.com\/wp-content\/uploads\/2020\/10\/regular-purchase-7.jpg\" data-anim=\"ms:1000;r:0;\" data-in=\"o:0;\" data-out=\"a:false;\">\n\t\t\t\t\t\t\t<img decoding=\"async\" src=\"data:image\/gif;base64,R0lGODlhAQABAAAAACH5BAEKAAEALAAAAAABAAEAAAICTAEAOw==\" alt=\"\" title=\"Nab\u00fdv\u00e1n\u00ed nemovitost\u00ed\" class=\"rev-slidebg tp-rs-img rs-lazyload lazyload\" data-lazyload=\"\/\/seven-elephants.com\/wp-content\/uploads\/2020\/10\/regular-purchase-7.jpg\" data-no-retina=\"\" data-src=\"\/\/old.seven-elephants.com\/wp-content\/plugins\/revslider\/sr6\/assets\/assets\/dummy.png\">\n<!---->\t\t\t\t\t<\/rs-slide>\n\t\t\t\t\t\t<rs-slide style=\"position: absolute;\" data-key=\"rs-342\" data-title=\"Slide\" data-thumb=\"\/\/seven-elephants.com\/wp-content\/uploads\/2020\/10\/regular-purchase-8.jpg\" data-anim=\"ms:1000;r:0;\" data-in=\"o:0;\" data-out=\"a:false;\">\n\t\t\t\t\t\t\t<img decoding=\"async\" src=\"data:image\/gif;base64,R0lGODlhAQABAAAAACH5BAEKAAEALAAAAAABAAEAAAICTAEAOw==\" alt=\"\" title=\"Nab\u00fdv\u00e1n\u00ed nemovitost\u00ed\" class=\"rev-slidebg tp-rs-img rs-lazyload lazyload\" data-lazyload=\"\/\/seven-elephants.com\/wp-content\/uploads\/2020\/10\/regular-purchase-8.jpg\" data-no-retina=\"\" data-src=\"\/\/old.seven-elephants.com\/wp-content\/plugins\/revslider\/sr6\/assets\/assets\/dummy.png\">\n<!---->\t\t\t\t\t<\/rs-slide>\n\t\t\t\t\t\t<rs-slide style=\"position: absolute;\" data-key=\"rs-343\" data-title=\"Slide\" data-thumb=\"\/\/seven-elephants.com\/wp-content\/uploads\/2020\/10\/regular-purchase-9.jpg\" data-anim=\"ms:1000;r:0;\" data-in=\"o:0;\" data-out=\"a:false;\">\n\t\t\t\t\t\t\t<img decoding=\"async\" src=\"data:image\/gif;base64,R0lGODlhAQABAAAAACH5BAEKAAEALAAAAAABAAEAAAICTAEAOw==\" alt=\"\" title=\"Nab\u00fdv\u00e1n\u00ed nemovitost\u00ed\" class=\"rev-slidebg tp-rs-img rs-lazyload lazyload\" data-lazyload=\"\/\/seven-elephants.com\/wp-content\/uploads\/2020\/10\/regular-purchase-9.jpg\" data-no-retina=\"\" data-src=\"\/\/old.seven-elephants.com\/wp-content\/plugins\/revslider\/sr6\/assets\/assets\/dummy.png\">\n<!---->\t\t\t\t\t<\/rs-slide>\n\t\t\t\t\t\t<rs-slide style=\"position: absolute;\" data-key=\"rs-344\" data-title=\"Slide\" data-thumb=\"\/\/seven-elephants.com\/wp-content\/uploads\/2020\/10\/regular-purchase-10.jpg\" data-anim=\"ms:1000;r:0;\" data-in=\"o:0;\" data-out=\"a:false;\">\n\t\t\t\t\t\t\t<img decoding=\"async\" src=\"data:image\/gif;base64,R0lGODlhAQABAAAAACH5BAEKAAEALAAAAAABAAEAAAICTAEAOw==\" alt=\"\" title=\"Nab\u00fdv\u00e1n\u00ed nemovitost\u00ed\" class=\"rev-slidebg tp-rs-img rs-lazyload lazyload\" data-lazyload=\"\/\/seven-elephants.com\/wp-content\/uploads\/2020\/10\/regular-purchase-10.jpg\" data-no-retina=\"\" data-src=\"\/\/old.seven-elephants.com\/wp-content\/plugins\/revslider\/sr6\/assets\/assets\/dummy.png\">\n<!---->\t\t\t\t\t<\/rs-slide>\n\t\t\t\t\t\t<rs-slide style=\"position: absolute;\" data-key=\"rs-345\" data-title=\"Slide\" data-thumb=\"\/\/seven-elephants.com\/wp-content\/uploads\/2020\/10\/regular-purchase-11.jpg\" data-anim=\"ms:1000;r:0;\" data-in=\"o:0;\" data-out=\"a:false;\">\n\t\t\t\t\t\t\t<img decoding=\"async\" src=\"data:image\/gif;base64,R0lGODlhAQABAAAAACH5BAEKAAEALAAAAAABAAEAAAICTAEAOw==\" alt=\"\" title=\"Nab\u00fdv\u00e1n\u00ed nemovitost\u00ed\" class=\"rev-slidebg tp-rs-img rs-lazyload lazyload\" data-lazyload=\"\/\/seven-elephants.com\/wp-content\/uploads\/2020\/10\/regular-purchase-11.jpg\" data-no-retina=\"\" data-src=\"\/\/old.seven-elephants.com\/wp-content\/plugins\/revslider\/sr6\/assets\/assets\/dummy.png\">\n<!---->\t\t\t\t\t<\/rs-slide>\n\t\t\t\t\t<\/rs-slides>\n\t\t\t\t<\/rs-module>\n\t\t\t\t<script>\n\t\t\t\t\tsetREVStartSize({c: 'rev_slider_18_1',rl:[1240,1024,778,480],el:[600],gw:[1240],gh:[600],type:'standard',justify:'',layout:'fullwidth',mh:\"0\"});if (window.RS_MODULES!==undefined && window.RS_MODULES.modules!==undefined && window.RS_MODULES.modules[\"revslider181\"]!==undefined) {window.RS_MODULES.modules[\"revslider181\"].once = false;window.revapi18 = undefined;if (window.RS_MODULES.checkMinimal!==undefined) window.RS_MODULES.checkMinimal()}\n\t\t\t\t<\/script>\n\t\t\t<\/rs-module-wrap>\n\t\t\t<!-- END REVOLUTION SLIDER -->\n\n<h4>Jak to funguje:<\/h4>\n<ul>\n<li>\n\t\t\t\t\t\t1<br \/>\n\t\t\t\t\t\t\t\t\t\t\t\t\t\t\t\t\t\t\t\t\t\t\tKontaktujete n\u00e1s e-mailem, pot\u00e9 p\u0159es Skype.<br \/>\n\t\t\t\t\t\t\t\t\t\t\t\tB\u011bhem rozhovoru zji\u0161\u0165ujeme va\u0161e mo\u017enosti a pot\u0159eby, d\u00e1v\u00e1me doporu\u010den\u00ed a napl\u00e1nujeme va\u0161i n\u00e1v\u0161t\u011bvu.\n\t\t\t\t\t\t\t\t\t\t\t\t\t<\/li>\n<li>\n\t\t\t\t\t\t2<br \/>\n\t\t\t\t\t\t\t\t\t\t\t\t\t\t\t\t\t\t\t\t\t\t\tPokud chcete p\u0159ilet\u011bt na prohl\u00eddku, zapla\u0165te 500 eur \u00fa\u010detn\u00edmu odd\u011blen\u00ed a le\u0165te na prohl\u00eddku.\n\t\t\t\t\t\t\t\t\t\t\t\t\t<\/li>\n<li>\n\t\t\t\t\t\t3<br \/>\n\t\t\t\t\t\t\t\t\t\t\t\t\t\t\t\t\t\t\t\t\t\t\tVyberete si konkr\u00e9tn\u00ed nemovitost z t\u011bch, kter\u00e9 jste si prohl\u00e9dli a zaplat\u00edte z\u00e1lohu 5 000 GBP.\n\t\t\t\t\t\t\t\t\t\t\t\t\t<\/li>\n<li>\n\t\t\t\t\t\t4<br \/>\n\t\t\t\t\t\t\t\t\t\t\t\t\t\t\t\t\t\t\t\t\t\t\tNajmete si pr\u00e1vn\u00edka (porad\u00edme v\u00e1m dobr\u00e9ho a levn\u00e9ho).\n\t\t\t\t\t\t\t\t\t\t\t\t\t<\/li>\n<li>\n\t\t\t\t\t\t5<br \/>\n\t\t\t\t\t\t\t\t\t\t\t\t\t\t\t\t\t\t\t\t\t\t\tLet\u00edte zp\u011bt.<br \/>\n\t\t\t\t\t\t\t\t\t\t\t\tP\u0159\u00edpadn\u011b v\u00e1m prodlou\u017e\u00edme v\u00edzum, z\u016fstanete na Kypru a sami podep\u00ed\u0161ete smlouvu a p\u0159i podpisu se zaplat\u00ed jistina.\n\t\t\t\t\t\t\t\t\t\t\t\t\t<\/li>\n<li>\n\t\t\t\t\t\t6<br \/>\n\t\t\t\t\t\t\t\t\t\t\t\t\t\t\t\t\t\t\t\t\t\t\tZb\u00fdvaj\u00edc\u00ed \u010d\u00e1stku p\u0159evedete pr\u00e1vn\u00edkovi.\n\t\t\t\t\t\t\t\t\t\t\t\t\t<\/li>\n<li>\n\t\t\t\t\t\t7<br \/>\n\t\t\t\t\t\t\t\t\t\t\t\t\t\t\t\t\t\t\t\t\t\t\tPr\u00e1vn\u00edk za v\u00e1s podep\u00ed\u0161e smlouvu a p\u0159evede pen\u00edze stavebn\u00edkovi.\n\t\t\t\t\t\t\t\t\t\t\t\t\t<\/li>\n<li>\n\t\t\t\t\t\t8<br \/>\n\t\t\t\t\t\t\t\t\t\t\t\t\t\t\t\t\t\t\t\t\t\t\tAdvok\u00e1t zaeviduje smlouvu u pozemkov\u00e9ho v\u00fdboru a finan\u010dn\u00edho \u00fa\u0159adu a tak\u00e9 pod\u00e1 na Ministerstvo vnitra \u017e\u00e1dost o z\u00e1pis titulu.\n\t\t\t\t\t\t\t\t\t\t\t\t\t<\/li>\n<li>\n\t\t\t\t\t\t9<br \/>\n\t\t\t\t\t\t\t\t\t\t\t\t\t\t\t\t\t\t\t\t\t\t\tIhned po podpisu se m\u016f\u017eete nast\u011bhovat do sv\u00e9ho bytu.\n\t\t\t\t\t\t\t\t\t\t\t\t\t<\/li>\n<li>\n\t\t\t\t\t\t10<br \/>\n\t\t\t\t\t\t\t\t\t\t\t\t\t\t\t\t\t\t\t\t\t\t\tVr\u00e1t\u00edme v\u00e1m 500 eur vynalo\u017een\u00fdch na prohl\u00eddku.\n\t\t\t\t\t\t\t\t\t\t\t\t\t<\/li>\n<\/ul>\n<h4>Pro koho je vhodn\u00fd:<\/h4>\n<p>\t\t\t\t\t\t\t\t\t\t\t\t\t\t\t<img fetchpriority=\"high\" decoding=\"async\" width=\"512\" height=\"512\" src=\"data:image\/gif;base64,R0lGODlhAQABAAAAACH5BAEKAAEALAAAAAABAAEAAAICTAEAOw==\" alt=\"\" class=\"lazyload\" data-src=\"http:\/\/old.seven-elephants.com\/wp-content\/uploads\/2020\/10\/icon-1.png\"><br \/>\n\t\t\t\t\t\tPro investory<br \/>\n(zv\u00fd\u0161en\u00ed ceny, pron\u00e1jem)<br \/>\n\t\t\t\t\t\t\t\t\t\t\t\t\t\t\t<img decoding=\"async\" width=\"512\" height=\"512\" src=\"data:image\/gif;base64,R0lGODlhAQABAAAAACH5BAEKAAEALAAAAAABAAEAAAICTAEAOw==\" alt=\"\" class=\"lazyload\" data-src=\"http:\/\/old.seven-elephants.com\/wp-content\/uploads\/2020\/10\/icon-2.png\"><br \/>\n\t\t\t\t\t\tTi, kte\u0159\u00ed cht\u011bj\u00ed m\u00edt pln\u00e9 vlastnictv\u00ed bydlen\u00ed k u\u017e\u00edv\u00e1n\u00ed libovoln\u00fd po\u010det m\u011bs\u00edc\u016f v roce<br \/>\n\t\t\t\t\t\t\t\t\t\t\t\t\t\t\t<img decoding=\"async\" width=\"512\" height=\"512\" src=\"data:image\/gif;base64,R0lGODlhAQABAAAAACH5BAEKAAEALAAAAAABAAEAAAICTAEAOw==\" alt=\"\" class=\"lazyload\" data-src=\"http:\/\/old.seven-elephants.com\/wp-content\/uploads\/2020\/10\/icon-3.png\"><br \/>\n\t\t\t\t\t\tPro emigranty\t\t\t\t\t<\/p>\n<h4>Va\u0161e v\u00fdhody:<\/h4>\n<ul>\n<li>\n\t\t\t\t\t\t1<br \/>\n\t\t\t\t\t\t\t\t\t\t\t\t\t\t\t\t\t\t\t\t\t\t\tByt je ihned po podpisu v\u00e1\u0161 a hned ho za\u010dnete u\u017e\u00edvat.\n\t\t\t\t\t\t\t\t\t\t\t\t\t<\/li>\n<li>\n\t\t\t\t\t\t2<br \/>\n\t\t\t\t\t\t\t\t\t\t\t\t\t\t\t\t\t\t\t\t\t\t\tV\u0161e je jednoduch\u00e9 a rychl\u00e9\n\t\t\t\t\t\t\t\t\t\t\t\t\t<\/li>\n<li>\n\t\t\t\t\t\t3<br \/>\n\t\t\t\t\t\t\t\t\t\t\t\t\t\t\t\t\t\t\t\t\t\t\tV p\u0159\u00edpad\u011b pot\u0159eby z\u00edsk\u00e1te odklad nebo p\u016fj\u010dku za velmi n\u00edzkou \u00farokovou sazbu, ani\u017e byste museli sb\u00edrat doklady a kontaktovat banku\n\t\t\t\t\t\t\t\t\t\t\t\t\t<\/li>\n<li>\n\t\t\t\t\t\t4<br \/>\n\t\t\t\t\t\t\t\t\t\t\t\t\t\t\t\t\t\t\t\t\t\t\tOkam\u017eitou platbou m\u016f\u017eete po\u017e\u00e1dat o slevu nebo d\u00e1rek\n\t\t\t\t\t\t\t\t\t\t\t\t\t<\/li>\n<li>\n\t\t\t\t\t\t5<br \/>\n\t\t\t\t\t\t\t\t\t\t\t\t\t\t\t\t\t\t\t\t\t\t\tProhl\u00eddka je pro v\u00e1s nakonec zdarma.\n\t\t\t\t\t\t\t\t\t\t\t\t\t<\/li>\n<\/ul>\n","protected":false},"excerpt":{"rendered":"<p>Chcete od na\u0161\u00ed spole\u010dnosti koupit nemovitost za \u00fa\u010delem p\u0159est\u011bhov\u00e1n\u00ed se do trval\u00e9ho bydli\u0161t\u011b se z\u00edsk\u00e1n\u00edm povolen\u00ed k pobytu a ob\u010danstv\u00ed Nebo chcete koupit nemovitost pro investi\u010dn\u00ed \u00fa\u010dely(zv\u00fd\u0161en\u00ed ceny, n\u00e1jem, osobn\u00ed dovolen\u00e1, vzd\u011bl\u00e1v\u00e1n\u00ed d\u011bt\u00ed v zahrani\u010d\u00ed) Pokud m\u00e1te dostatek finan\u010dn\u00edch prost\u0159edk\u016f na n\u00e1kup nemovitosti na Severn\u00edm Kypru, pak je v\u0161e velmi jednoduch\u00e9: n\u00e1kup se provede v pln\u00e9 v\u00fd\u0161i a najednou a vy jste 100% vlastn\u00edkem &#8230;<\/p>\n","protected":false},"author":1,"featured_media":0,"parent":0,"menu_order":0,"comment_status":"closed","ping_status":"closed","template":"","meta":{"_acf_changed":false,"footnotes":""},"class_list":["post-933","page","type-page","status-publish","hentry"],"translation":{"provider":"WPGlobus","version":"3.0.2","language":"cz","enabled_languages":["en","cz","fr","ru","tr"],"languages":{"en":{"title":true,"content":true,"excerpt":false},"cz":{"title":true,"content":true,"excerpt":false},"fr":{"title":true,"content":true,"excerpt":false},"ru":{"title":true,"content":true,"excerpt":false},"tr":{"title":true,"content":true,"excerpt":false}}},"acf":[],"_links":{"self":[{"href":"https:\/\/old.seven-elephants.com\/cz\/wp-json\/wp\/v2\/pages\/933","targetHints":{"allow":["GET"]}}],"collection":[{"href":"https:\/\/old.seven-elephants.com\/cz\/wp-json\/wp\/v2\/pages"}],"about":[{"href":"https:\/\/old.seven-elephants.com\/cz\/wp-json\/wp\/v2\/types\/page"}],"author":[{"embeddable":true,"href":"https:\/\/old.seven-elephants.com\/cz\/wp-json\/wp\/v2\/users\/1"}],"replies":[{"embeddable":true,"href":"https:\/\/old.seven-elephants.com\/cz\/wp-json\/wp\/v2\/comments?post=933"}],"version-history":[{"count":56,"href":"https:\/\/old.seven-elephants.com\/cz\/wp-json\/wp\/v2\/pages\/933\/revisions"}],"predecessor-version":[{"id":8836,"href":"https:\/\/old.seven-elephants.com\/cz\/wp-json\/wp\/v2\/pages\/933\/revisions\/8836"}],"wp:attachment":[{"href":"https:\/\/old.seven-elephants.com\/cz\/wp-json\/wp\/v2\/media?parent=933"}],"curies":[{"name":"wp","href":"https:\/\/api.w.org\/{rel}","templated":true}]}}