{"id":887,"date":"2020-10-27T10:45:42","date_gmt":"2020-10-27T07:45:42","guid":{"rendered":"http:\/\/next.prosperitylife.org\/?page_id=887"},"modified":"2025-01-29T14:05:44","modified_gmt":"2025-01-29T11:05:44","slug":"services","status":"publish","type":"page","link":"https:\/\/old.seven-elephants.com\/cz\/services\/","title":{"rendered":"Slu\u017eby"},"content":{"rendered":"<ul>\n<li>\n\t\t\t\t\t\t\tPovolen\u00ed k pobytu pro 1 osobu<br \/>\n\t\t\t\t\t\t\t\t\t\t\t\t\t\t\t\t\t\t\t\u00a3400\n\t\t\t\t<\/li>\n<li>\n\t\t\t\t\t\t\tPovolen\u00ed k pobytu pro 2 a v\u00edce \u010dlen\u016f rodiny<br \/>\n\t\t\t\t\t\t\t\t\t\t\t\t\t\t\t\t\t\t\t\u00a3350\n\t\t\t\t<\/li>\n<li>\n\t\t\t\t\t\t\tRegistrace pln\u00e9 moci<br \/>\n\t\t\t\t\t\t\t\t\t\t\t\t\t\t\t\t\t\t\t\u00a315\n\t\t\t\t<\/li>\n<li>\n\t\t\t\t\t\t\tRegistrace potvrzen\u00ed o pobytu<br \/>\n\t\t\t\t\t\t\t\t\t\t\t\t\t\t\t\t\t\t\t\u00a350\n\t\t\t\t<\/li>\n<li>\n\t\t\t\t\t\t\tOtev\u0159en\u00ed bankovn\u00edho \u00fa\u010dtu<br \/>\n\t\t\t\t\t\t\t\t\t\t\t\t\t\t\t\t\t\t\t\u00a3100\n\t\t\t\t<\/li>\n<li>\n\t\t\t\t\t\t\tVypln\u011bn\u00ed dotazn\u00edku v online syst\u00e9mu Ministerstva vnitra<br \/>\n\t\t\t\t\t\t\t\t\t\t\t\t\t\t\t\t\t\t\t\u00a350<\/p>\n<p>\n\t\t\t\t\t\t\ta elektronick\u00e1 registrace na sch\u016fzku na migra\u010dn\u00ed policii\n\t\t\t\t\t\t<\/p>\n<\/li>\n<li>\n\t\t\t\t\t\t\tDoprovod na migra\u010dn\u00ed policii p\u0159i p\u0159edkl\u00e1d\u00e1n\u00ed doklad\u016f pro z\u00edsk\u00e1n\u00ed povolen\u00ed k pobytu<br \/>\n\t\t\t\t\t\t\t\t\t\t\t\t\t\t\t\t\t\t\t\u00a350\n\t\t\t\t<\/li>\n<li>\n\t\t\t\t\t\t\tDoprovod do zdravotnick\u00e9ho za\u0159\u00edzen\u00ed p\u0159i odb\u011bru test\u016f<br \/>\n\t\t\t\t\t\t\t\t\t\t\t\t\t\t\t\t\t\t\t\u00a350\n\t\t\t\t<\/li>\n<li>\n\t\t\t\t\t\t\tP\u0159\u00edprava dal\u0161\u00edch dokument\u016f k p\u0159edlo\u017een\u00ed migra\u010dn\u00ed policii<br \/>\n\t\t\t\t\t\t\t\t\t\t\t\t\t\t\t\t\t\t\t\u043e\u0442 \u00a350<\/p>\n<p>\n\t\t\t\t\t\t\t(souhlas rodi\u010d\u016f, p\u0159eklady a not\u00e1\u0159sk\u00e9 ov\u011b\u0159en\u00ed oddac\u00edch list\u016f atd.)\t\t\t\t\t\t<\/p>\n<\/li>\n<li>\n\t\t\t\t\t\t\tPln\u00e1 podpora transakc\u00ed<br \/>\n\t\t\t\t\t\t\t\t\t\t\t\t\t\t\t\t\t\t\t\u00a31400<\/p>\n<p>\n\t\t\t\t\t\t\tPomoc p\u0159i jedn\u00e1n\u00ed. Seps\u00e1n\u00ed smlouvy. Podpis zmocn\u011bncem. P\u0159\u00edjem a p\u0159evod finan\u010dn\u00edch prost\u0159edk\u016f developerovi. Z\u00e1pis do katastru u pozemkov\u00e9ho v\u00fdboru a da\u0148ov\u00e9ho v\u00fdboru. Pod\u00e1n\u00ed \u017e\u00e1dosti na Ministerstvo vnitra o povolen\u00ed k z\u00edsk\u00e1n\u00ed titulu.\t\t\t\t\t\t<\/p>\n<\/li>\n<li>\n\t\t\t\t\t\t\tRegistrace a pod\u00e1n\u00ed \u017e\u00e1dosti Ministerstvu vnitra o povolen\u00ed p\u0159evodu vlastnick\u00e9ho pr\u00e1va<br \/>\n\t\t\t\t\t\t\t\t\t\t\t\t\t\t\t\t\t\t\t\u00a3400\n\t\t\t\t<\/li>\n<li>\n\t\t\t\t\t\t\tP\u0159eklad n\u00e1zvu<br \/>\n\t\t\t\t\t\t\t\t\t\t\t\t\t\t\t\t\t\t\t\u00a3500\n\t\t\t\t<\/li>\n<li>\n\t\t\t\t\t\t\t\u0160kolstv\u00ed<br \/>\n\t\t\t\t\t\t\t\t\t\t\t\t\t\t\t\t\t\t\t\u00a3500<\/p>\n<p>\n\t\t\t\t\t\t\tKonzultace, v\u00fdb\u011br \u0161koly, vysok\u00e9 \u0161koly nebo univerzity. Doprovod do vzd\u011bl\u00e1vac\u00ed instituce a pomoc p\u0159i jedn\u00e1n\u00ed. Z\u00edsk\u00e1n\u00ed povolen\u00ed od ministerstva \u0161kolstv\u00ed.\t\t\t\t\t\t<\/p>\n<\/li>\n<li>\n\t\t\t\t\t\t\tV\u00fdm\u011bna \u0159idi\u010dsk\u00e9ho pr\u016fkazu<br \/>\n\t\t\t\t\t\t\t\t\t\t\t\t\t\t\t\t\t\t\t\u00a3200\n\t\t\t\t<\/li>\n<li>\n\t\t\t\t\t\t\tPotvrzen\u00ed l\u00e9ka\u0159sk\u00e9ho diplomu<br \/>\n\t\t\t\t\t\t\t\t\t\t\t\t\t\t\t\t\t\t\t\u00a33000\n\t\t\t\t<\/li>\n<li>\n\t\t\t\t\t\t\tOrganizace p\u0159epravy zv\u00ed\u0159at<br \/>\n\t\t\t\t\t\t\t\t\t\t\t\t\t\t\t\t\t\t\t\u00a3200-600<\/p>\n<p>\n\t\t\t\t\t\t\t(v z\u00e1vislosti na slo\u017eitosti)\t\t\t\t\t\t<\/p>\n<\/li>\n<li>\n\t\t\t\t\t\t\tSeps\u00e1n\u00ed z\u00e1v\u011bti<br \/>\n\t\t\t\t\t\t\t\t\t\t\t\t\t\t\t\t\t\t\t\u00a3200\n\t\t\t\t<\/li>\n<li>\n\t\t\t\t\t\t\tZ\u00e1pis d\u011bdictv\u00ed<br \/>\n\t\t\t\t\t\t\t\t\t\t\t\t\t\t\t\t\t\t\t\u00a34000\n\t\t\t\t<\/li>\n<li>\n\t\t\t\t\t\t\tUspo\u0159\u00e1d\u00e1n\u00ed poh\u0159bu<br \/>\n\t\t\t\t\t\t\t\t\t\t\t\t\t\t\t\t\t\t\t\u00a31800\n\t\t\t\t<\/li>\n<li>\n\t\t\t\t\t\t\tRegistrace spole\u010dnosti<br \/>\n\t\t\t\t\t\t\t\t\t\t\t\t\t\t\t\t\t\t\t\u00a312000<\/p>\n<p>\n\t\t\t\t\t\t\tS poskytnut\u00edm 100 000 USD do z\u00e1kladn\u00edho kapit\u00e1lu\t\t\t\t\t\t<\/p>\n<\/li>\n<li>\n\t\t\t\t\t\t\t\u00da\u010detnictv\u00ed<br \/>\n\t\t\t\t\t\t\t\t\t\t\t\t\t\t\t\t\t\t\t\u00a3200 \/ month<\/p>\n<p>\n\t\t\t\t\t\t\tM\u011bs\u00ed\u010dn\u00ed extern\u00ed \u00fa\u010detn\u00ed podpora, da\u0148ov\u00e9 v\u00fdkaznictv\u00ed a pod\u00e1v\u00e1n\u00ed p\u0159izn\u00e1n\u00ed\t\t\t\t\t\t<\/p>\n<\/li>\n<li>\n\t\t\t\t\t\t\tLegalizace pln\u00e9 moci vyhotoven\u00e9 v jin\u00e9 zemi<br \/>\n\t\t\t\t\t\t\t\t\t\t\t\t\t\t\t\t\t\t\t\u00a3100\n\t\t\t\t<\/li>\n<li>\n\t\t\t\t\t\t\tObchodn\u00ed poradenstv\u00ed<br \/>\n\t\t\t\t\t\t\t\t\t\t\t\t\t\t\t\t\t\t\t\u00a3100 \/ hour\n\t\t\t\t<\/li>\n<li>\n\t\t\t\t\t\t\tOsobn\u00ed konzultace<br \/>\n\t\t\t\t\t\t\t\t\t\t\t\t\t\t\t\t\t\t\t\u00a3100 \/ hour<\/p>\n<p>\n\t\t\t\t\t\t\tV p\u0159\u00edpad\u011b jak\u00fdchkoli dotaz\u016f (dan\u011b, zam\u011bstn\u00e1n\u00ed, koup\u011b nemovitosti, povolen\u00ed k pobytu a p\u0159evod vlastnick\u00e9ho pr\u00e1va) s v\u00e1mi budeme mluvit na jak\u00e9koli t\u00e9ma v na\u0161\u00ed kancel\u00e1\u0159i\t\t\t\t\t\t<\/p>\n<\/li>\n<\/ul>\n<p>\t\t\t\t\t\tVezm\u011bte pros\u00edm na v\u011bdom\u00ed,<br \/>\n\t\t\t\t\t\tCena na\u0161ich slu\u017eeb je uvedena bez ohledu na poplatky, cla, tarify \u00fa\u010dtovan\u00e9 \u00fa\u0159ady a organizacemi vyd\u00e1vaj\u00edc\u00edmi doklady.<br \/>\n\t\t\t\t\t\tVezm\u011bte pros\u00edm na v\u011bdom\u00ed,<br \/>\n\t\t\t\t\t\tVe\u0161ker\u00e9 slu\u017eby se projedn\u00e1vaj\u00ed, pl\u00e1nuj\u00ed a plat\u00ed p\u0159edem (povolen\u00ed k pobytu minim\u00e1ln\u011b 30 dn\u00ed p\u0159edem) v investi\u010dn\u00ed kancel\u00e1\u0159i Seven Elephants.<\/p>\n","protected":false},"excerpt":{"rendered":"<p>Povolen\u00ed k pobytu pro 1 osobu \u00a3400 Povolen\u00ed k pobytu pro 2 a v\u00edce \u010dlen\u016f rodiny \u00a3350 Registrace pln\u00e9 moci \u00a315 Registrace potvrzen\u00ed o pobytu \u00a350 Otev\u0159en\u00ed bankovn\u00edho \u00fa\u010dtu \u00a3100 Vypln\u011bn\u00ed dotazn\u00edku v online syst\u00e9mu Ministerstva vnitra \u00a350 a elektronick\u00e1 registrace na sch\u016fzku na migra\u010dn\u00ed policii Doprovod na migra\u010dn\u00ed policii p\u0159i p\u0159edkl\u00e1d\u00e1n\u00ed doklad\u016f pro z\u00edsk\u00e1n\u00ed povolen\u00ed k pobytu \u00a350 Doprovod do zdravotnick\u00e9ho za\u0159\u00edzen\u00ed p\u0159i &#8230;<\/p>\n","protected":false},"author":1,"featured_media":0,"parent":0,"menu_order":0,"comment_status":"closed","ping_status":"closed","template":"","meta":{"_acf_changed":false,"footnotes":""},"class_list":["post-887","page","type-page","status-publish","hentry"],"translation":{"provider":"WPGlobus","version":"3.0.2","language":"cz","enabled_languages":["en","cz","fr","ru","tr"],"languages":{"en":{"title":true,"content":true,"excerpt":false},"cz":{"title":true,"content":true,"excerpt":false},"fr":{"title":true,"content":true,"excerpt":false},"ru":{"title":true,"content":true,"excerpt":false},"tr":{"title":true,"content":true,"excerpt":false}}},"acf":[],"_links":{"self":[{"href":"https:\/\/old.seven-elephants.com\/cz\/wp-json\/wp\/v2\/pages\/887","targetHints":{"allow":["GET"]}}],"collection":[{"href":"https:\/\/old.seven-elephants.com\/cz\/wp-json\/wp\/v2\/pages"}],"about":[{"href":"https:\/\/old.seven-elephants.com\/cz\/wp-json\/wp\/v2\/types\/page"}],"author":[{"embeddable":true,"href":"https:\/\/old.seven-elephants.com\/cz\/wp-json\/wp\/v2\/users\/1"}],"replies":[{"embeddable":true,"href":"https:\/\/old.seven-elephants.com\/cz\/wp-json\/wp\/v2\/comments?post=887"}],"version-history":[{"count":51,"href":"https:\/\/old.seven-elephants.com\/cz\/wp-json\/wp\/v2\/pages\/887\/revisions"}],"predecessor-version":[{"id":10023,"href":"https:\/\/old.seven-elephants.com\/cz\/wp-json\/wp\/v2\/pages\/887\/revisions\/10023"}],"wp:attachment":[{"href":"https:\/\/old.seven-elephants.com\/cz\/wp-json\/wp\/v2\/media?parent=887"}],"curies":[{"name":"wp","href":"https:\/\/api.w.org\/{rel}","templated":true}]}}