{"id":68,"date":"2020-10-07T12:51:12","date_gmt":"2020-10-07T09:51:12","guid":{"rendered":"http:\/\/next.prosperitylife.org\/?page_id=68"},"modified":"2025-05-24T08:19:08","modified_gmt":"2025-05-24T05:19:08","slug":"viewing-tour","status":"publish","type":"page","link":"https:\/\/old.seven-elephants.com\/cz\/tours\/viewing-tour\/","title":{"rendered":"Prohl\u00eddka prohl\u00eddky"},"content":{"rendered":"<h2>Prohl\u00e9dli jste si katalog nemovitost\u00ed,<br \/>\npe\u010dliv\u011b shrom\u00e1\u017ed\u011bn\u00e9 n\u00e1mi pro v\u00e1s,<br \/>\na zamiloval jsi se u\u017e do tebe?<\/h2>\n<h3>Chcete-li vid\u011bt po\u017eadovan\u00fd byt nebo vilu na vlastn\u00ed o\u010di,<br \/>\nnajm\u011bte si pr\u00e1vn\u00edka, nechte z\u00e1lohu, nebo m\u016f\u017eete rovnou uzav\u0159\u00edt kupn\u00ed smlouvu<\/h3>\n<h4>U na\u0161\u00ed spole\u010dnosti si m\u016f\u017eete objednat prohl\u00eddku<\/h4>\n<h4>D\u00edky t\u00e9to slu\u017eebn\u00ed cest\u011b budete moci na vlastn\u00ed o\u010di vid\u011bt m\u00edsto a komplex,<br \/> kter\u00e9 jste si ned\u00e1vno prohl\u00ed\u017eeli na fotografi\u00edch ve sv\u00e9m po\u010d\u00edta\u010di.<\/h4>\n\n\t\t\t<!-- START Viewing Tour REVOLUTION SLIDER 6.7.6 --><p class=\"rs-p-wp-fix\"><\/p>\n\t\t\t<rs-module-wrap id=\"rev_slider_34_1_wrapper\" data-source=\"gallery\" style=\"visibility:hidden;background:transparent;padding:0;margin:0px auto;margin-top:0;margin-bottom:0;\">\n\t\t\t\t<rs-module id=\"rev_slider_34_1\" style=\"\" data-version=\"6.7.6\">\n\t\t\t\t\t<rs-slides style=\"overflow: hidden; position: absolute;\">\n\t\t\t\t\t\t<rs-slide style=\"position: absolute;\" data-key=\"rs-758\" data-title=\"Slide\" data-thumb=\"\/\/seven-elephants.com\/wp-content\/uploads\/2020\/10\/11.jpg\" data-anim=\"ms:1000;r:0;\" data-in=\"o:0;\" data-out=\"a:false;\">\n\t\t\t\t\t\t\t<img decoding=\"async\" src=\"data:image\/gif;base64,R0lGODlhAQABAAAAACH5BAEKAAEALAAAAAABAAEAAAICTAEAOw==\" alt=\"\" title=\"Prohl\u00eddka prohl\u00eddky\" class=\"rev-slidebg tp-rs-img rs-lazyload lazyload\" data-lazyload=\"\/\/seven-elephants.com\/wp-content\/uploads\/2020\/10\/11.jpg\" data-no-retina=\"\" data-src=\"\/\/old.seven-elephants.com\/wp-content\/plugins\/revslider\/sr6\/assets\/assets\/dummy.png\">\n<!---->\t\t\t\t\t<\/rs-slide>\n\t\t\t\t\t\t<rs-slide style=\"position: absolute;\" data-key=\"rs-761\" data-title=\"Slide\" data-thumb=\"\/\/seven-elephants.com\/wp-content\/uploads\/2020\/10\/14.jpg\" data-anim=\"ms:1000;r:0;\" data-in=\"o:0;\" data-out=\"a:false;\">\n\t\t\t\t\t\t\t<img decoding=\"async\" src=\"data:image\/gif;base64,R0lGODlhAQABAAAAACH5BAEKAAEALAAAAAABAAEAAAICTAEAOw==\" alt=\"\" title=\"Prohl\u00eddka prohl\u00eddky\" class=\"rev-slidebg tp-rs-img rs-lazyload lazyload\" data-lazyload=\"\/\/seven-elephants.com\/wp-content\/uploads\/2020\/10\/14.jpg\" data-no-retina=\"\" data-src=\"\/\/old.seven-elephants.com\/wp-content\/plugins\/revslider\/sr6\/assets\/assets\/dummy.png\">\n<!---->\t\t\t\t\t<\/rs-slide>\n\t\t\t\t\t\t<rs-slide style=\"position: absolute;\" data-key=\"rs-763\" data-title=\"Slide\" data-thumb=\"\/\/seven-elephants.com\/wp-content\/uploads\/2020\/10\/16.jpg\" data-anim=\"ms:1000;r:0;\" data-in=\"o:0;\" data-out=\"a:false;\">\n\t\t\t\t\t\t\t<img decoding=\"async\" src=\"data:image\/gif;base64,R0lGODlhAQABAAAAACH5BAEKAAEALAAAAAABAAEAAAICTAEAOw==\" alt=\"\" title=\"Prohl\u00eddka prohl\u00eddky\" class=\"rev-slidebg tp-rs-img rs-lazyload lazyload\" data-lazyload=\"\/\/seven-elephants.com\/wp-content\/uploads\/2020\/10\/16.jpg\" data-no-retina=\"\" data-src=\"\/\/old.seven-elephants.com\/wp-content\/plugins\/revslider\/sr6\/assets\/assets\/dummy.png\">\n<!---->\t\t\t\t\t<\/rs-slide>\n\t\t\t\t\t\t<rs-slide style=\"position: absolute;\" data-key=\"rs-770\" data-title=\"Slide\" data-thumb=\"\/\/seven-elephants.com\/wp-content\/uploads\/2020\/10\/santa-terra-penthouse-001.jpg\" data-anim=\"adpr:false;\" data-in=\"o:0;\" data-out=\"a:false;\">\n\t\t\t\t\t\t\t<img fetchpriority=\"high\" decoding=\"async\" src=\"data:image\/gif;base64,R0lGODlhAQABAAAAACH5BAEKAAEALAAAAAABAAEAAAICTAEAOw==\" alt=\"\" title=\"santa-terra-penthouse-001\" width=\"1600\" height=\"990\" class=\"rev-slidebg tp-rs-img rs-lazyload lazyload\" data-lazyload=\"\/\/seven-elephants.com\/wp-content\/uploads\/2020\/10\/santa-terra-penthouse-001.jpg\" data-no-retina=\"\" data-src=\"\/\/old.seven-elephants.com\/wp-content\/plugins\/revslider\/sr6\/assets\/assets\/dummy.png\">\n<!---->\t\t\t\t\t<\/rs-slide>\n\t\t\t\t\t\t<rs-slide style=\"position: absolute;\" data-key=\"rs-767\" data-title=\"Slide\" data-thumb=\"\/\/seven-elephants.com\/wp-content\/uploads\/2020\/10\/22.jpg\" data-anim=\"ms:1000;r:0;\" data-in=\"o:0;\" data-out=\"a:false;\">\n\t\t\t\t\t\t\t<img decoding=\"async\" src=\"data:image\/gif;base64,R0lGODlhAQABAAAAACH5BAEKAAEALAAAAAABAAEAAAICTAEAOw==\" alt=\"\" title=\"Prohl\u00eddka prohl\u00eddky\" class=\"rev-slidebg tp-rs-img rs-lazyload lazyload\" data-lazyload=\"\/\/seven-elephants.com\/wp-content\/uploads\/2020\/10\/22.jpg\" data-no-retina=\"\" data-src=\"\/\/old.seven-elephants.com\/wp-content\/plugins\/revslider\/sr6\/assets\/assets\/dummy.png\">\n<!---->\t\t\t\t\t<\/rs-slide>\n\t\t\t\t\t\t<rs-slide style=\"position: absolute;\" data-key=\"rs-768\" data-title=\"Slide\" data-thumb=\"\/\/seven-elephants.com\/wp-content\/uploads\/2020\/10\/23.jpg\" data-anim=\"ms:1000;r:0;\" data-in=\"o:0;\" data-out=\"a:false;\">\n\t\t\t\t\t\t\t<img decoding=\"async\" src=\"data:image\/gif;base64,R0lGODlhAQABAAAAACH5BAEKAAEALAAAAAABAAEAAAICTAEAOw==\" alt=\"\" title=\"Prohl\u00eddka prohl\u00eddky\" class=\"rev-slidebg tp-rs-img rs-lazyload lazyload\" data-lazyload=\"\/\/seven-elephants.com\/wp-content\/uploads\/2020\/10\/23.jpg\" data-no-retina=\"\" data-src=\"\/\/old.seven-elephants.com\/wp-content\/plugins\/revslider\/sr6\/assets\/assets\/dummy.png\">\n<!---->\t\t\t\t\t<\/rs-slide>\n\t\t\t\t\t\t<rs-slide style=\"position: absolute;\" data-key=\"rs-769\" data-title=\"Slide\" data-thumb=\"\/\/seven-elephants.com\/wp-content\/uploads\/2020\/10\/24.jpg\" data-anim=\"ms:1000;r:0;\" data-in=\"o:0;\" data-out=\"a:false;\">\n\t\t\t\t\t\t\t<img decoding=\"async\" src=\"data:image\/gif;base64,R0lGODlhAQABAAAAACH5BAEKAAEALAAAAAABAAEAAAICTAEAOw==\" alt=\"\" title=\"Prohl\u00eddka prohl\u00eddky\" class=\"rev-slidebg tp-rs-img rs-lazyload lazyload\" data-lazyload=\"\/\/seven-elephants.com\/wp-content\/uploads\/2020\/10\/24.jpg\" data-no-retina=\"\" data-src=\"\/\/old.seven-elephants.com\/wp-content\/plugins\/revslider\/sr6\/assets\/assets\/dummy.png\">\n<!---->\t\t\t\t\t<\/rs-slide>\n\t\t\t\t\t\t<rs-slide style=\"position: absolute;\" data-key=\"rs-771\" data-title=\"Slide\" data-thumb=\"\/\/seven-elephants.com\/wp-content\/uploads\/2020\/10\/santa-terra-penthouse-019.jpg\" data-anim=\"adpr:false;\" data-in=\"o:0;\" data-out=\"a:false;\">\n\t\t\t\t\t\t\t<img decoding=\"async\" src=\"data:image\/gif;base64,R0lGODlhAQABAAAAACH5BAEKAAEALAAAAAABAAEAAAICTAEAOw==\" alt=\"\" title=\"santa-terra-penthouse-019\" width=\"1600\" height=\"990\" class=\"rev-slidebg tp-rs-img rs-lazyload lazyload\" data-lazyload=\"\/\/seven-elephants.com\/wp-content\/uploads\/2020\/10\/santa-terra-penthouse-019.jpg\" data-no-retina=\"\" data-src=\"\/\/old.seven-elephants.com\/wp-content\/plugins\/revslider\/sr6\/assets\/assets\/dummy.png\">\n<!---->\t\t\t\t\t<\/rs-slide>\n\t\t\t\t\t\t<rs-slide style=\"position: absolute;\" data-key=\"rs-772\" data-title=\"Slide\" data-thumb=\"\/\/seven-elephants.com\/wp-content\/uploads\/2020\/10\/santa-terra-penthouse-021.jpg\" data-anim=\"adpr:false;\" data-in=\"o:0;\" data-out=\"a:false;\">\n\t\t\t\t\t\t\t<img decoding=\"async\" src=\"data:image\/gif;base64,R0lGODlhAQABAAAAACH5BAEKAAEALAAAAAABAAEAAAICTAEAOw==\" alt=\"\" title=\"santa-terra-penthouse-021\" width=\"1600\" height=\"990\" class=\"rev-slidebg tp-rs-img rs-lazyload lazyload\" data-lazyload=\"\/\/seven-elephants.com\/wp-content\/uploads\/2020\/10\/santa-terra-penthouse-021.jpg\" data-no-retina=\"\" data-src=\"\/\/old.seven-elephants.com\/wp-content\/plugins\/revslider\/sr6\/assets\/assets\/dummy.png\">\n<!---->\t\t\t\t\t<\/rs-slide>\n\t\t\t\t\t<\/rs-slides>\n\t\t\t\t<\/rs-module>\n\t\t\t\t<script>\n\t\t\t\t\tsetREVStartSize({c: 'rev_slider_34_1',rl:[1240,1024,778,480],el:[600],gw:[1240],gh:[600],type:'standard',justify:'',layout:'fullwidth',mh:\"0\"});if (window.RS_MODULES!==undefined && window.RS_MODULES.modules!==undefined && window.RS_MODULES.modules[\"revslider341\"]!==undefined) {window.RS_MODULES.modules[\"revslider341\"].once = false;window.revapi34 = undefined;if (window.RS_MODULES.checkMinimal!==undefined) window.RS_MODULES.checkMinimal()}\n\t\t\t\t<\/script>\n\t\t\t<\/rs-module-wrap>\n\t\t\t<!-- END REVOLUTION SLIDER -->\n\n<p>Standardn\u00ed seznamovac\u00ed cesta obvykle trv\u00e1 2-3 dny. B\u011bhem t\u00e9to doby si budete moci prohl\u00e9dnout nemovitosti, kter\u00e9 v\u00e1s zaj\u00edmaj\u00ed, sezn\u00e1mit se s m\u00edstn\u00edm \u017eivotem, vyzkou\u0161et st\u0159edomo\u0159skou kuchyni, uc\u00edtit tepl\u00fd v\u00e1nek na k\u016f\u017ei a prohl\u00e9dnout si p\u00e1r pam\u00e1tek. Ke ka\u017ed\u00e9mu klientovi p\u0159istupujeme individu\u00e1ln\u011b a program prohl\u00eddky je vytvo\u0159en p\u0159\u00edmo pro v\u00e1s.<\/p>\n<ul>\n<li>\n\t\t\t\t\t\t\t\t\t\tSetk\u00e1n\u00ed na leti\u0161ti\n\t\t\t\t\t\t\t\t\t<\/li>\n<li>\n\t\t\t\t\t\t\t\t\t\tTransfer z leti\u0161t\u011b do m\u011bsta Kyrenia\n\t\t\t\t\t\t\t\t\t<\/li>\n<li>\n\t\t\t\t\t\t\t\t\t\tUbytov\u00e1n\u00ed v apartm\u00e1nech\n\t\t\t\t\t\t\t\t\t<\/li>\n<li>\n\t\t\t\t\t\t\t\t\t\tUspo\u0159\u00e1d\u00e1n\u00ed okru\u017en\u00ed j\u00edzdy vybran\u00fdch nemovitost\u00ed\n\t\t\t\t\t\t\t\t\t<\/li>\n<li>\n\t\t\t\t\t\t\t\t\t\tJedn\u00e1n\u00ed v kancel\u00e1\u0159i spole\u010dnosti\n\t\t\t\t\t\t\t\t\t<\/li>\n<li>\n\t\t\t\t\t\t\t\t\t\tRozhovor s \u0159editelem ohledn\u011b podm\u00ednek smlouvy\n\t\t\t\t\t\t\t\t\t<\/li>\n<li>\n\t\t\t\t\t\t\t\t\t\tRozhovor s pr\u00e1vn\u00edkem a \u00fa\u010detn\u00edm\n\t\t\t\t\t\t\t\t\t<\/li>\n<li>\n\t\t\t\t\t\t\t\t\t\tP\u0159\u00edprava pot\u0159ebn\u00fdch dokument\u016f pro transakci a pln\u00e1 pr\u00e1vn\u00ed podpora\n\t\t\t\t\t\t\t\t\t<\/li>\n<li>\n\t\t\t\t\t\t\t\t\t\tN\u00e1v\u0161t\u011bva prodejen a p\u0159edb\u011b\u017en\u00fd v\u00fdb\u011br n\u00e1bytku a dom\u00e1c\u00edch spot\u0159ebi\u010d\u016f\n\t\t\t\t\t\t\t\t\t<\/li>\n<li>\n\t\t\t\t\t\t\t\t\t\tZobrazen\u00ed m\u00edstn\u00edch zaj\u00edmavost\u00ed\n\t\t\t\t\t\t\t\t\t<\/li>\n<li>\n\t\t\t\t\t\t\t\t\t\tTransfer na leti\u0161t\u011b\n\t\t\t\t\t\t\t\t\t<\/li>\n<\/ul>\n<p>Chcete-li si objednat prohl\u00eddku, mus\u00edte zanechat po\u017eadavek. Bude v\u00e1m p\u0159id\u011blen osobn\u00ed mana\u017eer, kter\u00fd zodpov\u00ed v\u0161echny va\u0161e ot\u00e1zky a pom\u016f\u017ee s organizac\u00ed va\u0161\u00ed cesty. Cena prohl\u00eddky je 840 eur. V t\u00e9to cen\u011b je ubytov\u00e1n\u00ed a\u017e na 3 dny, dva transfery, n\u00e1v\u0161t\u011bva \u010dty\u0159 atrakc\u00ed (opatstv\u00ed Bellapais, chr\u00e1mov\u00fd a obrann\u00fd komplex sv. Hillariona, starobyl\u00fd p\u0159\u00edstav Kyrenia a byzantsk\u00e1 pevnost).<\/p>\n<p>V p\u0159\u00edpad\u011b, \u017ee u n\u00e1s budete cht\u00edt z\u016fstat d\u00e9le (a\u017e 7 dn\u00ed), m\u016f\u017eete zaplatit 50 eur za ka\u017ed\u00fd dal\u0161\u00ed den pobytu. Pobyt na v\u00edce ne\u017e 7 dn\u00ed v\u00e1s vyjde na 35 eur na den. Informujte n\u00e1s v\u0161ak o tom p\u0159edem.<\/p>\n<p>I kdy\u017e si bydlen\u00ed nepo\u0159\u00edd\u00edte, nic neriskujete, dostanete sch\u016fzku, doru\u010den\u00ed, ale i ubytov\u00e1n\u00ed a vstupy na atrakce.<\/p>\n<p>Pokud slo\u017e\u00edte z\u00e1lohu nebo podep\u00ed\u0161ete smlouvu o koupi domu, \u010dek\u00e1 v\u00e1s p\u0159ekvapen\u00ed. D\u00e1me v\u00e1m cashback 500 euro!<\/p>\n<p>Jin\u00fdmi slovy, p\u0159isp\u011bjeme 500 eur jako va\u0161i platbu za nemovitost, kterou kupujete!<\/p>\n<p>\t\t\t\t\t\tD\u00e9lka prohl\u00eddky je 2-3 dny.<br \/>\n\t\t\t\t\t\tJeho cena je 840 EUR pro 1-2 osoby. Pokud chcete p\u0159ijet ve v\u00edce lidech, bude to st\u00e1t dal\u0161\u00edch 420 EUR na osobu.<br \/>\n\t\t\t\t\t\tVezm\u011bte pros\u00edm na v\u011bdom\u00ed,<br \/>\n\t\t\t\t\t\tProhl\u00eddka je pracovn\u00ed cesta, kter\u00e1 zahrnuje velk\u00e9 mno\u017estv\u00ed sch\u016fzek a jedn\u00e1n\u00ed. V tomto ohledu nen\u00ed zaji\u0161t\u011bn n\u00e1stup s d\u011btmi na prohl\u00eddkov\u00fd okruh. Pokud je va\u0161\u00edm c\u00edlem dovolen\u00e1 s d\u011btmi, v\u011bnujte pozornost na\u0161\u00ed slu\u017eb\u011b <a href=\"\/cz\/tours\/vip-tour\">VIP prohl\u00eddka<\/a>.<\/p>\n","protected":false},"excerpt":{"rendered":"<p>Prohl\u00e9dli jste si katalog nemovitost\u00ed, pe\u010dliv\u011b shrom\u00e1\u017ed\u011bn\u00e9 n\u00e1mi pro v\u00e1s, a zamiloval jsi se u\u017e do tebe? Chcete-li vid\u011bt po\u017eadovan\u00fd byt nebo vilu na vlastn\u00ed o\u010di, najm\u011bte si pr\u00e1vn\u00edka, nechte z\u00e1lohu, nebo m\u016f\u017eete rovnou uzav\u0159\u00edt kupn\u00ed smlouvu U na\u0161\u00ed spole\u010dnosti si m\u016f\u017eete objednat prohl\u00eddku D\u00edky t\u00e9to slu\u017eebn\u00ed cest\u011b budete moci na vlastn\u00ed o\u010di vid\u011bt m\u00edsto a komplex, kter\u00e9 jste si ned\u00e1vno prohl\u00ed\u017eeli na fotografi\u00edch &#8230;<\/p>\n","protected":false},"author":1,"featured_media":0,"parent":66,"menu_order":0,"comment_status":"closed","ping_status":"closed","template":"","meta":{"_acf_changed":false,"footnotes":""},"class_list":["post-68","page","type-page","status-publish","hentry"],"translation":{"provider":"WPGlobus","version":"3.0.2","language":"cz","enabled_languages":["en","cz","fr","ru","tr"],"languages":{"en":{"title":true,"content":true,"excerpt":false},"cz":{"title":true,"content":true,"excerpt":false},"fr":{"title":true,"content":true,"excerpt":false},"ru":{"title":true,"content":true,"excerpt":false},"tr":{"title":true,"content":true,"excerpt":false}}},"acf":[],"_links":{"self":[{"href":"https:\/\/old.seven-elephants.com\/cz\/wp-json\/wp\/v2\/pages\/68","targetHints":{"allow":["GET"]}}],"collection":[{"href":"https:\/\/old.seven-elephants.com\/cz\/wp-json\/wp\/v2\/pages"}],"about":[{"href":"https:\/\/old.seven-elephants.com\/cz\/wp-json\/wp\/v2\/types\/page"}],"author":[{"embeddable":true,"href":"https:\/\/old.seven-elephants.com\/cz\/wp-json\/wp\/v2\/users\/1"}],"replies":[{"embeddable":true,"href":"https:\/\/old.seven-elephants.com\/cz\/wp-json\/wp\/v2\/comments?post=68"}],"version-history":[{"count":54,"href":"https:\/\/old.seven-elephants.com\/cz\/wp-json\/wp\/v2\/pages\/68\/revisions"}],"predecessor-version":[{"id":10024,"href":"https:\/\/old.seven-elephants.com\/cz\/wp-json\/wp\/v2\/pages\/68\/revisions\/10024"}],"up":[{"embeddable":true,"href":"https:\/\/old.seven-elephants.com\/cz\/wp-json\/wp\/v2\/pages\/66"}],"wp:attachment":[{"href":"https:\/\/old.seven-elephants.com\/cz\/wp-json\/wp\/v2\/media?parent=68"}],"curies":[{"name":"wp","href":"https:\/\/api.w.org\/{rel}","templated":true}]}}