{"id":66,"date":"2020-10-07T12:49:43","date_gmt":"2020-10-07T09:49:43","guid":{"rendered":"http:\/\/next.prosperitylife.org\/?page_id=66"},"modified":"2025-01-29T14:28:19","modified_gmt":"2025-01-29T11:28:19","slug":"tours","status":"publish","type":"page","link":"https:\/\/old.seven-elephants.com\/cz\/tours\/","title":{"rendered":"Prohl\u00eddky"},"content":{"rendered":"<h2>Prohl\u00eddka prohl\u00eddky<\/h2>\n<p>Prohl\u00e9dli jste si katalog nemovitost\u00ed, kter\u00fd jsme pro v\u00e1s pe\u010dliv\u011b shrom\u00e1\u017edili, a ji\u017e jste si vytvo\u0159ili n\u011bjak\u00e9 preference. Chcete-li vid\u011bt po\u017eadovan\u00fd byt \u010di vilu na vlastn\u00ed o\u010di, najmout si pr\u00e1vn\u00edka, slo\u017eit kauci nebo t\u0159eba rovnou podepsat kupn\u00ed smlouvu, m\u016f\u017eete si u na\u0161\u00ed spole\u010dnosti objednat prohl\u00eddku.<\/p>\n<p>D\u00edky t\u00e9to slu\u017eebn\u00ed cest\u011b budete moci na vlastn\u00ed o\u010di vid\u011bt m\u00edsto a are\u00e1l, kter\u00fd jste si ned\u00e1vno prohl\u00ed\u017eeli na fotografi\u00edch v po\u010d\u00edta\u010di.<\/p>\n<p>\t\t\t\t\t<a href=\"\/cz\/tours\/viewing-tour\/\"><br \/>\n\t\t\t\t\t\t\t\t\tP\u0159e\u010dt\u011bte si v\u00edce<br \/>\n\t\t\t\t\t<\/a><\/p>\n<h2>VIP prohl\u00eddka<\/h2>\n<p>Dozv\u011bd\u011bli jste se o kr\u00e1sn\u00e9m ostrov\u011b Kypr a n\u00e1dhern\u00e9 zemi Severn\u00edho Kypru. Chcete-li se dotknout \u017eiv\u00e9 historie, pono\u0159it se do \u017eivota Kyp\u0159an\u016f, \u00fa\u017easn\u00e9 p\u0159\u00edrody, m\u00edrn\u00e9ho klimatu a ud\u011blat to osobit\u00fdm zp\u016fsobem, objednejte si VIP prohl\u00eddku u na\u0161\u00ed spole\u010dnosti.<\/p>\n<p>Na\u0161e spole\u010dnost je poct\u011bna, \u017ee v\u00e1m m\u016f\u017ee nab\u00eddnout p\u0159izp\u016fsoben\u00e9 slu\u017eby. P\u0159\u00edmo na leti\u0161ti v\u00e1s osobn\u011b p\u0159iv\u00edt\u00e1 n\u00e1\u0161 mana\u017eer. Odvezeme v\u00e1s pr\u00e9miov\u00fdm autem do letoviska Kyrenia a ubytujeme v\u00e1s v ne mal\u00e9m pokoji, ale v plnohodnotn\u00e9m t\u0159\u00edpokojov\u00e9m penthouse s obrovskou terasou, n\u00e1dhern\u00fdm v\u00fdhledem, sv\u011b\u017e\u00ed zahradou a dv\u011bma baz\u00e9ny.<\/p>\n<p>\t\t\t\t\t<a href=\"\/cz\/tours\/vip-tour\/\"><br \/>\n\t\t\t\t\t\t\t\t\tP\u0159e\u010dt\u011bte si v\u00edce<br \/>\n\t\t\t\t\t<\/a><\/p>\n","protected":false},"excerpt":{"rendered":"<p>Prohl\u00eddka prohl\u00eddky Prohl\u00e9dli jste si katalog nemovitost\u00ed, kter\u00fd jsme pro v\u00e1s pe\u010dliv\u011b shrom\u00e1\u017edili, a ji\u017e jste si vytvo\u0159ili n\u011bjak\u00e9 preference. Chcete-li vid\u011bt po\u017eadovan\u00fd byt \u010di vilu na vlastn\u00ed o\u010di, najmout si pr\u00e1vn\u00edka, slo\u017eit kauci nebo t\u0159eba rovnou podepsat kupn\u00ed smlouvu, m\u016f\u017eete si u na\u0161\u00ed spole\u010dnosti objednat prohl\u00eddku. D\u00edky t\u00e9to slu\u017eebn\u00ed cest\u011b budete moci na vlastn\u00ed o\u010di vid\u011bt m\u00edsto a are\u00e1l, kter\u00fd jste si ned\u00e1vno &#8230;<\/p>\n","protected":false},"author":1,"featured_media":0,"parent":0,"menu_order":0,"comment_status":"closed","ping_status":"closed","template":"","meta":{"_acf_changed":false,"footnotes":""},"class_list":["post-66","page","type-page","status-publish","hentry"],"translation":{"provider":"WPGlobus","version":"3.0.2","language":"cz","enabled_languages":["en","cz","fr","ru","tr"],"languages":{"en":{"title":true,"content":true,"excerpt":false},"cz":{"title":true,"content":true,"excerpt":false},"fr":{"title":true,"content":true,"excerpt":false},"ru":{"title":true,"content":true,"excerpt":false},"tr":{"title":true,"content":true,"excerpt":false}}},"acf":[],"_links":{"self":[{"href":"https:\/\/old.seven-elephants.com\/cz\/wp-json\/wp\/v2\/pages\/66","targetHints":{"allow":["GET"]}}],"collection":[{"href":"https:\/\/old.seven-elephants.com\/cz\/wp-json\/wp\/v2\/pages"}],"about":[{"href":"https:\/\/old.seven-elephants.com\/cz\/wp-json\/wp\/v2\/types\/page"}],"author":[{"embeddable":true,"href":"https:\/\/old.seven-elephants.com\/cz\/wp-json\/wp\/v2\/users\/1"}],"replies":[{"embeddable":true,"href":"https:\/\/old.seven-elephants.com\/cz\/wp-json\/wp\/v2\/comments?post=66"}],"version-history":[{"count":35,"href":"https:\/\/old.seven-elephants.com\/cz\/wp-json\/wp\/v2\/pages\/66\/revisions"}],"predecessor-version":[{"id":8610,"href":"https:\/\/old.seven-elephants.com\/cz\/wp-json\/wp\/v2\/pages\/66\/revisions\/8610"}],"wp:attachment":[{"href":"https:\/\/old.seven-elephants.com\/cz\/wp-json\/wp\/v2\/media?parent=66"}],"curies":[{"name":"wp","href":"https:\/\/api.w.org\/{rel}","templated":true}]}}