{"id":446,"date":"2020-10-22T07:53:17","date_gmt":"2020-10-22T04:53:17","guid":{"rendered":"http:\/\/next.prosperitylife.org\/?page_id=446"},"modified":"2025-01-29T14:47:31","modified_gmt":"2025-01-29T11:47:31","slug":"emigration","status":"publish","type":"page","link":"https:\/\/old.seven-elephants.com\/cz\/emigration\/","title":{"rendered":"Emigrace"},"content":{"rendered":"<h4>Je emigrace jednoduch\u00e1 z\u00e1le\u017eitost \u2013 sbalit si v\u011bci a odej\u00edt za nov\u00fdm \u017eivotem?<\/h4>\n<p>Bohu\u017eel si nikdo nem\u016f\u017ee vybrat m\u00edsto, kde by se cht\u011bl narodit. Modern\u00ed \u010dlov\u011bk m\u00e1 v\u0161ak na\u0161t\u011bst\u00ed mo\u017enost vybrat si m\u00edsto, kde m\u016f\u017ee \u017e\u00edt. Nejprve mus\u00edte pochopit, zda je to opravdu n\u00e1hoda a bezmy\u0161lenkovitost, \u017ee \u017eijete v zemi, ve kter\u00e9 nyn\u00ed \u017eijete. Jste si jist\u00fd, \u017ee u\u017e v t\u00e9to zemi nechcete z\u016fstat?<\/p>\n<p>Vezm\u011bte si pap\u00edr a napi\u0161te, co se v\u00e1m na n\u011bm nel\u00edb\u00ed. M\u00edra kriminality? Korupce? Obecn\u00e1 n\u00e1lada hn\u011bvu a neklidu ve spole\u010dnosti? Hrubost a drzost okol\u00ed? Nejste si jisti z\u00edt\u0159kem? Drsn\u00e9 klima a nudn\u00e1 krajina? \u017d\u00e1dn\u00e9 mo\u0159e? hory? P\u016fl roku zimy? N\u00edzk\u00e1 \u00farove\u0148 vzd\u011bl\u00e1n\u00ed a obt\u00ed\u017enost jeho praktick\u00e9 aplikace? Rozpory mezi spole\u010dnost\u00ed a st\u00e1tem? Je\u0161t\u011b n\u011bco?<\/p>\n<p>Zkuste si na dal\u0161\u00ed pap\u00edr napsat charakteristiku zem\u011b, ve kter\u00e9 byste cht\u011bli \u017e\u00edt. P\u0159edstavte si v\u0161e co nejpodrobn\u011bji. Zva\u017ete tak\u00e9 takov\u00e9 nuance, jako je kriminalita, loajalita k p\u0159ist\u011bhovalc\u016fm, snadnost z\u00edsk\u00e1n\u00ed povolen\u00ed k pobytu, n\u00e1klady na bydlen\u00ed, p\u0159\u00edtomnost rusk\u00e9 diaspory a spojen\u00ed s n\u00ed. Zn\u00e1te takovou zemi?<\/p>\n<p>Posledn\u00edch p\u011bt let je Severn\u00ed Kypr nesporn\u00fdm l\u00eddrem v atraktivit\u011b trval\u00e9ho st\u011bhov\u00e1n\u00ed mezi obyvateli zem\u00ed, jako je Velk\u00e1 Brit\u00e1nie a Rusko (kupodivu).<\/p>\n<p>A pokud Britov\u00e9 jasn\u011b ch\u00e1pou, \u017ee jen mezi \u201esv\u00fdmi\u201c se mohou c\u00edtit extr\u00e9mn\u011b pohodln\u011b a chr\u00e1n\u011bni. Krom\u011b chyb p\u0159i v\u00fdb\u011bru developera a v d\u016fsledku toho n\u00edzk\u00e9 kvality za vysokou cenu se smola\u0159 emigrant nej\u010dast\u011bji pot\u00fdk\u00e1 s problematick\u00fdmi sousedy a doprovodn\u00fdmi probl\u00e9my spojen\u00fdmi s dal\u0161\u00edm ka\u017edodenn\u00edm \u017eivotem a organizov\u00e1n\u00edm ka\u017edodenn\u00edho \u017eivota v emigraci.<\/p>\n<p>To v\u0161e lze vy\u0159e\u0161it elegantn\u011b a jednodu\u0161e \u2013 usazen\u00edm mezi st\u00e1l\u00e9 obyvatele (ne turisty nebo investory pronaj\u00edmaj\u00edc\u00ed sv\u00e9 byty), kte\u0159\u00ed mluv\u00ed stejn\u00fdm jazykem jako vy a maj\u00ed podobnou mentalitu, ale s touhou organizovat \u017eivot na principech vz\u00e1jemn\u00e9ho respektu.<\/p>\n","protected":false},"excerpt":{"rendered":"<p>Je emigrace jednoduch\u00e1 z\u00e1le\u017eitost \u2013 sbalit si v\u011bci a odej\u00edt za nov\u00fdm \u017eivotem? Bohu\u017eel si nikdo nem\u016f\u017ee vybrat m\u00edsto, kde by se cht\u011bl narodit. Modern\u00ed \u010dlov\u011bk m\u00e1 v\u0161ak na\u0161t\u011bst\u00ed mo\u017enost vybrat si m\u00edsto, kde m\u016f\u017ee \u017e\u00edt. Nejprve mus\u00edte pochopit, zda je to opravdu n\u00e1hoda a bezmy\u0161lenkovitost, \u017ee \u017eijete v zemi, ve kter\u00e9 nyn\u00ed \u017eijete. Jste si jist\u00fd, \u017ee u\u017e v t\u00e9to zemi nechcete z\u016fstat? &#8230;<\/p>\n","protected":false},"author":1,"featured_media":0,"parent":0,"menu_order":0,"comment_status":"closed","ping_status":"closed","template":"","meta":{"_acf_changed":false,"footnotes":""},"class_list":["post-446","page","type-page","status-publish","hentry"],"translation":{"provider":"WPGlobus","version":"3.0.2","language":"cz","enabled_languages":["en","cz","fr","ru","tr"],"languages":{"en":{"title":true,"content":true,"excerpt":false},"cz":{"title":true,"content":true,"excerpt":false},"fr":{"title":true,"content":true,"excerpt":false},"ru":{"title":true,"content":true,"excerpt":false},"tr":{"title":true,"content":true,"excerpt":false}}},"acf":[],"_links":{"self":[{"href":"https:\/\/old.seven-elephants.com\/cz\/wp-json\/wp\/v2\/pages\/446","targetHints":{"allow":["GET"]}}],"collection":[{"href":"https:\/\/old.seven-elephants.com\/cz\/wp-json\/wp\/v2\/pages"}],"about":[{"href":"https:\/\/old.seven-elephants.com\/cz\/wp-json\/wp\/v2\/types\/page"}],"author":[{"embeddable":true,"href":"https:\/\/old.seven-elephants.com\/cz\/wp-json\/wp\/v2\/users\/1"}],"replies":[{"embeddable":true,"href":"https:\/\/old.seven-elephants.com\/cz\/wp-json\/wp\/v2\/comments?post=446"}],"version-history":[{"count":33,"href":"https:\/\/old.seven-elephants.com\/cz\/wp-json\/wp\/v2\/pages\/446\/revisions"}],"predecessor-version":[{"id":10020,"href":"https:\/\/old.seven-elephants.com\/cz\/wp-json\/wp\/v2\/pages\/446\/revisions\/10020"}],"wp:attachment":[{"href":"https:\/\/old.seven-elephants.com\/cz\/wp-json\/wp\/v2\/media?parent=446"}],"curies":[{"name":"wp","href":"https:\/\/api.w.org\/{rel}","templated":true}]}}