{"id":441,"date":"2020-10-22T07:48:17","date_gmt":"2020-10-22T04:48:17","guid":{"rendered":"http:\/\/next.prosperitylife.org\/?page_id=441"},"modified":"2025-06-03T08:20:23","modified_gmt":"2025-06-03T05:20:23","slug":"about","status":"publish","type":"page","link":"https:\/\/old.seven-elephants.com\/cz\/about\/","title":{"rendered":"O n\u00e1s"},"content":{"rendered":"<p>Ji\u017e v roce 2006 byla zalo\u017eena skupina spole\u010dnost\u00ed <strong>S.I.I.B. Professional Group Ltd<\/strong>. Pozd\u011bji to zahrnovalo poradenskou spole\u010dnost <strong>Seven Elephants Investment Ltd<\/strong>, stejn\u011b jako developer <strong>Tumar Construction Ltd<\/strong>.<\/p>\n<p>Na\u0161\u00edm posl\u00e1n\u00edm je d\u00e1t lidem v\u00edce, ne\u017e o\u010dek\u00e1vaj\u00ed. V\u017edy v\u00e1m budeme u\u017eite\u010dn\u00ed ve zcela jin\u00fdch oblastech. Na\u0161i migranti dost\u00e1vaj\u00ed \u00fapln\u00e9 a komplexn\u00ed informace o v\u0161ech aspektech \u017eivota a podnik\u00e1n\u00ed na Severn\u00edm Kypru, konzultace jak\u00e9hokoli druhu a dokonce i bezplatnou adapta\u010dn\u00ed podporu.<\/p>\n<p>Pro investory do zahrani\u010dn\u00edch nemovitost\u00ed jsme vytvo\u0159ili komer\u010dn\u00ed podnik, kter\u00fd pom\u00e1h\u00e1 lidem identifikovat tak d\u016fle\u017eitou \u010d\u00e1st, jako je v\u00fdb\u011br nemovitost\u00ed k investov\u00e1n\u00ed, organizace v\u00fdstavby na objedn\u00e1vku investor\u016f, organizace n\u00e1kupu stavebn\u00edch objekt\u016f, d\u016fv\u011bryhodn\u00e9 spr\u00e1vy nemovitost\u00ed na\u0161ich klient\u016f.<\/p>\n<p>Na\u0161i top mana\u017ee\u0159i maj\u00ed 30 let obchodn\u00edch zku\u0161enost\u00ed a na\u0161i konzultanti jsou kreativn\u00ed myslitel\u00e9. Usp\u011bli jsme v obchodn\u00ed, soci\u00e1ln\u00ed a charitativn\u00ed pr\u00e1ci. V\u017edy se sna\u017e\u00edme d\u00e1t v\u00edce, ne\u017e od n\u00e1s na\u0161i klienti o\u010dek\u00e1vaj\u00ed.<\/p>\n<p>Dovolte mi p\u0159edstavit <strong>Seven Elephants Investment Ltd.<\/strong> \u2014 \u00fasp\u011b\u0161n\u00e1 spole\u010dnost p\u016fsob\u00edc\u00ed na trhu poradenstv\u00ed v ot\u00e1zk\u00e1ch emigrace a investic do nemovitost\u00ed na severn\u00edm Kypru.<\/p>\n<h3>Za posledn\u00edch 12 let jsme prodali p\u0159es 1700 nemovitost\u00ed,<br \/>\nco\u017e stav\u00ed spole\u010dnost na vedouc\u00ed pozici na severokypersk\u00e9m realitn\u00edm trhu.<\/h3>\n<p>Pokud chcete emigrovat na Severn\u00ed Kypr, u\u0161et\u0159it a nav\u00fd\u0161it sv\u00e9 pen\u00edze a t\u0159eba pravideln\u011b a ekonomicky odpo\u010d\u00edvat, pak byste se m\u011bli rozhodnout pro tak d\u016fle\u017eitou \u010d\u00e1st, jako je nemovitost. <strong>Seven Elephants Investment Ltd.<\/strong> &#8211; spolehliv\u00fd partner, pr\u016fvodce, r\u00e1dce a p\u0159\u00edtel. R\u00e1di v\u00e1s uvid\u00edme jako na\u0161e klienty a ud\u011bl\u00e1me v\u0161e pro to, aby n\u00e1kup nemovitosti na Severn\u00edm Kypru byl t\u00edm nejlep\u0161\u00edm okam\u017eikem ve va\u0161em \u017eivot\u011b!<\/p>\n<p>Spole\u010dnost <strong>Seven Elephants Inv.<\/strong>\u00a0poskytuje \u0161irokou \u0161k\u00e1lu slu\u017eeb, kter\u00e9 si m\u016f\u017eete prohl\u00e9dnout v sekci &#8220;<a href=\"\/cz\/services\">Na\u0161e slu\u017eby<\/a>&#8220;<\/p>\n<p>Douf\u00e1me, \u017ee z\u00edsk\u00e1te nejen praktick\u00fd u\u017eitek, ale tak\u00e9 si pr\u00e1ci s n\u00e1mi u\u017eijete!<\/p>\n","protected":false},"excerpt":{"rendered":"<p>Ji\u017e v roce 2006 byla zalo\u017eena skupina spole\u010dnost\u00ed S.I.I.B. Professional Group Ltd. Pozd\u011bji to zahrnovalo poradenskou spole\u010dnost Seven Elephants Investment Ltd, stejn\u011b jako developer Tumar Construction Ltd. Na\u0161\u00edm posl\u00e1n\u00edm je d\u00e1t lidem v\u00edce, ne\u017e o\u010dek\u00e1vaj\u00ed. V\u017edy v\u00e1m budeme u\u017eite\u010dn\u00ed ve zcela jin\u00fdch oblastech. Na\u0161i migranti dost\u00e1vaj\u00ed \u00fapln\u00e9 a komplexn\u00ed informace o v\u0161ech aspektech \u017eivota a podnik\u00e1n\u00ed na Severn\u00edm Kypru, konzultace jak\u00e9hokoli druhu a dokonce &#8230;<\/p>\n","protected":false},"author":1,"featured_media":0,"parent":0,"menu_order":0,"comment_status":"closed","ping_status":"closed","template":"","meta":{"_acf_changed":false,"footnotes":""},"class_list":["post-441","page","type-page","status-publish","hentry"],"translation":{"provider":"WPGlobus","version":"3.0.2","language":"cz","enabled_languages":["en","cz","fr","ru","tr"],"languages":{"en":{"title":true,"content":true,"excerpt":false},"cz":{"title":true,"content":true,"excerpt":false},"fr":{"title":true,"content":true,"excerpt":false},"ru":{"title":true,"content":true,"excerpt":false},"tr":{"title":true,"content":true,"excerpt":false}}},"acf":[],"_links":{"self":[{"href":"https:\/\/old.seven-elephants.com\/cz\/wp-json\/wp\/v2\/pages\/441","targetHints":{"allow":["GET"]}}],"collection":[{"href":"https:\/\/old.seven-elephants.com\/cz\/wp-json\/wp\/v2\/pages"}],"about":[{"href":"https:\/\/old.seven-elephants.com\/cz\/wp-json\/wp\/v2\/types\/page"}],"author":[{"embeddable":true,"href":"https:\/\/old.seven-elephants.com\/cz\/wp-json\/wp\/v2\/users\/1"}],"replies":[{"embeddable":true,"href":"https:\/\/old.seven-elephants.com\/cz\/wp-json\/wp\/v2\/comments?post=441"}],"version-history":[{"count":123,"href":"https:\/\/old.seven-elephants.com\/cz\/wp-json\/wp\/v2\/pages\/441\/revisions"}],"predecessor-version":[{"id":10019,"href":"https:\/\/old.seven-elephants.com\/cz\/wp-json\/wp\/v2\/pages\/441\/revisions\/10019"}],"wp:attachment":[{"href":"https:\/\/old.seven-elephants.com\/cz\/wp-json\/wp\/v2\/media?parent=441"}],"curies":[{"name":"wp","href":"https:\/\/api.w.org\/{rel}","templated":true}]}}