{"id":2,"date":"2020-10-07T08:07:21","date_gmt":"2020-10-07T05:07:21","guid":{"rendered":"http:\/\/next.prosperitylife.org\/?page_id=2"},"modified":"2025-02-01T08:39:23","modified_gmt":"2025-02-01T05:39:23","slug":"homepage","status":"publish","type":"page","link":"https:\/\/old.seven-elephants.com\/cz\/","title":{"rendered":"\u00davod"},"content":{"rendered":"<h2>SEVEN ELEPHANTS INVESTMENT<\/h2>\n<h4>Nejlep\u0161\u00ed poradenstv\u00ed na Severn\u00edm Kypru!<\/h4>\n<h2>Jsme r\u00e1di, \u017ee v\u00e1s m\u016f\u017eeme p\u0159iv\u00edtat na na\u0161ich str\u00e1nk\u00e1ch.<\/h2>\n<p>Po\u0159\u00e1d\u00e1me ide\u00e1ln\u00ed m\u00edsto pro \u017eivot a investov\u00e1n\u00ed na Severn\u00edm Kypru!<\/p>\n<p>Kontaktov\u00e1n\u00edm n\u00e1s z\u00edsk\u00e1te komplexn\u00ed informace o koupi byt\u016f v\u010detn\u011b aktu\u00e1ln\u00edch cen dom\u016f. Na\u0161e spole\u010dnost je p\u0159ipravena v\u00e1s podpo\u0159it v ka\u017ed\u00e9 f\u00e1zi, po\u010d\u00ednaje pr\u00e1vn\u00edmi komplikacemi p\u0159i n\u00e1kupu nemovitosti a kon\u010de uspo\u0159\u00e1d\u00e1n\u00edm va\u0161eho domova.<\/p>\n<p>Zku\u0161en\u00ed odborn\u00edci v\u00e1m pomohou vybrat to nejlep\u0161\u00ed ubytov\u00e1n\u00ed podle va\u0161ich pot\u0159eb a rozpo\u010dtu a poskytnou v\u00e1m v\u0161e, co pot\u0159ebujete v\u011bd\u011bt o dan\u00e9 zemi, v\u010detn\u011b pravidel a p\u0159edpis\u016f t\u00fdkaj\u00edc\u00edch se \u017eivota.<\/p>\n<p>Nab\u00edz\u00edme komplexn\u00ed slu\u017eby:<\/p>\n<ul>\n<li style=\"font-weight: 400;\" aria-level=\"1\">Vyhled\u00e1v\u00e1n\u00ed a v\u00fdb\u011br nemovitost\u00ed na Severn\u00edm Kypru<\/li>\n<li style=\"font-weight: 400;\" aria-level=\"1\">Pr\u00e1vn\u00ed pomoc<\/li>\n<li style=\"font-weight: 400;\" aria-level=\"1\">Pomoc s emigrac\u00ed a adaptac\u00ed, z\u00edsk\u00e1n\u00ed povolen\u00ed k pobytu<\/li>\n<li style=\"font-weight: 400;\" aria-level=\"1\">Speci\u00e1ln\u00ed programy povolen\u00ed k pobytu pro d\u016fchodce<\/li>\n<\/ul>\n<p>Na\u0161e p\u0159idru\u017een\u00e9 organizace v\u00e1m kdykoli pomohou poskytnut\u00edm podpory.<\/p>\n<p>Kontaktujte n\u00e1s, abyste u\u0161et\u0159ili sv\u016fj drahocenn\u00fd \u010das a pen\u00edze. Seven Elephants je individu\u00e1ln\u00ed p\u0159\u00edstup, zodpov\u011bdn\u00fd p\u0159\u00edstup a zaru\u010den\u00e9 \u0159e\u0161en\u00ed jak\u00e9koli situace souvisej\u00edc\u00ed s po\u0159\u00edzen\u00edm metr\u016f \u010dtvere\u010dn\u00edch.<\/p>\n<p>Nev\u00e1hejte, kontaktujte n\u00e1s je\u0161t\u011b dnes a vydejte se na cestu na rajsk\u00fd ostrov! V na\u0161\u00ed rychl\u00e9 a drah\u00e9 dob\u011b v\u00e1m chceme pomoci u\u0161et\u0159it drahocenn\u00e9 minuty a hodiny t\u00edm, \u017ee budeme prov\u00e1d\u011bt p\u0159edb\u011b\u017en\u00e1 jedn\u00e1n\u00ed prost\u0159ednictv\u00edm e-mailu nebo Skype.<\/p>\n<p>P\u0159ejeme v\u00e1m \u00fasp\u011bch!<\/p>\n","protected":false},"excerpt":{"rendered":"<p>SEVEN ELEPHANTS INVESTMENT Nejlep\u0161\u00ed poradenstv\u00ed na Severn\u00edm Kypru! Jsme r\u00e1di, \u017ee v\u00e1s m\u016f\u017eeme p\u0159iv\u00edtat na na\u0161ich str\u00e1nk\u00e1ch. Po\u0159\u00e1d\u00e1me ide\u00e1ln\u00ed m\u00edsto pro \u017eivot a investov\u00e1n\u00ed na Severn\u00edm Kypru! Kontaktov\u00e1n\u00edm n\u00e1s z\u00edsk\u00e1te komplexn\u00ed informace o koupi byt\u016f v\u010detn\u011b aktu\u00e1ln\u00edch cen dom\u016f. Na\u0161e spole\u010dnost je p\u0159ipravena v\u00e1s podpo\u0159it v ka\u017ed\u00e9 f\u00e1zi, po\u010d\u00ednaje pr\u00e1vn\u00edmi komplikacemi p\u0159i n\u00e1kupu nemovitosti a kon\u010de uspo\u0159\u00e1d\u00e1n\u00edm va\u0161eho domova. Zku\u0161en\u00ed odborn\u00edci v\u00e1m pomohou vybrat &#8230;<\/p>\n","protected":false},"author":1,"featured_media":0,"parent":0,"menu_order":0,"comment_status":"closed","ping_status":"open","template":"","meta":{"_acf_changed":false,"footnotes":""},"class_list":["post-2","page","type-page","status-publish","hentry"],"translation":{"provider":"WPGlobus","version":"3.0.2","language":"cz","enabled_languages":["en","cz","fr","ru","tr"],"languages":{"en":{"title":true,"content":true,"excerpt":false},"cz":{"title":true,"content":true,"excerpt":false},"fr":{"title":true,"content":true,"excerpt":false},"ru":{"title":true,"content":true,"excerpt":false},"tr":{"title":true,"content":true,"excerpt":false}}},"acf":[],"_links":{"self":[{"href":"https:\/\/old.seven-elephants.com\/cz\/wp-json\/wp\/v2\/pages\/2","targetHints":{"allow":["GET"]}}],"collection":[{"href":"https:\/\/old.seven-elephants.com\/cz\/wp-json\/wp\/v2\/pages"}],"about":[{"href":"https:\/\/old.seven-elephants.com\/cz\/wp-json\/wp\/v2\/types\/page"}],"author":[{"embeddable":true,"href":"https:\/\/old.seven-elephants.com\/cz\/wp-json\/wp\/v2\/users\/1"}],"replies":[{"embeddable":true,"href":"https:\/\/old.seven-elephants.com\/cz\/wp-json\/wp\/v2\/comments?post=2"}],"version-history":[{"count":77,"href":"https:\/\/old.seven-elephants.com\/cz\/wp-json\/wp\/v2\/pages\/2\/revisions"}],"predecessor-version":[{"id":10018,"href":"https:\/\/old.seven-elephants.com\/cz\/wp-json\/wp\/v2\/pages\/2\/revisions\/10018"}],"wp:attachment":[{"href":"https:\/\/old.seven-elephants.com\/cz\/wp-json\/wp\/v2\/media?parent=2"}],"curies":[{"name":"wp","href":"https:\/\/api.w.org\/{rel}","templated":true}]}}